{"id":8448,"date":"2025-10-11T14:59:45","date_gmt":"2025-10-11T14:59:45","guid":{"rendered":"https:\/\/dolcejewellery.com\/?post_type=product&#038;p=8448"},"modified":"2026-04-09T13:48:27","modified_gmt":"2026-04-09T12:48:27","slug":"petal-grace-pendant-necklace","status":"publish","type":"product","link":"https:\/\/dolcejewellery.com\/fr\/produit\/petal-grace-pendant-necklace\/","title":{"rendered":"Collier pendentif Petal Grace"},"content":{"rendered":"<h1><strong>Description et d\u00e9tails<\/strong><\/h1>\n<p><strong>Dolce Jewellery, Collier pendentif Petal Grace.<\/strong><\/p>\n<p>Dolce Jewellery capture la beaut\u00e9 paisible de la nature avec le collier pendentif Petal Grace. Avec ses d\u00e9licats zircons taille marquise et sa forme florale minimaliste, ce bijou \u00e9voque s\u00e9r\u00e9nit\u00e9 et sophistication.<\/p>\n<p>Un murmure d&#039;\u00e9l\u00e9gance de la nature, Petal Grace est con\u00e7u pour reposer doucement sur la clavicule, captant la lumi\u00e8re et l&#039;admiration \u00e0 chaque mouvement.<\/p>\n<p><strong>Type de produit : <\/strong>Colliers<\/p>\n<p><strong>Nom du produit : <\/strong>Collier pendentif Petal Grace<\/p>\n<p><strong>Pierre: <\/strong>Zircon<\/p>\n<p><strong>Mat\u00e9riel: <\/strong>100% Argent sterling 925<\/p>\n<p><strong>Longueur: <\/strong>40,5 cm (15,7 pouces), la longueur de la cha\u00eene peut \u00eatre allong\u00e9e d&#039;environ 4 cm (1,5 pouces)<\/p>\n<p><strong>Article: <span style=\"font-weight: 400;\">BKXL171 <\/span><\/strong><\/p>\n<p><img loading=\"lazy\" decoding=\"async\" class=\"alignnone wp-image-8454 size-full\" src=\"https:\/\/dolcejewellery.com\/wp-content\/uploads\/2025\/10\/3294D129@3F2FF623.600FC96800000000212.png\" alt=\"\" width=\"800\" height=\"800\" srcset=\"https:\/\/dolcejewellery.com\/wp-content\/uploads\/2025\/10\/3294D129@3F2FF623.600FC96800000000212.png 800w, https:\/\/dolcejewellery.com\/wp-content\/uploads\/2025\/10\/3294D129@3F2FF623.600FC96800000000212-300x300.png 300w, https:\/\/dolcejewellery.com\/wp-content\/uploads\/2025\/10\/3294D129@3F2FF623.600FC96800000000212-150x150.png 150w, https:\/\/dolcejewellery.com\/wp-content\/uploads\/2025\/10\/3294D129@3F2FF623.600FC96800000000212-768x768.png 768w, https:\/\/dolcejewellery.com\/wp-content\/uploads\/2025\/10\/3294D129@3F2FF623.600FC96800000000212-12x12.png 12w, https:\/\/dolcejewellery.com\/wp-content\/uploads\/2025\/10\/3294D129@3F2FF623.600FC96800000000212-600x600.png 600w, https:\/\/dolcejewellery.com\/wp-content\/uploads\/2025\/10\/3294D129@3F2FF623.600FC96800000000212-100x100.png 100w\" sizes=\"auto, (max-width: 800px) 100vw, 800px\" \/><\/p>","protected":false},"excerpt":{"rendered":"<p>Description &amp; Details Dolce Jewellery, Petal Grace Pendant Necklace. Dolce Jewellery captures the quiet beauty of nature in the Petal Grace Pendant Necklace. With its delicate marquise-cut zircon stones and minimalist floral form, this piece evokes serenity and sophistication. A whisper of nature\u2019s elegance, Petal Grace is designed to rest gently at the collarbone, catching [&#8230;]\n","protected":false},"featured_media":8453,"comment_status":"open","ping_status":"closed","template":"","meta":[],"product_brand":[],"product_cat":[36],"product_tag":[],"class_list":{"0":"post-8448","1":"product","2":"type-product","3":"status-publish","4":"has-post-thumbnail","6":"product_cat-necklaces","8":"first","9":"instock","10":"shipping-taxable","11":"purchasable","12":"product-type-variable"},"_links":{"self":[{"href":"https:\/\/dolcejewellery.com\/fr\/wp-json\/wp\/v2\/product\/8448","targetHints":{"allow":["GET"]}}],"collection":[{"href":"https:\/\/dolcejewellery.com\/fr\/wp-json\/wp\/v2\/product"}],"about":[{"href":"https:\/\/dolcejewellery.com\/fr\/wp-json\/wp\/v2\/types\/product"}],"replies":[{"embeddable":true,"href":"https:\/\/dolcejewellery.com\/fr\/wp-json\/wp\/v2\/comments?post=8448"}],"wp:featuredmedia":[{"embeddable":true,"href":"https:\/\/dolcejewellery.com\/fr\/wp-json\/wp\/v2\/media\/8453"}],"wp:attachment":[{"href":"https:\/\/dolcejewellery.com\/fr\/wp-json\/wp\/v2\/media?parent=8448"}],"wp:term":[{"taxonomy":"product_brand","embeddable":true,"href":"https:\/\/dolcejewellery.com\/fr\/wp-json\/wp\/v2\/product_brand?post=8448"},{"taxonomy":"product_cat","embeddable":true,"href":"https:\/\/dolcejewellery.com\/fr\/wp-json\/wp\/v2\/product_cat?post=8448"},{"taxonomy":"product_tag","embeddable":true,"href":"https:\/\/dolcejewellery.com\/fr\/wp-json\/wp\/v2\/product_tag?post=8448"}],"curies":[{"name":"wp","href":"https:\/\/api.w.org\/{rel}","templated":true}]}}