{"id":8437,"date":"2025-10-11T09:14:22","date_gmt":"2025-10-11T09:14:22","guid":{"rendered":"https:\/\/dolcejewellery.com\/?post_type=product&#038;p=8437"},"modified":"2025-10-28T08:49:52","modified_gmt":"2025-10-28T08:49:52","slug":"ocean-whisper-tail-necklace","status":"publish","type":"product","link":"https:\/\/dolcejewellery.com\/fr\/produit\/ocean-whisper-tail-necklace\/","title":{"rendered":"Collier Ocean Whisper Tail"},"content":{"rendered":"<h1><strong>Description et d\u00e9tails<\/strong><\/h1>\n<p><strong>Dolce Jewellery, Collier queue de murmure oc\u00e9anique.<\/strong><\/p>\n<p>Dolce Jewellery incarne la s\u00e9r\u00e9nit\u00e9 de la mer avec le collier Ocean Whisper Tail. Ce pendentif d&#039;inspiration marine capture le mouvement et le myst\u00e8re des vagues, m\u00ealant symbolisme et \u00e9clat.<\/p>\n<p>Un hommage \u00e0 la libert\u00e9, \u00e0 la profondeur et \u00e0 la beaut\u00e9 naturelle : Ocean Whisper est con\u00e7u pour s&#039;adapter \u00e0 votre esprit.<\/p>\n<p><strong>Type de produit : <\/strong>Colliers<\/p>\n<p><strong>Nom du produit : <\/strong>Collier Ocean Whisper Tail<\/p>\n<p><strong>Pierre: <\/strong>Zircon<\/p>\n<p><strong>Mat\u00e9riel: <\/strong>100% Argent sterling 925<\/p>\n<p><strong>Longueur: <\/strong>44 cm (17 pouces), la longueur de la cha\u00eene peut \u00eatre allong\u00e9e d&#039;environ 4,5 cm (1,5 pouces)<\/p>\n<p><strong>Article: <span style=\"font-weight: 400;\">BKXL028 <\/span><\/strong><\/p>\n<p><img loading=\"lazy\" decoding=\"async\" class=\"alignnone wp-image-8444 size-full\" src=\"https:\/\/dolcejewellery.com\/wp-content\/uploads\/2025\/10\/42F6053D@34D51C76.AB0EC9680000000011.png\" alt=\"\" width=\"800\" height=\"800\" srcset=\"https:\/\/dolcejewellery.com\/wp-content\/uploads\/2025\/10\/42F6053D@34D51C76.AB0EC9680000000011.png 800w, https:\/\/dolcejewellery.com\/wp-content\/uploads\/2025\/10\/42F6053D@34D51C76.AB0EC9680000000011-300x300.png 300w, https:\/\/dolcejewellery.com\/wp-content\/uploads\/2025\/10\/42F6053D@34D51C76.AB0EC9680000000011-150x150.png 150w, https:\/\/dolcejewellery.com\/wp-content\/uploads\/2025\/10\/42F6053D@34D51C76.AB0EC9680000000011-768x768.png 768w, https:\/\/dolcejewellery.com\/wp-content\/uploads\/2025\/10\/42F6053D@34D51C76.AB0EC9680000000011-12x12.png 12w, https:\/\/dolcejewellery.com\/wp-content\/uploads\/2025\/10\/42F6053D@34D51C76.AB0EC9680000000011-600x600.png 600w, https:\/\/dolcejewellery.com\/wp-content\/uploads\/2025\/10\/42F6053D@34D51C76.AB0EC9680000000011-100x100.png 100w\" sizes=\"auto, (max-width: 800px) 100vw, 800px\" \/><\/p>","protected":false},"excerpt":{"rendered":"<p>Description &amp; Details Dolce Jewellery, Ocean Whisper Tail Necklace. Dolce Jewellery channels the serenity of the sea with the Ocean Whisper Tail Necklace. This marine-inspired pendant captures the motion and mystery of ocean waves, blending symbolism with sparkle. A tribute to freedom, depth, and natural beauty\u2014Ocean Whisper is designed to flow with your spirit. Product [&#8230;]\n","protected":false},"featured_media":8442,"comment_status":"open","ping_status":"closed","template":"","meta":[],"product_brand":[],"product_cat":[36],"product_tag":[],"class_list":{"0":"post-8437","1":"product","2":"type-product","3":"status-publish","4":"has-post-thumbnail","6":"product_cat-necklaces","8":"first","9":"instock","10":"shipping-taxable","11":"purchasable","12":"product-type-variable"},"_links":{"self":[{"href":"https:\/\/dolcejewellery.com\/fr\/wp-json\/wp\/v2\/product\/8437","targetHints":{"allow":["GET"]}}],"collection":[{"href":"https:\/\/dolcejewellery.com\/fr\/wp-json\/wp\/v2\/product"}],"about":[{"href":"https:\/\/dolcejewellery.com\/fr\/wp-json\/wp\/v2\/types\/product"}],"replies":[{"embeddable":true,"href":"https:\/\/dolcejewellery.com\/fr\/wp-json\/wp\/v2\/comments?post=8437"}],"wp:featuredmedia":[{"embeddable":true,"href":"https:\/\/dolcejewellery.com\/fr\/wp-json\/wp\/v2\/media\/8442"}],"wp:attachment":[{"href":"https:\/\/dolcejewellery.com\/fr\/wp-json\/wp\/v2\/media?parent=8437"}],"wp:term":[{"taxonomy":"product_brand","embeddable":true,"href":"https:\/\/dolcejewellery.com\/fr\/wp-json\/wp\/v2\/product_brand?post=8437"},{"taxonomy":"product_cat","embeddable":true,"href":"https:\/\/dolcejewellery.com\/fr\/wp-json\/wp\/v2\/product_cat?post=8437"},{"taxonomy":"product_tag","embeddable":true,"href":"https:\/\/dolcejewellery.com\/fr\/wp-json\/wp\/v2\/product_tag?post=8437"}],"curies":[{"name":"wp","href":"https:\/\/api.w.org\/{rel}","templated":true}]}}