{"id":8418,"date":"2025-10-10T15:35:07","date_gmt":"2025-10-10T15:35:07","guid":{"rendered":"https:\/\/dolcejewellery.com\/?post_type=product&#038;p=8418"},"modified":"2026-04-05T15:15:42","modified_gmt":"2026-04-05T14:15:42","slug":"blossom-radiance-stud-earrings","status":"publish","type":"product","link":"https:\/\/dolcejewellery.com\/fr\/produit\/blossom-radiance-stud-earrings\/","title":{"rendered":"Boucles d&#039;oreilles \u00e0 tige Blossom Radiance"},"content":{"rendered":"<h1><strong>Description et d\u00e9tails<\/strong><\/h1>\n<p><strong>Dolce Jewellery, Boucles d&#039;oreilles \u00e0 tige Blossom Radiance.<\/strong><\/p>\n<p>Dolce Jewellery donne vie \u00e0 l&#039;\u00e9l\u00e9gance de la nature avec les boucles d&#039;oreilles Blossom Radiance. Chaque fleur est d\u00e9licatement travaill\u00e9e pour scintiller avec gr\u00e2ce, ce qui en fait la touche parfaite pour toute tenue raffin\u00e9e.<\/p>\n<p>Une fleur intemporelle : Blossom Radiance est con\u00e7u pour fleurir \u00e0 chaque tour de t\u00eate.<\/p>\n<p><strong>Type de produit :<\/strong> Boucles d&#039;oreilles \u00e0 tige<\/p>\n<p><strong>Nom du produit : <\/strong>Boucles d&#039;oreilles \u00e0 tige Blossom Radiance<\/p>\n<p><strong>Mat\u00e9riel:\u00a0<\/strong>100% Argent sterling 925<\/p>\n<p><strong>Poids: <\/strong>1,2 g<\/p>\n<p><strong>Article: <span style=\"font-weight: 400;\">BKEJ097 <\/span><\/strong><\/p>\n<p><img loading=\"lazy\" decoding=\"async\" class=\"alignnone wp-image-8426 size-full\" src=\"https:\/\/dolcejewellery.com\/wp-content\/uploads\/2025\/10\/03D8BF04@CAA8094B.F40CC96800000000001-1.png\" alt=\"\" width=\"800\" height=\"800\" srcset=\"https:\/\/dolcejewellery.com\/wp-content\/uploads\/2025\/10\/03D8BF04@CAA8094B.F40CC96800000000001-1.png 800w, https:\/\/dolcejewellery.com\/wp-content\/uploads\/2025\/10\/03D8BF04@CAA8094B.F40CC96800000000001-1-300x300.png 300w, https:\/\/dolcejewellery.com\/wp-content\/uploads\/2025\/10\/03D8BF04@CAA8094B.F40CC96800000000001-1-150x150.png 150w, https:\/\/dolcejewellery.com\/wp-content\/uploads\/2025\/10\/03D8BF04@CAA8094B.F40CC96800000000001-1-768x768.png 768w, https:\/\/dolcejewellery.com\/wp-content\/uploads\/2025\/10\/03D8BF04@CAA8094B.F40CC96800000000001-1-12x12.png 12w, https:\/\/dolcejewellery.com\/wp-content\/uploads\/2025\/10\/03D8BF04@CAA8094B.F40CC96800000000001-1-600x600.png 600w, https:\/\/dolcejewellery.com\/wp-content\/uploads\/2025\/10\/03D8BF04@CAA8094B.F40CC96800000000001-1-100x100.png 100w\" sizes=\"auto, (max-width: 800px) 100vw, 800px\" \/><\/p>\n<p><b>Bijoux de qualit\u00e9 sup\u00e9rieure, au savoir-faire exceptionnel.<\/b><\/p>\n<p><span style=\"font-weight: 400;\">Fabriqu\u00e9s en <\/span><b>argent sterling 925 authentique<\/b><span style=\"font-weight: 400;\">.<\/span><span style=\"font-weight: 400;\"><br \/>\n<\/span><span style=\"font-weight: 400;\"> Les mod\u00e8les dor\u00e9s sont en <\/span><b>argent sterling 925 plaqu\u00e9 or 18 carats<\/b><span style=\"font-weight: 400;\">.<\/span><\/p>\n<p><b>Garantie de qualit\u00e9 :<\/b><span style=\"font-weight: 400;\"> si vous n&#039;\u00eates pas enti\u00e8rement satisfait(e), vous pouvez retourner votre commande sous <\/span><b>3 jours<\/b><span style=\"font-weight: 400;\">.<\/span><\/p>\n<p><b>Exp\u00e9dition depuis l&#039;\u00e9tranger<\/b><\/p>\n<ul>\n<li style=\"font-weight: 400;\" aria-level=\"1\"><b>D\u00e9lai de livraison :<\/b><span style=\"font-weight: 400;\"> 15 \u00e0 20 jours (transport international et d\u00e9douanement).<\/span><\/li>\n<li style=\"font-weight: 400;\" aria-level=\"1\"><span style=\"font-weight: 400;\">Le d\u00e9douanement peut occasionner de l\u00e9gers retards ind\u00e9pendants de notre volont\u00e9.<\/span><\/li>\n<li style=\"font-weight: 400;\" aria-level=\"1\"><span style=\"font-weight: 400;\">Livraison au <\/span><b>bureau EMS le plus proche de chez vous<\/b><span style=\"font-weight: 400;\"> (pas de livraison \u00e0 domicile).<\/span><\/li>\n<\/ul>\n<p><span style=\"font-weight: 400;\">Apr\u00e8s l&#039;exp\u00e9dition, vous recevrez un <\/span><b>num\u00e9ro de suivi<\/b><span style=\"font-weight: 400;\">, vous permettant de suivre votre colis \u00e0 chaque \u00e9tape : exp\u00e9dition, arriv\u00e9e en Alg\u00e9rie et disponibilit\u00e9 au bureau EMS.<\/span><\/p>\n<p><b>Service client disponible avant et apr\u00e8s votre achat<\/b><span style=\"font-weight: 400;\"> pour r\u00e9pondre \u00e0 toutes vos questions.<\/span><\/p>","protected":false},"excerpt":{"rendered":"<p>Description &amp; Details Dolce Jewellery, Blossom Radiance Stud Earrings. Dolce Jewellery brings nature\u2019s elegance to life with the Blossom Radiance Stud Earrings. Each bloom is delicately crafted to sparkle with grace, making it a perfect accent for any refined ensemble. A timeless floral flourish\u2014Blossom Radiance is designed to bloom with every turn of your head. [&#8230;]\n","protected":false},"featured_media":8419,"comment_status":"open","ping_status":"closed","template":"","meta":[],"product_brand":[],"product_cat":[34,38],"product_tag":[],"class_list":{"0":"post-8418","1":"product","2":"type-product","3":"status-publish","4":"has-post-thumbnail","6":"product_cat-earrings","7":"product_cat-stud-earrings","9":"first","10":"instock","11":"shipping-taxable","12":"purchasable","13":"product-type-variable"},"_links":{"self":[{"href":"https:\/\/dolcejewellery.com\/fr\/wp-json\/wp\/v2\/product\/8418","targetHints":{"allow":["GET"]}}],"collection":[{"href":"https:\/\/dolcejewellery.com\/fr\/wp-json\/wp\/v2\/product"}],"about":[{"href":"https:\/\/dolcejewellery.com\/fr\/wp-json\/wp\/v2\/types\/product"}],"replies":[{"embeddable":true,"href":"https:\/\/dolcejewellery.com\/fr\/wp-json\/wp\/v2\/comments?post=8418"}],"wp:featuredmedia":[{"embeddable":true,"href":"https:\/\/dolcejewellery.com\/fr\/wp-json\/wp\/v2\/media\/8419"}],"wp:attachment":[{"href":"https:\/\/dolcejewellery.com\/fr\/wp-json\/wp\/v2\/media?parent=8418"}],"wp:term":[{"taxonomy":"product_brand","embeddable":true,"href":"https:\/\/dolcejewellery.com\/fr\/wp-json\/wp\/v2\/product_brand?post=8418"},{"taxonomy":"product_cat","embeddable":true,"href":"https:\/\/dolcejewellery.com\/fr\/wp-json\/wp\/v2\/product_cat?post=8418"},{"taxonomy":"product_tag","embeddable":true,"href":"https:\/\/dolcejewellery.com\/fr\/wp-json\/wp\/v2\/product_tag?post=8418"}],"curies":[{"name":"wp","href":"https:\/\/api.w.org\/{rel}","templated":true}]}}