{"id":8405,"date":"2025-10-10T13:56:38","date_gmt":"2025-10-10T13:56:38","guid":{"rendered":"https:\/\/dolcejewellery.com\/?post_type=product&#038;p=8405"},"modified":"2025-10-28T08:57:59","modified_gmt":"2025-10-28T08:57:59","slug":"golden-knot-harmony-studs","status":"publish","type":"product","link":"https:\/\/dolcejewellery.com\/fr\/produit\/golden-knot-harmony-studs\/","title":{"rendered":"Clous d&#039;oreilles Knot Harmony"},"content":{"rendered":"<h1><strong>Description et d\u00e9tails<\/strong><\/h1>\n<p><strong>Dolce Jewellery, Clous d&#039;oreilles Knot Harmony.<\/strong><\/p>\n<p>Dolce Jewellery c\u00e9l\u00e8bre l&#039;art de la simplicit\u00e9 avec les puces d&#039;oreilles Knot Harmony. Ces boucles d&#039;oreilles incarnent l&#039;unit\u00e9 et la gr\u00e2ce gr\u00e2ce \u00e0 leur design entrelac\u00e9, offrant une allure subtile et saisissante.<\/p>\n<p>Un clin d&#039;\u0153il discret au design intemporel, les clous d&#039;oreilles Knot Harmony sont con\u00e7us pour apporter un raffinement sans effort \u00e0 chaque instant.<\/p>\n<p><strong>Type de produit : <\/strong>Boucles d&#039;oreilles \u00e0 tige<\/p>\n<p><strong>Nom du produit : <\/strong>Clous d&#039;oreilles Knot Harmony<\/p>\n<p><strong>Mat\u00e9riel:\u00a0<\/strong>100% Argent sterling 925<\/p>\n<p><strong>Poids: <\/strong>1,2 g<\/p>\n<p><strong>Article: <span style=\"font-weight: 400;\">BKEJ107 <\/span><\/strong><\/p>\n<p><img loading=\"lazy\" decoding=\"async\" class=\"alignnone wp-image-8410 size-full\" src=\"https:\/\/dolcejewellery.com\/wp-content\/uploads\/2025\/10\/5DCD1165@041A141A.6F0CC9680000000000.png\" alt=\"\" width=\"800\" height=\"800\" srcset=\"https:\/\/dolcejewellery.com\/wp-content\/uploads\/2025\/10\/5DCD1165@041A141A.6F0CC9680000000000.png 800w, https:\/\/dolcejewellery.com\/wp-content\/uploads\/2025\/10\/5DCD1165@041A141A.6F0CC9680000000000-300x300.png 300w, https:\/\/dolcejewellery.com\/wp-content\/uploads\/2025\/10\/5DCD1165@041A141A.6F0CC9680000000000-150x150.png 150w, https:\/\/dolcejewellery.com\/wp-content\/uploads\/2025\/10\/5DCD1165@041A141A.6F0CC9680000000000-768x768.png 768w, https:\/\/dolcejewellery.com\/wp-content\/uploads\/2025\/10\/5DCD1165@041A141A.6F0CC9680000000000-12x12.png 12w, https:\/\/dolcejewellery.com\/wp-content\/uploads\/2025\/10\/5DCD1165@041A141A.6F0CC9680000000000-600x600.png 600w, https:\/\/dolcejewellery.com\/wp-content\/uploads\/2025\/10\/5DCD1165@041A141A.6F0CC9680000000000-100x100.png 100w\" sizes=\"auto, (max-width: 800px) 100vw, 800px\" \/><\/p>","protected":false},"excerpt":{"rendered":"<p>Description &amp; Details Dolce Jewellery, Knot Harmony Studs. Dolce Jewellery celebrates the art of simplicity with the Knot Harmony Studs. These earrings embody unity and grace through their interwoven design, offering a subtle yet striking statement. A quiet nod to timeless design, the Knot Harmony Studs are crafted to bring effortless refinement to every moment. [&#8230;]\n","protected":false},"featured_media":8409,"comment_status":"open","ping_status":"closed","template":"","meta":[],"product_brand":[],"product_cat":[34,38],"product_tag":[],"class_list":{"0":"post-8405","1":"product","2":"type-product","3":"status-publish","4":"has-post-thumbnail","6":"product_cat-earrings","7":"product_cat-stud-earrings","9":"first","10":"instock","11":"shipping-taxable","12":"purchasable","13":"product-type-variable"},"_links":{"self":[{"href":"https:\/\/dolcejewellery.com\/fr\/wp-json\/wp\/v2\/product\/8405","targetHints":{"allow":["GET"]}}],"collection":[{"href":"https:\/\/dolcejewellery.com\/fr\/wp-json\/wp\/v2\/product"}],"about":[{"href":"https:\/\/dolcejewellery.com\/fr\/wp-json\/wp\/v2\/types\/product"}],"replies":[{"embeddable":true,"href":"https:\/\/dolcejewellery.com\/fr\/wp-json\/wp\/v2\/comments?post=8405"}],"wp:featuredmedia":[{"embeddable":true,"href":"https:\/\/dolcejewellery.com\/fr\/wp-json\/wp\/v2\/media\/8409"}],"wp:attachment":[{"href":"https:\/\/dolcejewellery.com\/fr\/wp-json\/wp\/v2\/media?parent=8405"}],"wp:term":[{"taxonomy":"product_brand","embeddable":true,"href":"https:\/\/dolcejewellery.com\/fr\/wp-json\/wp\/v2\/product_brand?post=8405"},{"taxonomy":"product_cat","embeddable":true,"href":"https:\/\/dolcejewellery.com\/fr\/wp-json\/wp\/v2\/product_cat?post=8405"},{"taxonomy":"product_tag","embeddable":true,"href":"https:\/\/dolcejewellery.com\/fr\/wp-json\/wp\/v2\/product_tag?post=8405"}],"curies":[{"name":"wp","href":"https:\/\/api.w.org\/{rel}","templated":true}]}}