{"id":8392,"date":"2025-10-09T11:23:46","date_gmt":"2025-10-09T11:23:46","guid":{"rendered":"https:\/\/dolcejewellery.com\/?post_type=product&#038;p=8392"},"modified":"2025-10-28T09:03:45","modified_gmt":"2025-10-28T09:03:45","slug":"sweet-five-petal-stud-earrings","status":"publish","type":"product","link":"https:\/\/dolcejewellery.com\/fr\/produit\/sweet-five-petal-stud-earrings\/","title":{"rendered":"Boucles d&#039;oreilles \u00e0 tige Celestial Bloom"},"content":{"rendered":"<h1><strong>Description et d\u00e9tails<\/strong><\/h1>\n<p><strong>Dolce Jewellery, Boucles d&#039;oreilles \u00e0 tige Celestial Bloom.<\/strong><\/p>\n<p>Dolce Jewellery d\u00e9voile une fusion radieuse de charme cosmique et de gr\u00e2ce florale avec les boucles d&#039;oreilles Celestial Bloom. Con\u00e7ues pour scintiller comme de la poussi\u00e8re d&#039;\u00e9toile, ces boucles d&#039;oreilles apportent une touche d&#039;\u00e9clat \u00e0 chaque instant.<\/p>\n<p>Une c\u00e9l\u00e9bration de la lumi\u00e8re, de la sym\u00e9trie et du glamour intemporel : Celestial Bloom est l&#039;endroit o\u00f9 les \u00e9toiles rencontrent le jardin.<\/p>\n<p><strong>Type de produit :<\/strong> Boucles d&#039;oreilles \u00e0 tige<\/p>\n<p><strong>Nom du produit : <\/strong>Boucles d&#039;oreilles \u00e0 tige Celestial Bloom<\/p>\n<p><strong>Mat\u00e9riel:\u00a0<\/strong>100% Argent sterling 925<\/p>\n<p><strong>Poids: <\/strong>1,2 g<\/p>\n<p><strong>Article: <span style=\"font-weight: 400;\">BKEJ108 <\/span><\/strong><\/p>\n<p><img loading=\"lazy\" decoding=\"async\" class=\"alignnone wp-image-8400 size-full\" src=\"https:\/\/dolcejewellery.com\/wp-content\/uploads\/2025\/10\/CE99622E@60877059.750BC9680000000011.png\" alt=\"\" width=\"800\" height=\"800\" srcset=\"https:\/\/dolcejewellery.com\/wp-content\/uploads\/2025\/10\/CE99622E@60877059.750BC9680000000011.png 800w, https:\/\/dolcejewellery.com\/wp-content\/uploads\/2025\/10\/CE99622E@60877059.750BC9680000000011-300x300.png 300w, https:\/\/dolcejewellery.com\/wp-content\/uploads\/2025\/10\/CE99622E@60877059.750BC9680000000011-150x150.png 150w, https:\/\/dolcejewellery.com\/wp-content\/uploads\/2025\/10\/CE99622E@60877059.750BC9680000000011-768x768.png 768w, https:\/\/dolcejewellery.com\/wp-content\/uploads\/2025\/10\/CE99622E@60877059.750BC9680000000011-12x12.png 12w, https:\/\/dolcejewellery.com\/wp-content\/uploads\/2025\/10\/CE99622E@60877059.750BC9680000000011-600x600.png 600w, https:\/\/dolcejewellery.com\/wp-content\/uploads\/2025\/10\/CE99622E@60877059.750BC9680000000011-100x100.png 100w\" sizes=\"auto, (max-width: 800px) 100vw, 800px\" \/><\/p>","protected":false},"excerpt":{"rendered":"<p>Description &amp; Details Dolce Jewellery, Celestial Bloom Stud Earrings. Dolce Jewellery unveils a radiant fusion of cosmic charm and floral grace with the Celestial Bloom Stud Earrings. Designed to sparkle like stardust, these earrings bring a touch of brilliance to every moment. A celebration of light, symmetry, and timeless glamour\u2014Celestial Bloom is where the stars [&#8230;]\n","protected":false},"featured_media":8397,"comment_status":"open","ping_status":"closed","template":"","meta":[],"product_brand":[],"product_cat":[34,38],"product_tag":[],"class_list":{"0":"post-8392","1":"product","2":"type-product","3":"status-publish","4":"has-post-thumbnail","6":"product_cat-earrings","7":"product_cat-stud-earrings","9":"first","10":"instock","11":"shipping-taxable","12":"purchasable","13":"product-type-variable"},"_links":{"self":[{"href":"https:\/\/dolcejewellery.com\/fr\/wp-json\/wp\/v2\/product\/8392","targetHints":{"allow":["GET"]}}],"collection":[{"href":"https:\/\/dolcejewellery.com\/fr\/wp-json\/wp\/v2\/product"}],"about":[{"href":"https:\/\/dolcejewellery.com\/fr\/wp-json\/wp\/v2\/types\/product"}],"replies":[{"embeddable":true,"href":"https:\/\/dolcejewellery.com\/fr\/wp-json\/wp\/v2\/comments?post=8392"}],"wp:featuredmedia":[{"embeddable":true,"href":"https:\/\/dolcejewellery.com\/fr\/wp-json\/wp\/v2\/media\/8397"}],"wp:attachment":[{"href":"https:\/\/dolcejewellery.com\/fr\/wp-json\/wp\/v2\/media?parent=8392"}],"wp:term":[{"taxonomy":"product_brand","embeddable":true,"href":"https:\/\/dolcejewellery.com\/fr\/wp-json\/wp\/v2\/product_brand?post=8392"},{"taxonomy":"product_cat","embeddable":true,"href":"https:\/\/dolcejewellery.com\/fr\/wp-json\/wp\/v2\/product_cat?post=8392"},{"taxonomy":"product_tag","embeddable":true,"href":"https:\/\/dolcejewellery.com\/fr\/wp-json\/wp\/v2\/product_tag?post=8392"}],"curies":[{"name":"wp","href":"https:\/\/api.w.org\/{rel}","templated":true}]}}