{"id":8158,"date":"2025-09-09T16:24:44","date_gmt":"2025-09-09T16:24:44","guid":{"rendered":"https:\/\/dolcejewellery.com\/?post_type=product&#038;p=8158"},"modified":"2025-10-28T09:44:25","modified_gmt":"2025-10-28T09:44:25","slug":"elegant-hand-chain-bracelet","status":"publish","type":"product","link":"https:\/\/dolcejewellery.com\/fr\/produit\/elegant-hand-chain-bracelet\/","title":{"rendered":"Bracelet \u00e9l\u00e9gant en cha\u00eene \u00e0 main"},"content":{"rendered":"<h1><strong>Description et d\u00e9tails<\/strong><\/h1>\n<p><strong>Dolce Jewellery, Bracelet cha\u00eene \u00e0 main \u00e9l\u00e9gant.<\/strong><\/p>\n<p data-start=\"218\" data-end=\"507\">D\u00e9couvrez le charme intemporel de l&#039;\u00e9l\u00e9gant bracelet cha\u00eene en or de Dolce Jewellery. Fabriqu\u00e9 en argent sterling 925 v\u00e9ritable avec une luxueuse finition dor\u00e9e et orn\u00e9 de zircones scintillantes, ce bijou allie raffinement et d\u00e9licatesse.<\/p>\n<p data-start=\"509\" data-end=\"817\">Disponible en trois mod\u00e8les enchanteurs \u2013 \u00e9toile, carr\u00e9 et fleur \u2013 chaque bracelet est dot\u00e9 d&#039;une d\u00e9licate cha\u00eene qui s&#039;attache gracieusement du poignet au doigt, ajoutant une touche d&#039;\u00e9l\u00e9gance \u00e0 votre look. Les zircones scintillantes captent la lumi\u00e8re avec aisance, cr\u00e9ant un \u00e9clat raffin\u00e9 \u00e0 chaque mouvement.<\/p>\n<p data-start=\"819\" data-end=\"1072\">L\u00e9ger et confortable, ce bracelet est parfait au quotidien comme pour les grandes occasions. Son design polyvalent s&#039;accorde avec une vari\u00e9t\u00e9 de styles, du chic d\u00e9contract\u00e9 au glamour du soir, ce qui en fait un incontournable de votre collection de bijoux.<\/p>\n<p data-start=\"1074\" data-end=\"1214\">Adoptez l&#039;\u00e9l\u00e9gance du bracelet \u00e9l\u00e9gant en cha\u00eene \u00e0 main en or de Dolce Jewellery et laissez-le mettre en valeur votre individualit\u00e9 avec gr\u00e2ce et beaut\u00e9.<\/p>\n<p><strong>Type de produit : <\/strong>Bracelets<\/p>\n<p><strong>Nom du produit : <\/strong>Bracelet \u00e9l\u00e9gant en cha\u00eene \u00e0 main<\/p>\n<p><strong>Pierre: <\/strong>Zircone<\/p>\n<p><strong>Mat\u00e9riel: <\/strong>100% Argent sterling 925<\/p>\n<p><strong>Longueur: <\/strong>La longueur du bracelet est de 17 cm (6,7 pouces), la longueur de la cha\u00eene d&#039;extension est de 3 cm (1,2 pouces)<\/p>\n<p><strong>Article: <span style=\"font-weight: 400;\">BKSL132<\/span><\/strong><\/p>\n<p><img loading=\"lazy\" decoding=\"async\" class=\"alignnone wp-image-8187 size-full\" src=\"https:\/\/dolcejewellery.com\/wp-content\/uploads\/2025\/09\/372FA441@598C886F.C65E7F68000000001.jpg\" alt=\"\" width=\"800\" height=\"800\" srcset=\"https:\/\/dolcejewellery.com\/wp-content\/uploads\/2025\/09\/372FA441@598C886F.C65E7F68000000001.jpg 800w, https:\/\/dolcejewellery.com\/wp-content\/uploads\/2025\/09\/372FA441@598C886F.C65E7F68000000001-300x300.jpg 300w, https:\/\/dolcejewellery.com\/wp-content\/uploads\/2025\/09\/372FA441@598C886F.C65E7F68000000001-150x150.jpg 150w, https:\/\/dolcejewellery.com\/wp-content\/uploads\/2025\/09\/372FA441@598C886F.C65E7F68000000001-768x768.jpg 768w, https:\/\/dolcejewellery.com\/wp-content\/uploads\/2025\/09\/372FA441@598C886F.C65E7F68000000001-600x600.jpg 600w, https:\/\/dolcejewellery.com\/wp-content\/uploads\/2025\/09\/372FA441@598C886F.C65E7F68000000001-100x100.jpg 100w, https:\/\/dolcejewellery.com\/wp-content\/uploads\/2025\/09\/372FA441@598C886F.C65E7F68000000001-12x12.jpg 12w\" sizes=\"auto, (max-width: 800px) 100vw, 800px\" \/><\/p>\n<p><img loading=\"lazy\" decoding=\"async\" class=\"alignnone wp-image-8186 size-full\" src=\"https:\/\/dolcejewellery.com\/wp-content\/uploads\/2025\/09\/012F635F@F1F4BA02.C65E7F68000000001.jpg\" alt=\"\" width=\"800\" height=\"800\" srcset=\"https:\/\/dolcejewellery.com\/wp-content\/uploads\/2025\/09\/012F635F@F1F4BA02.C65E7F68000000001.jpg 800w, https:\/\/dolcejewellery.com\/wp-content\/uploads\/2025\/09\/012F635F@F1F4BA02.C65E7F68000000001-300x300.jpg 300w, https:\/\/dolcejewellery.com\/wp-content\/uploads\/2025\/09\/012F635F@F1F4BA02.C65E7F68000000001-150x150.jpg 150w, https:\/\/dolcejewellery.com\/wp-content\/uploads\/2025\/09\/012F635F@F1F4BA02.C65E7F68000000001-768x768.jpg 768w, https:\/\/dolcejewellery.com\/wp-content\/uploads\/2025\/09\/012F635F@F1F4BA02.C65E7F68000000001-600x600.jpg 600w, https:\/\/dolcejewellery.com\/wp-content\/uploads\/2025\/09\/012F635F@F1F4BA02.C65E7F68000000001-100x100.jpg 100w, https:\/\/dolcejewellery.com\/wp-content\/uploads\/2025\/09\/012F635F@F1F4BA02.C65E7F68000000001-12x12.jpg 12w\" sizes=\"auto, (max-width: 800px) 100vw, 800px\" \/><\/p>\n<p><img loading=\"lazy\" decoding=\"async\" class=\"alignnone wp-image-8188 size-full\" src=\"https:\/\/dolcejewellery.com\/wp-content\/uploads\/2025\/09\/59310F00@7107C516.C65E7F6800000000-1.jpg\" alt=\"\" width=\"800\" height=\"800\" srcset=\"https:\/\/dolcejewellery.com\/wp-content\/uploads\/2025\/09\/59310F00@7107C516.C65E7F6800000000-1.jpg 800w, https:\/\/dolcejewellery.com\/wp-content\/uploads\/2025\/09\/59310F00@7107C516.C65E7F6800000000-1-300x300.jpg 300w, https:\/\/dolcejewellery.com\/wp-content\/uploads\/2025\/09\/59310F00@7107C516.C65E7F6800000000-1-150x150.jpg 150w, https:\/\/dolcejewellery.com\/wp-content\/uploads\/2025\/09\/59310F00@7107C516.C65E7F6800000000-1-768x768.jpg 768w, https:\/\/dolcejewellery.com\/wp-content\/uploads\/2025\/09\/59310F00@7107C516.C65E7F6800000000-1-600x600.jpg 600w, https:\/\/dolcejewellery.com\/wp-content\/uploads\/2025\/09\/59310F00@7107C516.C65E7F6800000000-1-100x100.jpg 100w, https:\/\/dolcejewellery.com\/wp-content\/uploads\/2025\/09\/59310F00@7107C516.C65E7F6800000000-1-12x12.jpg 12w\" sizes=\"auto, (max-width: 800px) 100vw, 800px\" \/><\/p>","protected":false},"excerpt":{"rendered":"<p>Description &amp; Details Dolce Jewellery, Elegant Hand Chain Bracelet. Discover the timeless charm of the Elegant Gold Hand Chain Bracelet by Dolce Jewellery. Crafted from genuine 925 sterling silver with a luxurious gold finish and adorned with sparkling zirconia stones, this piece beautifully combines sophistication with delicate artistry. Available in three enchanting designs \u2013 star, [&#8230;]\n","protected":false},"featured_media":8185,"comment_status":"open","ping_status":"closed","template":"","meta":[],"product_brand":[],"product_cat":[31],"product_tag":[],"class_list":{"0":"post-8158","1":"product","2":"type-product","3":"status-publish","4":"has-post-thumbnail","6":"product_cat-bracelets","8":"first","9":"instock","10":"shipping-taxable","11":"purchasable","12":"product-type-variable"},"_links":{"self":[{"href":"https:\/\/dolcejewellery.com\/fr\/wp-json\/wp\/v2\/product\/8158","targetHints":{"allow":["GET"]}}],"collection":[{"href":"https:\/\/dolcejewellery.com\/fr\/wp-json\/wp\/v2\/product"}],"about":[{"href":"https:\/\/dolcejewellery.com\/fr\/wp-json\/wp\/v2\/types\/product"}],"replies":[{"embeddable":true,"href":"https:\/\/dolcejewellery.com\/fr\/wp-json\/wp\/v2\/comments?post=8158"}],"wp:featuredmedia":[{"embeddable":true,"href":"https:\/\/dolcejewellery.com\/fr\/wp-json\/wp\/v2\/media\/8185"}],"wp:attachment":[{"href":"https:\/\/dolcejewellery.com\/fr\/wp-json\/wp\/v2\/media?parent=8158"}],"wp:term":[{"taxonomy":"product_brand","embeddable":true,"href":"https:\/\/dolcejewellery.com\/fr\/wp-json\/wp\/v2\/product_brand?post=8158"},{"taxonomy":"product_cat","embeddable":true,"href":"https:\/\/dolcejewellery.com\/fr\/wp-json\/wp\/v2\/product_cat?post=8158"},{"taxonomy":"product_tag","embeddable":true,"href":"https:\/\/dolcejewellery.com\/fr\/wp-json\/wp\/v2\/product_tag?post=8158"}],"curies":[{"name":"wp","href":"https:\/\/api.w.org\/{rel}","templated":true}]}}