{"id":3488,"date":"2025-02-01T11:15:22","date_gmt":"2025-02-01T11:15:22","guid":{"rendered":"https:\/\/dolcejewellery.com\/product\/zircon-adorned-bowtie-ring\/"},"modified":"2025-10-28T10:02:32","modified_gmt":"2025-10-28T10:02:32","slug":"zircon-adorned-bowtie-ring","status":"publish","type":"product","link":"https:\/\/dolcejewellery.com\/fr\/produit\/zircon-adorned-bowtie-ring\/","title":{"rendered":"Bague n\u0153ud papillon orn\u00e9e de zircons"},"content":{"rendered":"<h1><strong>Description et d\u00e9tails<\/strong><\/h1>\n<p><strong>Dolce Jewellery, Bague n\u0153ud papillon orn\u00e9e de zircons.<\/strong><\/p>\n<p>Ajoutez une touche d&#039;\u00e9l\u00e9gance et de fantaisie \u00e0 votre collection de bijoux avec notre bague n\u0153ud papillon orn\u00e9e de zircons. Cette charmante bague arbore un ravissant motif n\u0153ud papillon, exprimant f\u00e9minit\u00e9 et sophistication.<\/p>\n<p>Le n\u0153ud papillon est finement orn\u00e9 de zircons scintillants, cr\u00e9ant un \u00e9clat magnifique qui capte la lumi\u00e8re sous tous les angles. Fabriqu\u00e9e en argent sterling 925 v\u00e9ritable, cette bague allie durabilit\u00e9 et \u00e9clat luxueux.<\/p>\n<p>Son anneau r\u00e9glable assure un maintien confortable et s\u00fbr \u00e0 votre doigt, id\u00e9al au quotidien comme pour les grandes occasions. Que vous souhaitiez vous habiller pour une soir\u00e9e ou ajouter une touche glamour \u00e0 votre tenue de bureau, cette bague est un accessoire polyvalent qui s&#039;adapte \u00e0 tous les styles.<\/p>\n<p>La bague n\u0153ud papillon orn\u00e9e de zircons est un cadeau attentionn\u00e9 pour surprendre un \u00eatre cher ou pour vous faire plaisir. Son design n\u0153ud papillon intemporel et ses zircons scintillants apportent une touche de fantaisie et de sophistication \u00e0 toutes vos tenues.<\/p>\n<p>Sublimez votre collection de bijoux avec la bague n\u0153ud papillon orn\u00e9e de zircons, symbole de f\u00e9minit\u00e9 et de style. Dolce Jewellery a con\u00e7u cette bague avec le souci du d\u00e9tail et un engagement envers la qualit\u00e9, vous garantissant ainsi un bijou qui sera ch\u00e9ri pendant des ann\u00e9es.<\/p>\n<p><strong>Type de produit :\u00a0<\/strong>Bagues<\/p>\n<p><strong>Nom du produit :\u00a0<\/strong>Bague n\u0153ud papillon orn\u00e9e de zircons<\/p>\n<p><strong>Pierre: <\/strong>Zircon<\/p>\n<p><strong>Mat\u00e9riel:\u00a0<\/strong>100% Argent sterling 925<\/p>\n<p><strong>Article:\u00a0<\/strong>BKJZ182<\/p>\n<p><img loading=\"lazy\" decoding=\"async\" class=\"alignnone\" src=\"https:\/\/cdn.shopify.com\/s\/files\/1\/0559\/8819\/1417\/files\/6bbe8844-23c4-4559-8222-69ca060caebe_480x480.png?v=1690541177\" alt=\"\" width=\"480\" height=\"382\" \/><\/p>","protected":false},"excerpt":{"rendered":"<p>Description &amp; Details Dolce Jewellery,\u00a0Zircon-Adorned Bowtie Ring. Add a touch of elegance and playfulness to your jewellery collection with our Zircon-Adorned Bowtie Ring. This charming ring features a delightful bowtie design, exuding a sense of femininity and sophistication. The bowtie is intricately embellished with shimmering zircon stones, creating a beautiful sparkle that catches the light [&#8230;]\n","protected":false},"featured_media":7031,"comment_status":"open","ping_status":"closed","template":"","meta":[],"product_brand":[],"product_cat":[37,29],"product_tag":[],"class_list":{"0":"post-3488","1":"product","2":"type-product","3":"status-publish","4":"has-post-thumbnail","6":"product_cat-rings","7":"product_cat-shop-all","9":"first","10":"instock","11":"shipping-taxable","12":"purchasable","13":"product-type-variable"},"_links":{"self":[{"href":"https:\/\/dolcejewellery.com\/fr\/wp-json\/wp\/v2\/product\/3488","targetHints":{"allow":["GET"]}}],"collection":[{"href":"https:\/\/dolcejewellery.com\/fr\/wp-json\/wp\/v2\/product"}],"about":[{"href":"https:\/\/dolcejewellery.com\/fr\/wp-json\/wp\/v2\/types\/product"}],"replies":[{"embeddable":true,"href":"https:\/\/dolcejewellery.com\/fr\/wp-json\/wp\/v2\/comments?post=3488"}],"wp:featuredmedia":[{"embeddable":true,"href":"https:\/\/dolcejewellery.com\/fr\/wp-json\/wp\/v2\/media\/7031"}],"wp:attachment":[{"href":"https:\/\/dolcejewellery.com\/fr\/wp-json\/wp\/v2\/media?parent=3488"}],"wp:term":[{"taxonomy":"product_brand","embeddable":true,"href":"https:\/\/dolcejewellery.com\/fr\/wp-json\/wp\/v2\/product_brand?post=3488"},{"taxonomy":"product_cat","embeddable":true,"href":"https:\/\/dolcejewellery.com\/fr\/wp-json\/wp\/v2\/product_cat?post=3488"},{"taxonomy":"product_tag","embeddable":true,"href":"https:\/\/dolcejewellery.com\/fr\/wp-json\/wp\/v2\/product_tag?post=3488"}],"curies":[{"name":"wp","href":"https:\/\/api.w.org\/{rel}","templated":true}]}}