{"id":3485,"date":"2025-02-01T11:15:22","date_gmt":"2025-02-01T11:15:22","guid":{"rendered":"https:\/\/dolcejewellery.com\/product\/zircon-star-hoop-earrings-2\/"},"modified":"2025-10-28T10:01:05","modified_gmt":"2025-10-28T10:01:05","slug":"zircon-star-hoop-earrings-2","status":"publish","type":"product","link":"https:\/\/dolcejewellery.com\/fr\/produit\/zircon-star-hoop-earrings-2\/","title":{"rendered":"Boucles d&#039;oreilles cr\u00e9oles \u00e9toile en zircon"},"content":{"rendered":"<h1><strong>Description et d\u00e9tails<\/strong><\/h1>\n<p><strong>Dolce Jewellery, Boucles d&#039;oreilles cr\u00e9oles \u00e9toile en zircon.<\/strong><\/p>\n<p>Ces cr\u00e9oles \u00e9toiles en zircon de Dolce Jewellery sont parfaites pour une tenue de tous les jours et sont parfaites pour une touche raffin\u00e9e. Une \u00e9l\u00e9gance simple.<\/p>\n<p>Offert en deux couleurs : Argent et Or.<\/p>\n<p>Ces boucles d&#039;oreilles sont vendues par paire.<\/p>\n<p><strong>Type de produit :<\/strong> Boucles d&#039;oreilles cr\u00e9oles<\/p>\n<p><strong>Nom du produit :\u00a0<\/strong>Boucles d&#039;oreilles cr\u00e9oles \u00e9toile en zircon<\/p>\n<p><strong>Pierre: <\/strong>Zircon<\/p>\n<p><strong>Mat\u00e9riel:\u00a0<\/strong>100% Argent sterling 925<\/p>\n<p><strong>Poids: <\/strong>1 g<\/p>\n<p><strong>Article:\u00a0<\/strong>MEJ369<\/p>\n<p><img loading=\"lazy\" decoding=\"async\" class=\"alignnone wp-image-7523 size-full\" src=\"https:\/\/dolcejewellery.com\/wp-content\/uploads\/2025\/02\/MEJ369.png\" alt=\"\" width=\"780\" height=\"551\" srcset=\"https:\/\/dolcejewellery.com\/wp-content\/uploads\/2025\/02\/MEJ369.png 780w, https:\/\/dolcejewellery.com\/wp-content\/uploads\/2025\/02\/MEJ369-300x212.png 300w, https:\/\/dolcejewellery.com\/wp-content\/uploads\/2025\/02\/MEJ369-768x543.png 768w\" sizes=\"auto, (max-width: 780px) 100vw, 780px\" \/><\/p>","protected":false},"excerpt":{"rendered":"<p>Description &amp; Details Dolce Jewellery, Zircon Star Hoop Earrings. These zircon star hoop earrings from Dolce Jewellery are perfect for the everyday ensemble and just what you need for a polished touch. Easy elegance. Offered in two colors: Silver &amp; Gold. These earrings come as a pair. Product Type: Hoop Earrings Product Name:\u00a0Zircon Star Hoop [&#8230;]\n","protected":false},"featured_media":7519,"comment_status":"open","ping_status":"closed","template":"","meta":[],"product_brand":[],"product_cat":[34,35,29],"product_tag":[27],"class_list":{"0":"post-3485","1":"product","2":"type-product","3":"status-publish","4":"has-post-thumbnail","6":"product_cat-earrings","7":"product_cat-hoop-earrings","8":"product_cat-shop-all","9":"product_tag-hoop-earrings","11":"first","12":"instock","13":"shipping-taxable","14":"purchasable","15":"product-type-variable"},"_links":{"self":[{"href":"https:\/\/dolcejewellery.com\/fr\/wp-json\/wp\/v2\/product\/3485","targetHints":{"allow":["GET"]}}],"collection":[{"href":"https:\/\/dolcejewellery.com\/fr\/wp-json\/wp\/v2\/product"}],"about":[{"href":"https:\/\/dolcejewellery.com\/fr\/wp-json\/wp\/v2\/types\/product"}],"replies":[{"embeddable":true,"href":"https:\/\/dolcejewellery.com\/fr\/wp-json\/wp\/v2\/comments?post=3485"}],"wp:featuredmedia":[{"embeddable":true,"href":"https:\/\/dolcejewellery.com\/fr\/wp-json\/wp\/v2\/media\/7519"}],"wp:attachment":[{"href":"https:\/\/dolcejewellery.com\/fr\/wp-json\/wp\/v2\/media?parent=3485"}],"wp:term":[{"taxonomy":"product_brand","embeddable":true,"href":"https:\/\/dolcejewellery.com\/fr\/wp-json\/wp\/v2\/product_brand?post=3485"},{"taxonomy":"product_cat","embeddable":true,"href":"https:\/\/dolcejewellery.com\/fr\/wp-json\/wp\/v2\/product_cat?post=3485"},{"taxonomy":"product_tag","embeddable":true,"href":"https:\/\/dolcejewellery.com\/fr\/wp-json\/wp\/v2\/product_tag?post=3485"}],"curies":[{"name":"wp","href":"https:\/\/api.w.org\/{rel}","templated":true}]}}