{"id":3477,"date":"2025-02-01T11:15:22","date_gmt":"2025-02-01T11:15:22","guid":{"rendered":"https:\/\/dolcejewellery.com\/product\/zircon-sparkle-bracelet\/"},"modified":"2025-10-28T09:55:52","modified_gmt":"2025-10-28T09:55:52","slug":"zircon-sparkle-bracelet","status":"publish","type":"product","link":"https:\/\/dolcejewellery.com\/fr\/produit\/zircon-sparkle-bracelet\/","title":{"rendered":"Bracelet scintillant en zircon"},"content":{"rendered":"<h1><strong>Description et d\u00e9tails<\/strong><\/h1>\n<p><strong>Dolce Jewellery, Bracelet scintillant en zircon.<\/strong><\/p>\n<p>Sublimez votre style avec notre bracelet Zircon Sparkle. Ce bijou raffin\u00e9 arbore un charme captivant orn\u00e9 de zircons scintillants, cr\u00e9ant un design unique qui ne manquera pas de faire tourner les t\u00eates.<\/p>\n<p>Ce charm, m\u00e9ticuleusement con\u00e7u avec une attention particuli\u00e8re aux d\u00e9tails, pr\u00e9sente un design unique et complexe qui le distingue. Les zircons scintillants ajoutent une touche de glamour et d&#039;\u00e9clat, faisant de ce bijou un \u00e9l\u00e9ment central du bracelet.<\/p>\n<p>Fabriqu\u00e9 en argent sterling 925 v\u00e9ritable, ce bracelet respire la qualit\u00e9 et l&#039;\u00e9l\u00e9gance. Son mat\u00e9riau de haute qualit\u00e9 garantit durabilit\u00e9 et brillance durable, vous permettant de profiter de ce magnifique bijou pendant de nombreuses ann\u00e9es.<\/p>\n<p>La cha\u00eene du bracelet compl\u00e8te parfaitement le charme et rehausse sa beaut\u00e9. Sa longueur r\u00e9glable offre un ajustement confortable et personnalis\u00e9, tandis que son fermoir s\u00e9curis\u00e9 assure un maintien optimal tout au long de la journ\u00e9e.<\/p>\n<p>Ce bracelet polyvalent convient aux femmes de tous \u00e2ges et se porte en diverses occasions. Que vous participiez \u00e0 une f\u00eate, \u00e0 un \u00e9v\u00e9nement sp\u00e9cial ou que vous ajoutiez simplement une touche de sophistication \u00e0 votre tenue quotidienne, le bracelet Zircon Sparkle est l&#039;accessoire id\u00e9al.<\/p>\n<p>C\u00e9l\u00e9brez votre individualit\u00e9 et exprimez votre style unique avec le bracelet Zircon Sparkle de Dolce Jewellery. Son design envo\u00fbtant et ses zircons scintillants refl\u00e9teront votre personnalit\u00e9 et laisseront une impression durable o\u00f9 que vous alliez.<\/p>\n<p><strong>Type de produit : <\/strong>Bracelets<\/p>\n<p><strong>Nom du produit :\u00a0<\/strong>Bracelet scintillant en zircon<\/p>\n<p><strong>Pierre: <\/strong>Zircon<\/p>\n<p><strong>Mat\u00e9riel: <\/strong>100% Argent sterling 925<\/p>\n<p><strong>Longueur: <\/strong>La longueur du bracelet est de 20,5 cm (8,1 pouces), la longueur de la cha\u00eene d&#039;extension est de 3,5 cm (1,4 pouces)<\/p>\n<p><strong>Article:\u00a0<\/strong>BKSL013<\/p>\n<p><img decoding=\"async\" src=\"https:\/\/cdn.shopify.com\/s\/files\/1\/0559\/8819\/1417\/files\/9ec60474-e90c-44d3-9af0-05083a942223_480x480.png?v=1690100860\" alt=\"\" \/><\/p>","protected":false},"excerpt":{"rendered":"<p>Description &amp; Details Dolce Jewellery,\u00a0Zircon Sparkle Bracelet. Elevate your style with our Zircon Sparkle Bracelet. This exquisite piece of jewellery features a captivating charm adorned with sparkling zircon stones, creating a one-of-a-kind design that is sure to turn heads. The charm, meticulously crafted with attention to detail, showcases a unique and intricate design that sets [&#8230;]\n","protected":false},"featured_media":6656,"comment_status":"open","ping_status":"closed","template":"","meta":[],"product_brand":[],"product_cat":[31,29],"product_tag":[],"class_list":{"0":"post-3477","1":"product","2":"type-product","3":"status-publish","4":"has-post-thumbnail","6":"product_cat-bracelets","7":"product_cat-shop-all","9":"first","10":"instock","11":"shipping-taxable","12":"purchasable","13":"product-type-variable"},"_links":{"self":[{"href":"https:\/\/dolcejewellery.com\/fr\/wp-json\/wp\/v2\/product\/3477","targetHints":{"allow":["GET"]}}],"collection":[{"href":"https:\/\/dolcejewellery.com\/fr\/wp-json\/wp\/v2\/product"}],"about":[{"href":"https:\/\/dolcejewellery.com\/fr\/wp-json\/wp\/v2\/types\/product"}],"replies":[{"embeddable":true,"href":"https:\/\/dolcejewellery.com\/fr\/wp-json\/wp\/v2\/comments?post=3477"}],"wp:featuredmedia":[{"embeddable":true,"href":"https:\/\/dolcejewellery.com\/fr\/wp-json\/wp\/v2\/media\/6656"}],"wp:attachment":[{"href":"https:\/\/dolcejewellery.com\/fr\/wp-json\/wp\/v2\/media?parent=3477"}],"wp:term":[{"taxonomy":"product_brand","embeddable":true,"href":"https:\/\/dolcejewellery.com\/fr\/wp-json\/wp\/v2\/product_brand?post=3477"},{"taxonomy":"product_cat","embeddable":true,"href":"https:\/\/dolcejewellery.com\/fr\/wp-json\/wp\/v2\/product_cat?post=3477"},{"taxonomy":"product_tag","embeddable":true,"href":"https:\/\/dolcejewellery.com\/fr\/wp-json\/wp\/v2\/product_tag?post=3477"}],"curies":[{"name":"wp","href":"https:\/\/api.w.org\/{rel}","templated":true}]}}