{"id":3466,"date":"2025-02-01T11:15:21","date_gmt":"2025-02-01T11:15:21","guid":{"rendered":"https:\/\/dolcejewellery.com\/product\/whimsical-love-chain-bracelet\/"},"modified":"2025-10-28T14:22:53","modified_gmt":"2025-10-28T13:22:53","slug":"whimsical-love-chain-bracelet","status":"publish","type":"product","link":"https:\/\/dolcejewellery.com\/fr\/produit\/whimsical-love-chain-bracelet\/","title":{"rendered":"Bracelet cha\u00eene d&#039;amour fantaisiste"},"content":{"rendered":"<h1><strong>Description et d\u00e9tails<\/strong><\/h1>\n<p><strong>Dolce Jewellery, Bracelet cha\u00eene d&#039;amour fantaisiste.<\/strong><\/p>\n<p>Plongez dans un univers de fantaisie et de romantisme avec notre bracelet cha\u00eene Whimsical Love. Ce bijou exquis est fabriqu\u00e9 en argent sterling 925 v\u00e9ritable, gage de qualit\u00e9 et de durabilit\u00e9. Il est orn\u00e9 d&#039;un charmant charm c\u0153ur, finement con\u00e7u avec un motif creux, symbolisant l&#039;amour infini.<\/p>\n<p>Le bracelet Whimsical Love Chain pr\u00e9sente une d\u00e9licate combinaison de diff\u00e9rents types de cha\u00eenes, ajoutant une touche d&#039;inspiration punk \u00e0 votre tenue. Les cha\u00eenes contrast\u00e9es cr\u00e9ent un look unique et accrocheur, faisant de ce bracelet une pi\u00e8ce ma\u00eetresse qui sublimera votre personnalit\u00e9 sans effort.<\/p>\n<p>Con\u00e7u pour allier style et confort, le bracelet cha\u00eene Whimsical Love est dot\u00e9 d&#039;une longueur de cha\u00eene r\u00e9glable, garantissant un ajustement parfait \u00e0 toutes les tailles de poignet. Son fermoir mousqueton s\u00e9curis\u00e9 garantit un port et un retrait faciles, ce qui en fait un accessoire pratique en toute occasion.<\/p>\n<p>Laissez-vous s\u00e9duire par le charme et la polyvalence du bracelet cha\u00eene Whimsical Love de Dolce Jewellery. Que vous assistiez \u00e0 un mariage, \u00e0 une soir\u00e9e chic ou que vous souhaitiez simplement ajouter une touche romantique \u00e0 votre look quotidien, ce bracelet est le choix id\u00e9al. Laissez le charm c\u0153ur vous rappeler constamment l&#039;amour et la joie de vivre.<\/p>\n<p>Sublimez votre collection de bijoux avec la beaut\u00e9 envo\u00fbtante du bracelet cha\u00eene Whimsical Love. Un cadeau id\u00e9al pour vous-m\u00eame ou pour un \u00eatre cher, symbole d&#039;amour, de style et d&#039;\u00e9l\u00e9gance intemporelle.<\/p>\n<p><strong>Type de produit : <\/strong>Bracelets<\/p>\n<p><strong>Nom du produit :\u00a0<\/strong>Bracelet cha\u00eene d&#039;amour fantaisiste<\/p>\n<p><strong>Mat\u00e9riel: <\/strong>100% Argent sterling 925<\/p>\n<p><strong>Longueur: <\/strong>La longueur du bracelet est de 19 cm (7,5 pouces), la longueur de la cha\u00eene d&#039;extension est de 3 cm (1,2 pouces)<\/p>\n<p><strong>Article:\u00a0<\/strong>BKSL109<\/p>\n<p><img decoding=\"async\" src=\"https:\/\/cdn.shopify.com\/s\/files\/1\/0559\/8819\/1417\/files\/cb5a1932-c1db-465c-a9eb-fc764e53b4f0_480x480.png?v=1689868558\" alt=\"\" \/><\/p>","protected":false},"excerpt":{"rendered":"<p>Description &amp; Details Dolce Jewellery,\u00a0Whimsical Love Chain Bracelet. Step into a world of whimsy and romance with our Whimsical Love Chain Bracelet. This exquisite piece is crafted from genuine 925 sterling silver, ensuring both quality and durability. The bracelet features a captivating love heart charm, intricately designed with a hollow pattern, symbolizing the boundless nature [&#8230;]\n","protected":false},"featured_media":6659,"comment_status":"open","ping_status":"closed","template":"","meta":[],"product_brand":[],"product_cat":[31,29],"product_tag":[],"class_list":{"0":"post-3466","1":"product","2":"type-product","3":"status-publish","4":"has-post-thumbnail","6":"product_cat-bracelets","7":"product_cat-shop-all","9":"first","10":"instock","11":"shipping-taxable","12":"purchasable","13":"product-type-variable"},"_links":{"self":[{"href":"https:\/\/dolcejewellery.com\/fr\/wp-json\/wp\/v2\/product\/3466","targetHints":{"allow":["GET"]}}],"collection":[{"href":"https:\/\/dolcejewellery.com\/fr\/wp-json\/wp\/v2\/product"}],"about":[{"href":"https:\/\/dolcejewellery.com\/fr\/wp-json\/wp\/v2\/types\/product"}],"replies":[{"embeddable":true,"href":"https:\/\/dolcejewellery.com\/fr\/wp-json\/wp\/v2\/comments?post=3466"}],"wp:featuredmedia":[{"embeddable":true,"href":"https:\/\/dolcejewellery.com\/fr\/wp-json\/wp\/v2\/media\/6659"}],"wp:attachment":[{"href":"https:\/\/dolcejewellery.com\/fr\/wp-json\/wp\/v2\/media?parent=3466"}],"wp:term":[{"taxonomy":"product_brand","embeddable":true,"href":"https:\/\/dolcejewellery.com\/fr\/wp-json\/wp\/v2\/product_brand?post=3466"},{"taxonomy":"product_cat","embeddable":true,"href":"https:\/\/dolcejewellery.com\/fr\/wp-json\/wp\/v2\/product_cat?post=3466"},{"taxonomy":"product_tag","embeddable":true,"href":"https:\/\/dolcejewellery.com\/fr\/wp-json\/wp\/v2\/product_tag?post=3466"}],"curies":[{"name":"wp","href":"https:\/\/api.w.org\/{rel}","templated":true}]}}