{"id":3463,"date":"2025-02-01T11:15:21","date_gmt":"2025-02-01T11:15:21","guid":{"rendered":"https:\/\/dolcejewellery.com\/product\/wheat-ear-leaf-pearl-necklace\/"},"modified":"2025-10-28T10:04:46","modified_gmt":"2025-10-28T10:04:46","slug":"wheat-ear-leaf-pearl-necklace","status":"publish","type":"product","link":"https:\/\/dolcejewellery.com\/fr\/produit\/wheat-ear-leaf-pearl-necklace\/","title":{"rendered":"Collier de perles en forme d&#039;\u00e9pi de bl\u00e9 et de feuille"},"content":{"rendered":"<h1><strong>Description et d\u00e9tails<\/strong><\/h1>\n<p><strong>Dolce Jewellery, Collier de perles en forme d&#039;oreille de bl\u00e9.<\/strong><\/p>\n<p>Dolce Jewellery incarne l&#039;esprit \u00e9l\u00e9gant et somptueux de la marque. En cr\u00e9ant des cr\u00e9ations \u00e9poustouflantes et durables, la marque continue de mettre en valeur sa ma\u00eetrise unique des mat\u00e9riaux. D\u00e9couvrez ce collier de perles en forme d&#039;\u00e9pi de bl\u00e9. Il arbore un charmant pendentif en forme d&#039;\u00e9pi de bl\u00e9, orn\u00e9 de magnifiques perles d&#039;eau douce.<\/p>\n<p>Fabriqu\u00e9 en v\u00e9ritable argent sterling 925.<\/p>\n<p>Disponible en deux couleurs : Or et Argent<\/p>\n<p><strong>Type de produit : <\/strong>Colliers<\/p>\n<p><strong>Nom du produit : <\/strong>\u00c9pi de bl\u00e9\u00a0<span class=\"property-desc line-limit-length\" title=\"Collier de perles en feuille d&#039;or\" data-spm-anchor-id=\"a2g0o.detail.0.i12.329340fawsyA3U\">Collier de perles en forme de feuille<\/span><\/p>\n<p><strong>Type de perle :<\/strong>\u00a0Perles d&#039;eau douce<\/p>\n<p><strong>Mat\u00e9riel:\u00a0<\/strong>100% Argent sterling 925<\/p>\n<p><strong>Longueur:\u00a0<\/strong>34 cm (13 pouces), la longueur de la cha\u00eene peut \u00eatre allong\u00e9e d&#039;environ 2 cm (0,80 pouce)<\/p>\n<p><strong>Article:\u00a0<\/strong>BKXL080<\/p>\n<p>La longueur de la partie pendentif est r\u00e9glable.<\/p>\n<p><img decoding=\"async\" style=\"margin-bottom: 16px; float: none;\" src=\"https:\/\/cdn.shopify.com\/s\/files\/1\/0559\/8819\/1417\/files\/76434ae6-c9f9-422b-b2af-9e6b3f4fdc21_480x480.png?v=1628424268\" alt=\"\" \/><\/p>","protected":false},"excerpt":{"rendered":"<p>Description &amp; Details Dolce Jewellery,\u00a0Wheat Ear Leaf Pearl Necklace. Dolce Jewellery exudes the brand\u2019s elegant and sumptuous spirit. By creating breathtaking designs that last a lifetime, the label continues to showcase its unique mastery of materials. Presenting this wheat ear leaf pearl necklace. It features a charming wheat ear leaf pendant, with stunning freshwater pearls. [&#8230;]\n","protected":false},"featured_media":6262,"comment_status":"open","ping_status":"closed","template":"","meta":[],"product_brand":[],"product_cat":[28,36,29],"product_tag":[],"class_list":{"0":"post-3463","1":"product","2":"type-product","3":"status-publish","4":"has-post-thumbnail","6":"product_cat-best-sellers","7":"product_cat-necklaces","8":"product_cat-shop-all","10":"first","11":"instock","12":"shipping-taxable","13":"purchasable","14":"product-type-variable"},"_links":{"self":[{"href":"https:\/\/dolcejewellery.com\/fr\/wp-json\/wp\/v2\/product\/3463","targetHints":{"allow":["GET"]}}],"collection":[{"href":"https:\/\/dolcejewellery.com\/fr\/wp-json\/wp\/v2\/product"}],"about":[{"href":"https:\/\/dolcejewellery.com\/fr\/wp-json\/wp\/v2\/types\/product"}],"replies":[{"embeddable":true,"href":"https:\/\/dolcejewellery.com\/fr\/wp-json\/wp\/v2\/comments?post=3463"}],"wp:featuredmedia":[{"embeddable":true,"href":"https:\/\/dolcejewellery.com\/fr\/wp-json\/wp\/v2\/media\/6262"}],"wp:attachment":[{"href":"https:\/\/dolcejewellery.com\/fr\/wp-json\/wp\/v2\/media?parent=3463"}],"wp:term":[{"taxonomy":"product_brand","embeddable":true,"href":"https:\/\/dolcejewellery.com\/fr\/wp-json\/wp\/v2\/product_brand?post=3463"},{"taxonomy":"product_cat","embeddable":true,"href":"https:\/\/dolcejewellery.com\/fr\/wp-json\/wp\/v2\/product_cat?post=3463"},{"taxonomy":"product_tag","embeddable":true,"href":"https:\/\/dolcejewellery.com\/fr\/wp-json\/wp\/v2\/product_tag?post=3463"}],"curies":[{"name":"wp","href":"https:\/\/api.w.org\/{rel}","templated":true}]}}