{"id":3453,"date":"2025-02-01T11:15:20","date_gmt":"2025-02-01T11:15:20","guid":{"rendered":"https:\/\/dolcejewellery.com\/product\/vintage-chain-love-bracelet\/"},"modified":"2025-10-28T14:25:37","modified_gmt":"2025-10-28T13:25:37","slug":"vintage-chain-love-bracelet","status":"publish","type":"product","link":"https:\/\/dolcejewellery.com\/fr\/produit\/vintage-chain-love-bracelet\/","title":{"rendered":"Bracelet cha\u00eene vintage Love"},"content":{"rendered":"<h1><strong>Description et d\u00e9tails<\/strong><\/h1>\n<p><strong>Dolce Jewellery, Bracelet Cha\u00eene Vintage Amour.<\/strong><\/p>\n<p>Ajoutez une touche d&#039;\u00e9l\u00e9gance raffin\u00e9e \u00e0 votre journ\u00e9e. Portez ce luxueux bracelet \u00e0 maillons en argent sterling, orn\u00e9 d&#039;un c\u0153ur d&#039;amour et d&#039;un style punk, et il fera l&#039;affaire. Parfait.<\/p>\n<p>Disponible en deux couleurs : Argent et Or.<\/p>\n<p><strong>Type de produit :\u00a0<\/strong>Bracelets<\/p>\n<p><strong>Nom du produit :\u00a0<\/strong>Bracelet cha\u00eene vintage Love<\/p>\n<p><strong>Mat\u00e9riel:\u00a0<\/strong>100% Argent sterling 925<\/p>\n<p><strong>Longueur:\u00a0<\/strong>18 cm (7,1 pouces)<\/p>\n<p><strong>Article:\u00a0<\/strong>MSL011<\/p>\n<p><img decoding=\"async\" src=\"https:\/\/cdn.shopify.com\/s\/files\/1\/0559\/8819\/1417\/files\/MSL011_480x480.png?v=1630344281\" alt=\"\" \/><\/p>","protected":false},"excerpt":{"rendered":"<p>Description &amp; Details Dolce Jewellery, Vintage Chain Love Bracelet. Add a dash of polished elegance to your day. Wear this luxury punk-style, love heart charm, sterling silver link chain bracelet and it will do the trick. Flawless. Available in two colors: Silver &amp; Gold. Product Type:\u00a0Bracelets Product Name:\u00a0Vintage Chain Love Bracelet Material:\u00a0100% 925 Sterling Silver [&#8230;]\n","protected":false},"featured_media":6667,"comment_status":"open","ping_status":"closed","template":"","meta":[],"product_brand":[],"product_cat":[31,29],"product_tag":[],"class_list":{"0":"post-3453","1":"product","2":"type-product","3":"status-publish","4":"has-post-thumbnail","6":"product_cat-bracelets","7":"product_cat-shop-all","9":"first","10":"instock","11":"shipping-taxable","12":"purchasable","13":"product-type-variable"},"_links":{"self":[{"href":"https:\/\/dolcejewellery.com\/fr\/wp-json\/wp\/v2\/product\/3453","targetHints":{"allow":["GET"]}}],"collection":[{"href":"https:\/\/dolcejewellery.com\/fr\/wp-json\/wp\/v2\/product"}],"about":[{"href":"https:\/\/dolcejewellery.com\/fr\/wp-json\/wp\/v2\/types\/product"}],"replies":[{"embeddable":true,"href":"https:\/\/dolcejewellery.com\/fr\/wp-json\/wp\/v2\/comments?post=3453"}],"wp:featuredmedia":[{"embeddable":true,"href":"https:\/\/dolcejewellery.com\/fr\/wp-json\/wp\/v2\/media\/6667"}],"wp:attachment":[{"href":"https:\/\/dolcejewellery.com\/fr\/wp-json\/wp\/v2\/media?parent=3453"}],"wp:term":[{"taxonomy":"product_brand","embeddable":true,"href":"https:\/\/dolcejewellery.com\/fr\/wp-json\/wp\/v2\/product_brand?post=3453"},{"taxonomy":"product_cat","embeddable":true,"href":"https:\/\/dolcejewellery.com\/fr\/wp-json\/wp\/v2\/product_cat?post=3453"},{"taxonomy":"product_tag","embeddable":true,"href":"https:\/\/dolcejewellery.com\/fr\/wp-json\/wp\/v2\/product_tag?post=3453"}],"curies":[{"name":"wp","href":"https:\/\/api.w.org\/{rel}","templated":true}]}}