{"id":3446,"date":"2025-02-01T11:15:19","date_gmt":"2025-02-01T11:15:19","guid":{"rendered":"https:\/\/dolcejewellery.com\/product\/v-rings\/"},"modified":"2025-10-28T14:38:52","modified_gmt":"2025-10-28T13:38:52","slug":"v-rings","status":"publish","type":"product","link":"https:\/\/dolcejewellery.com\/fr\/produit\/v-rings\/","title":{"rendered":"joints en V"},"content":{"rendered":"<h1 data-mce-fragment=\"1\"><strong data-mce-fragment=\"1\">Description et d\u00e9tails<\/strong><\/h1>\n<p data-mce-fragment=\"1\"><strong data-mce-fragment=\"1\">Dolce Jewellery, joints en V.<\/strong><\/p>\n<p>Des pi\u00e8ces parfaites au quotidien. Accessoirisez-les avec style gr\u00e2ce \u00e0 ces bracelets ajustables.\u00a0<span data-mce-fragment=\"1\">argent sterling 925\u00a0<\/span>bagues de doigt de Dolce Jewellery.<\/p>\n<p>La bague V en forme de c\u0153ur est orn\u00e9e d&#039;un \u00e9clatant diamant zircon, tandis que la bague V ronde est orn\u00e9e de minuscules diamants zircon pav\u00e9s brillants. La sobri\u00e9t\u00e9 rencontre un peu d&#039;\u00e9clat.<\/p>\n<p>Ces bagues Dolce Jewellery seront la cerise sur le g\u00e2teau de votre choix. Elles sont toujours r\u00e9ussies.<\/p>\n<p>Offert en une seule couleur : Argent.<\/p>\n<p><strong data-mce-fragment=\"1\">Type de produit :\u00a0<\/strong>Bagues<\/p>\n<p data-mce-fragment=\"1\"><strong data-mce-fragment=\"1\">Nom du produit :\u00a0<\/strong>joints en V<\/p>\n<p data-mce-fragment=\"1\"><span data-mce-fragment=\"1\"><strong data-mce-fragment=\"1\">Pierre: <\/strong><\/span><span data-mce-fragment=\"1\">Zircon\u00a0<\/span><\/p>\n<p data-mce-fragment=\"1\"><strong data-mce-fragment=\"1\">Mat\u00e9riel:\u00a0<\/strong>100% Argent sterling 925<\/p>\n<p data-mce-fragment=\"1\"><strong data-mce-fragment=\"1\">Article:\u00a0<\/strong>BKJZ082<\/p>","protected":false},"excerpt":{"rendered":"<p>Description &amp; Details Dolce Jewellery, V-rings. The perfect pieces for everyday wear. Accessorize in style with these adjustable\u00a0925 sterling silver\u00a0finger rings from Dolce Jewellery. The heart-shaped V-ring features a dazzling zircon diamond and the round-shaped V-ring adorned with shiny paved tiny zircon diamonds. Understated meets a little sparkle. These Dolce Jewellery rings will be the [&#8230;]\n","protected":false},"featured_media":7060,"comment_status":"open","ping_status":"closed","template":"","meta":[],"product_brand":[],"product_cat":[37,29],"product_tag":[],"class_list":{"0":"post-3446","1":"product","2":"type-product","3":"status-publish","4":"has-post-thumbnail","6":"product_cat-rings","7":"product_cat-shop-all","9":"first","10":"instock","11":"shipping-taxable","12":"purchasable","13":"product-type-variable"},"_links":{"self":[{"href":"https:\/\/dolcejewellery.com\/fr\/wp-json\/wp\/v2\/product\/3446","targetHints":{"allow":["GET"]}}],"collection":[{"href":"https:\/\/dolcejewellery.com\/fr\/wp-json\/wp\/v2\/product"}],"about":[{"href":"https:\/\/dolcejewellery.com\/fr\/wp-json\/wp\/v2\/types\/product"}],"replies":[{"embeddable":true,"href":"https:\/\/dolcejewellery.com\/fr\/wp-json\/wp\/v2\/comments?post=3446"}],"wp:featuredmedia":[{"embeddable":true,"href":"https:\/\/dolcejewellery.com\/fr\/wp-json\/wp\/v2\/media\/7060"}],"wp:attachment":[{"href":"https:\/\/dolcejewellery.com\/fr\/wp-json\/wp\/v2\/media?parent=3446"}],"wp:term":[{"taxonomy":"product_brand","embeddable":true,"href":"https:\/\/dolcejewellery.com\/fr\/wp-json\/wp\/v2\/product_brand?post=3446"},{"taxonomy":"product_cat","embeddable":true,"href":"https:\/\/dolcejewellery.com\/fr\/wp-json\/wp\/v2\/product_cat?post=3446"},{"taxonomy":"product_tag","embeddable":true,"href":"https:\/\/dolcejewellery.com\/fr\/wp-json\/wp\/v2\/product_tag?post=3446"}],"curies":[{"name":"wp","href":"https:\/\/api.w.org\/{rel}","templated":true}]}}