{"id":3442,"date":"2025-02-01T11:15:19","date_gmt":"2025-02-01T11:15:19","guid":{"rendered":"https:\/\/dolcejewellery.com\/product\/urban-chic-necklace\/"},"modified":"2025-10-28T14:35:36","modified_gmt":"2025-10-28T13:35:36","slug":"urban-chic-necklace","status":"publish","type":"product","link":"https:\/\/dolcejewellery.com\/fr\/produit\/urban-chic-necklace\/","title":{"rendered":"Collier Urban Chic"},"content":{"rendered":"<h1><strong>Description et d\u00e9tails<\/strong><\/h1>\n<p><strong>Dolce Jewellery, Collier Chic Urbain.<\/strong><\/p>\n<p>Sublimez votre style avec le collier Urban Chic, un bijou tendance et minimaliste qui respire le charme et la sophistication. Confectionn\u00e9 avec soin, ce collier clavicule est dot\u00e9 d&#039;une \u00e9l\u00e9gante cha\u00eene \u00e0 maillons orn\u00e9e de petites perles.<\/p>\n<p>Le collier Urban Chic incarne l&#039;essence m\u00eame de la mode cor\u00e9enne avec son design minimaliste et son \u00e9l\u00e9gance naturelle. C&#039;est l&#039;accessoire id\u00e9al pour les femmes qui appr\u00e9cient les bijoux chics et charmants. Que vous alliez au bureau, pour une sortie d\u00e9contract\u00e9e ou une soir\u00e9e, ce collier apportera une touche de sophistication \u00e0 toutes vos tenues.<\/p>\n<p>Con\u00e7u pour \u00eatre polyvalent, le collier Urban Chic s&#039;accorde aussi bien avec les tenues d\u00e9contract\u00e9es que formelles. Sa longueur r\u00e9glable assure un confort optimal \u00e0 chaque femme, ce qui en fait un accessoire id\u00e9al \u00e0 porter au quotidien.<\/p>\n<p>Laissez-vous s\u00e9duire par le charme du collier Urban Chic de Dolce Jewellery. Soigneusement con\u00e7u avec une attention particuli\u00e8re aux d\u00e9tails, il incarne l&#039;essence m\u00eame de la mode contemporaine et symbolise votre style unique. Laissez sa cha\u00eene \u00e0 maillons minimaliste et ses perles d\u00e9licates s&#039;affirmer, refl\u00e9tant votre personnalit\u00e9 chic et charmante en toute circonstance.<\/p>\n<p><strong>Type de produit : <\/strong>Colliers<\/p>\n<p><strong>Nom du produit :\u00a0<\/strong>Collier Urban Chic<\/p>\n<p><strong>Mat\u00e9riel: <\/strong>100% Argent sterling 925<\/p>\n<p><strong>Longueur: <\/strong>35,5 cm (14 pouces), la longueur de la cha\u00eene peut \u00eatre allong\u00e9e d&#039;environ 4,5 cm (1,8 pouces)<\/p>\n<p><strong>Article:\u00a0<\/strong>BKXL014<\/p>\n<p>&nbsp;<\/p>\n<p><img loading=\"lazy\" decoding=\"async\" class=\"alignnone wp-image-6282 size-full\" src=\"https:\/\/dolcejewellery.com\/wp-content\/uploads\/2025\/02\/0.25CM.png\" alt=\"\" width=\"800\" height=\"800\" srcset=\"https:\/\/dolcejewellery.com\/wp-content\/uploads\/2025\/02\/0.25CM.png 800w, https:\/\/dolcejewellery.com\/wp-content\/uploads\/2025\/02\/0.25CM-300x300.png 300w, https:\/\/dolcejewellery.com\/wp-content\/uploads\/2025\/02\/0.25CM-150x150.png 150w, https:\/\/dolcejewellery.com\/wp-content\/uploads\/2025\/02\/0.25CM-768x768.png 768w, https:\/\/dolcejewellery.com\/wp-content\/uploads\/2025\/02\/0.25CM-600x600.png 600w, https:\/\/dolcejewellery.com\/wp-content\/uploads\/2025\/02\/0.25CM-100x100.png 100w\" sizes=\"auto, (max-width: 800px) 100vw, 800px\" \/><\/p>","protected":false},"excerpt":{"rendered":"<p>Description &amp; Details Dolce Jewellery,\u00a0Urban Chic Necklace. Elevate your style with the Urban Chic Necklace, a fashionable and minimalist piece of jewellery that exudes charm and sophistication. Crafted with care, this clavicle necklace features a sleek link chain adorned with small beads. The Urban Chic Necklace captures the essence of Korean fashion with its minimalist [&#8230;]\n","protected":false},"featured_media":6273,"comment_status":"open","ping_status":"closed","template":"","meta":[],"product_brand":[],"product_cat":[36,29],"product_tag":[],"class_list":{"0":"post-3442","1":"product","2":"type-product","3":"status-publish","4":"has-post-thumbnail","6":"product_cat-necklaces","7":"product_cat-shop-all","9":"first","10":"instock","11":"shipping-taxable","12":"purchasable","13":"product-type-variable"},"_links":{"self":[{"href":"https:\/\/dolcejewellery.com\/fr\/wp-json\/wp\/v2\/product\/3442","targetHints":{"allow":["GET"]}}],"collection":[{"href":"https:\/\/dolcejewellery.com\/fr\/wp-json\/wp\/v2\/product"}],"about":[{"href":"https:\/\/dolcejewellery.com\/fr\/wp-json\/wp\/v2\/types\/product"}],"replies":[{"embeddable":true,"href":"https:\/\/dolcejewellery.com\/fr\/wp-json\/wp\/v2\/comments?post=3442"}],"wp:featuredmedia":[{"embeddable":true,"href":"https:\/\/dolcejewellery.com\/fr\/wp-json\/wp\/v2\/media\/6273"}],"wp:attachment":[{"href":"https:\/\/dolcejewellery.com\/fr\/wp-json\/wp\/v2\/media?parent=3442"}],"wp:term":[{"taxonomy":"product_brand","embeddable":true,"href":"https:\/\/dolcejewellery.com\/fr\/wp-json\/wp\/v2\/product_brand?post=3442"},{"taxonomy":"product_cat","embeddable":true,"href":"https:\/\/dolcejewellery.com\/fr\/wp-json\/wp\/v2\/product_cat?post=3442"},{"taxonomy":"product_tag","embeddable":true,"href":"https:\/\/dolcejewellery.com\/fr\/wp-json\/wp\/v2\/product_tag?post=3442"}],"curies":[{"name":"wp","href":"https:\/\/api.w.org\/{rel}","templated":true}]}}