{"id":3436,"date":"2025-02-01T11:15:19","date_gmt":"2025-02-01T11:15:19","guid":{"rendered":"https:\/\/dolcejewellery.com\/product\/unique-design-synthetic-pearl-ring\/"},"modified":"2025-10-28T14:31:41","modified_gmt":"2025-10-28T13:31:41","slug":"unique-design-synthetic-pearl-ring","status":"publish","type":"product","link":"https:\/\/dolcejewellery.com\/fr\/produit\/unique-design-synthetic-pearl-ring\/","title":{"rendered":"Bague en perles synth\u00e9tiques au design unique"},"content":{"rendered":"<h1><strong>Description et d\u00e9tails<\/strong><\/h1>\n<p><strong>Dolce Jewellery, Bague en perles synth\u00e9tiques au design unique.<\/strong><\/p>\n<p>Affirmez votre style avec notre bague en perles synth\u00e9tiques au design unique. Cette bague raffin\u00e9e est orn\u00e9e d&#039;une magnifique perle synth\u00e9tique, cr\u00e9ant un look captivant et \u00e9l\u00e9gant.<\/p>\n<p>Fabriqu\u00e9e avec soin, cette bague est en argent sterling 925 v\u00e9ritable, gage de qualit\u00e9 et de durabilit\u00e9. Son design unique met en valeur la beaut\u00e9 de la perle synth\u00e9tique, soulignant son \u00e9clat brillant et sa texture lisse.<\/p>\n<p>Son anneau r\u00e9glable assure un ajustement confortable, ce qui en fait une bague id\u00e9ale au quotidien comme pour les grandes occasions. Que vous souhaitiez ajouter une touche de sophistication \u00e0 votre tenue de bureau ou rehausser votre tenue de soir\u00e9e, cette bague est un choix polyvalent.<\/p>\n<p>La perle synth\u00e9tique, d&#039;une beaut\u00e9 intemporelle, symbolise la puret\u00e9 et l&#039;\u00e9l\u00e9gance. Elle ajoute une touche de gr\u00e2ce et de sophistication \u00e0 votre style, laissant une impression durable o\u00f9 que vous alliez.<\/p>\n<p>Cette bague au design unique en perles synth\u00e9tiques est un cadeau id\u00e9al pour vous-m\u00eame ou pour un \u00eatre cher. Elle est joliment pr\u00e9sent\u00e9e dans un coffret cadeau, pr\u00eate \u00e0 \u00eatre offerte et ch\u00e9rie.<\/p>\n<p>Sublimez votre collection de bijoux avec la bague au design unique en perles synth\u00e9tiques de Dolce Jewellery. Laissez la beaut\u00e9 de la perle synth\u00e9tique embellir votre doigt, sublimant votre style et ajoutant une touche de raffinement \u00e0 toutes vos tenues.<\/p>\n<p><strong>Type de produit :\u00a0<\/strong>Bagues<\/p>\n<p><strong>Nom du produit :\u00a0<\/strong>Bague en perles synth\u00e9tiques au design unique<\/p>\n<p><strong>Type de perle :\u00a0<\/strong>Perle synth\u00e9tique<\/p>\n<p><strong>Mat\u00e9riel:\u00a0<\/strong>100% Argent sterling 925<\/p>\n<p><strong>Article:\u00a0<\/strong>BKJZ169<\/p>\n<p><img decoding=\"async\" src=\"https:\/\/cdn.shopify.com\/s\/files\/1\/0559\/8819\/1417\/files\/0bc694a9-6388-4d86-a0ba-81795383da2a_480x480.png?v=1690552196\" alt=\"\" \/><\/p>","protected":false},"excerpt":{"rendered":"<p>Description &amp; Details Dolce Jewellery,\u00a0Unique Design Synthetic Pearl Ring. Make a statement with our Unique Design Synthetic Pearl Ring. This exquisite ring features a stunning synthetic pearl as its centerpiece, creating a captivating and elegant look. Crafted with care, this ring is made from genuine 925 sterling silver, ensuring both quality and durability. The unique [&#8230;]\n","protected":false},"featured_media":7048,"comment_status":"open","ping_status":"closed","template":"","meta":[],"product_brand":[],"product_cat":[37,29],"product_tag":[],"class_list":{"0":"post-3436","1":"product","2":"type-product","3":"status-publish","4":"has-post-thumbnail","6":"product_cat-rings","7":"product_cat-shop-all","9":"first","10":"instock","11":"shipping-taxable","12":"purchasable","13":"product-type-variable"},"_links":{"self":[{"href":"https:\/\/dolcejewellery.com\/fr\/wp-json\/wp\/v2\/product\/3436","targetHints":{"allow":["GET"]}}],"collection":[{"href":"https:\/\/dolcejewellery.com\/fr\/wp-json\/wp\/v2\/product"}],"about":[{"href":"https:\/\/dolcejewellery.com\/fr\/wp-json\/wp\/v2\/types\/product"}],"replies":[{"embeddable":true,"href":"https:\/\/dolcejewellery.com\/fr\/wp-json\/wp\/v2\/comments?post=3436"}],"wp:featuredmedia":[{"embeddable":true,"href":"https:\/\/dolcejewellery.com\/fr\/wp-json\/wp\/v2\/media\/7048"}],"wp:attachment":[{"href":"https:\/\/dolcejewellery.com\/fr\/wp-json\/wp\/v2\/media?parent=3436"}],"wp:term":[{"taxonomy":"product_brand","embeddable":true,"href":"https:\/\/dolcejewellery.com\/fr\/wp-json\/wp\/v2\/product_brand?post=3436"},{"taxonomy":"product_cat","embeddable":true,"href":"https:\/\/dolcejewellery.com\/fr\/wp-json\/wp\/v2\/product_cat?post=3436"},{"taxonomy":"product_tag","embeddable":true,"href":"https:\/\/dolcejewellery.com\/fr\/wp-json\/wp\/v2\/product_tag?post=3436"}],"curies":[{"name":"wp","href":"https:\/\/api.w.org\/{rel}","templated":true}]}}