{"id":3430,"date":"2025-02-01T11:15:18","date_gmt":"2025-02-01T11:15:18","guid":{"rendered":"https:\/\/dolcejewellery.com\/product\/twisted-retro-bracelet\/"},"modified":"2025-10-28T14:48:52","modified_gmt":"2025-10-28T13:48:52","slug":"twisted-retro-bracelet","status":"publish","type":"product","link":"https:\/\/dolcejewellery.com\/fr\/produit\/twisted-retro-bracelet\/","title":{"rendered":"Bracelet r\u00e9tro torsad\u00e9"},"content":{"rendered":"<h1><strong>Description et d\u00e9tails<\/strong><\/h1>\n<p><strong>Dolce Jewellery, Bracelet R\u00e9tro Torsad\u00e9.<\/strong><\/p>\n<p>Sublimez votre style avec une touche de charme r\u00e9tro et d&#039;\u00e9l\u00e9gance minimaliste gr\u00e2ce \u00e0 notre bracelet r\u00e9tro torsad\u00e9. Fabriqu\u00e9 en argent sterling 925 v\u00e9ritable, ce bracelet pr\u00e9sente un design unique qui allie avec \u00e9l\u00e9gance la beaut\u00e9 intemporelle d&#039;une corde rouge et d&#039;une cha\u00eene perl\u00e9e.<\/p>\n<p>La corde rouge, rappelant l&#039;esth\u00e9tique vintage, apporte une touche de couleur vive et une touche ludique au bracelet. Enroul\u00e9e autour de la cha\u00eene perl\u00e9e, elle cr\u00e9e un contraste saisissant et dynamique qui ne manquera pas d&#039;attirer l&#039;attention.<\/p>\n<p>La cha\u00eene perl\u00e9e, confectionn\u00e9e avec pr\u00e9cision et souci du d\u00e9tail, met en valeur des perles d\u00e9licates qui ajoutent de la texture et de la profondeur au bracelet.<\/p>\n<p>La longueur r\u00e9glable assure un ajustement confortable et vous permet de personnaliser le bracelet \u00e0 la taille souhait\u00e9e. Le fermoir s\u00e9curis\u00e9 maintient le bracelet bien en place, vous offrant une tranquillit\u00e9 d&#039;esprit optimale.<\/p>\n<p>Le bracelet r\u00e9tro torsad\u00e9 est un accessoire polyvalent qui se porte en diverses occasions. Que vous vous habilliez pour un \u00e9v\u00e9nement sp\u00e9cial ou que vous ajoutiez une touche r\u00e9tro \u00e0 votre tenue d\u00e9contract\u00e9e, ce bracelet apportera une touche d&#039;originalit\u00e9 et de personnalit\u00e9 \u00e0 votre look.<\/p>\n<p>D\u00e9couvrez l&#039;alliance parfaite entre esth\u00e9tique r\u00e9tro et charme minimaliste avec le bracelet r\u00e9tro torsad\u00e9 de Dolce Jewellery. Affirmez votre style et laissez cet accessoire captivant affirmer votre esprit avant-gardiste.<\/p>\n<p><strong>Type de produit : <\/strong>Bracelets<\/p>\n<p><strong>Nom du produit :\u00a0<\/strong>Bracelet r\u00e9tro torsad\u00e9<\/p>\n<p><strong>Mat\u00e9riel: <\/strong>100% Argent sterling 925<\/p>\n<p><strong>Longueur: <\/strong>La longueur du bracelet est de 16,2 cm (6,4 pouces), la longueur de la cha\u00eene d&#039;extension est de 3,5 cm (1,4 pouces)<\/p>\n<p><strong>Article:\u00a0<\/strong>BKSL027<\/p>\n<p><img decoding=\"async\" src=\"https:\/\/cdn.shopify.com\/s\/files\/1\/0559\/8819\/1417\/files\/5b56e8a4-b64f-4152-b2a8-a56e6b0a28f6_480x480.png?v=1690049587\" alt=\"\" \/><\/p>","protected":false},"excerpt":{"rendered":"<p>Description &amp; Details Dolce Jewellery,\u00a0Twisted Retro Bracelet. Elevate your style with a touch of retro charm and minimalist elegance with our Twisted Retro Bracelet. Crafted from genuine 925 sterling silver, this bracelet features a unique design that effortlessly combines the timeless beauty of a red rope and a beaded chain. The red rope, reminiscent of [&#8230;]\n","protected":false},"featured_media":6684,"comment_status":"open","ping_status":"closed","template":"","meta":[],"product_brand":[],"product_cat":[31,29],"product_tag":[],"class_list":{"0":"post-3430","1":"product","2":"type-product","3":"status-publish","4":"has-post-thumbnail","6":"product_cat-bracelets","7":"product_cat-shop-all","9":"first","10":"instock","11":"shipping-taxable","12":"purchasable","13":"product-type-variable"},"_links":{"self":[{"href":"https:\/\/dolcejewellery.com\/fr\/wp-json\/wp\/v2\/product\/3430","targetHints":{"allow":["GET"]}}],"collection":[{"href":"https:\/\/dolcejewellery.com\/fr\/wp-json\/wp\/v2\/product"}],"about":[{"href":"https:\/\/dolcejewellery.com\/fr\/wp-json\/wp\/v2\/types\/product"}],"replies":[{"embeddable":true,"href":"https:\/\/dolcejewellery.com\/fr\/wp-json\/wp\/v2\/comments?post=3430"}],"wp:featuredmedia":[{"embeddable":true,"href":"https:\/\/dolcejewellery.com\/fr\/wp-json\/wp\/v2\/media\/6684"}],"wp:attachment":[{"href":"https:\/\/dolcejewellery.com\/fr\/wp-json\/wp\/v2\/media?parent=3430"}],"wp:term":[{"taxonomy":"product_brand","embeddable":true,"href":"https:\/\/dolcejewellery.com\/fr\/wp-json\/wp\/v2\/product_brand?post=3430"},{"taxonomy":"product_cat","embeddable":true,"href":"https:\/\/dolcejewellery.com\/fr\/wp-json\/wp\/v2\/product_cat?post=3430"},{"taxonomy":"product_tag","embeddable":true,"href":"https:\/\/dolcejewellery.com\/fr\/wp-json\/wp\/v2\/product_tag?post=3430"}],"curies":[{"name":"wp","href":"https:\/\/api.w.org\/{rel}","templated":true}]}}