{"id":3425,"date":"2025-02-01T11:15:18","date_gmt":"2025-02-01T11:15:18","guid":{"rendered":"https:\/\/dolcejewellery.com\/product\/twisted-harmony-ring\/"},"modified":"2025-10-28T14:42:07","modified_gmt":"2025-10-28T13:42:07","slug":"twisted-harmony-ring","status":"publish","type":"product","link":"https:\/\/dolcejewellery.com\/fr\/produit\/twisted-harmony-ring\/","title":{"rendered":"Bague d&#039;harmonie torsad\u00e9e"},"content":{"rendered":"<h1><strong>Description et d\u00e9tails<\/strong><\/h1>\n<p><strong>Dolce Jewellery, Bague d&#039;harmonie torsad\u00e9e.<\/strong><\/p>\n<p>D\u00e9couvrez l&#039;alliance parfaite entre sophistication et style avec notre bague Twisted Harmony. Cette bague exquise, confectionn\u00e9e en argent sterling 925 v\u00e9ritable, pr\u00e9sente un design unique alliant \u00e9l\u00e9gance et polyvalence.<\/p>\n<p>Cette bague pr\u00e9sente un design \u00e0 double anneau\u00a0: l&#039;un est torsad\u00e9 pour plus d&#039;attrait visuel et de dimension, tandis que l&#039;autre reste \u00e9l\u00e9gant et classique. L&#039;association des anneaux torsad\u00e9s et lisses cr\u00e9e un \u00e9quilibre harmonieux, symbolisant la beaut\u00e9 de la dualit\u00e9 et de l&#039;\u00e9quilibre dans la vie.<\/p>\n<p>R\u00e9alis\u00e9e avec une attention m\u00e9ticuleuse aux d\u00e9tails, cette bague est polie pour un \u00e9clat brillant, refl\u00e9tant la lumi\u00e8re et apportant une touche de luxe \u00e0 votre main. L&#039;argent sterling 925 garantit durabilit\u00e9 et long\u00e9vit\u00e9, faisant de cette bague un bijou pr\u00e9cieux pour les ann\u00e9es \u00e0 venir.<\/p>\n<p>Qu&#039;elle soit port\u00e9e comme pi\u00e8ce ma\u00eetresse ou comme accessoire du quotidien, la bague Twisted Harmony s&#039;adapte \u00e0 une grande vari\u00e9t\u00e9 de tenues et d&#039;occasions. Son design polyvalent la rend id\u00e9ale aussi bien pour les tenues d\u00e9contract\u00e9es que formelles, ajoutant une touche d&#039;\u00e9l\u00e9gance \u00e0 n&#039;importe quelle tenue.<\/p>\n<p>Adoptez la beaut\u00e9 de l&#039;\u00e9quilibre et du style intemporel avec la bague Twisted Harmony de Dolce Jewellery. Son design unique refl\u00e8te votre style personnel et vous invite \u00e0 trouver l&#039;harmonie dans tous les aspects de votre vie.<\/p>\n<p><strong>Type de produit :\u00a0<\/strong>Bagues<\/p>\n<p><strong>Nom du produit :\u00a0<\/strong>Bague d&#039;harmonie torsad\u00e9e<\/p>\n<p><strong>Mat\u00e9riel:\u00a0<\/strong>100% Argent sterling 925<\/p>\n<p><strong>Article:\u00a0<\/strong>BKJZ139<\/p>\n<p><img loading=\"lazy\" decoding=\"async\" class=\"alignnone\" src=\"https:\/\/cdn.shopify.com\/s\/files\/1\/0559\/8819\/1417\/files\/d0236990-c898-45bb-af3c-931af9995cb2_480x480.png?v=1690190171\" alt=\"\" width=\"480\" height=\"339\" \/><\/p>","protected":false},"excerpt":{"rendered":"<p>Description &amp; Details Dolce Jewellery,\u00a0Twisted Harmony Ring. Experience the perfect blend of sophistication and style with our Twisted Harmony Ring. This exquisite ring is crafted from genuine 925 sterling silver, featuring a unique design that showcases both elegance and versatility. The ring features a double band design, with one band twisted for added visual interest [&#8230;]\n","protected":false},"featured_media":7064,"comment_status":"open","ping_status":"closed","template":"","meta":[],"product_brand":[],"product_cat":[37,29],"product_tag":[],"class_list":{"0":"post-3425","1":"product","2":"type-product","3":"status-publish","4":"has-post-thumbnail","6":"product_cat-rings","7":"product_cat-shop-all","9":"first","10":"instock","11":"shipping-taxable","12":"purchasable","13":"product-type-variable"},"_links":{"self":[{"href":"https:\/\/dolcejewellery.com\/fr\/wp-json\/wp\/v2\/product\/3425","targetHints":{"allow":["GET"]}}],"collection":[{"href":"https:\/\/dolcejewellery.com\/fr\/wp-json\/wp\/v2\/product"}],"about":[{"href":"https:\/\/dolcejewellery.com\/fr\/wp-json\/wp\/v2\/types\/product"}],"replies":[{"embeddable":true,"href":"https:\/\/dolcejewellery.com\/fr\/wp-json\/wp\/v2\/comments?post=3425"}],"wp:featuredmedia":[{"embeddable":true,"href":"https:\/\/dolcejewellery.com\/fr\/wp-json\/wp\/v2\/media\/7064"}],"wp:attachment":[{"href":"https:\/\/dolcejewellery.com\/fr\/wp-json\/wp\/v2\/media?parent=3425"}],"wp:term":[{"taxonomy":"product_brand","embeddable":true,"href":"https:\/\/dolcejewellery.com\/fr\/wp-json\/wp\/v2\/product_brand?post=3425"},{"taxonomy":"product_cat","embeddable":true,"href":"https:\/\/dolcejewellery.com\/fr\/wp-json\/wp\/v2\/product_cat?post=3425"},{"taxonomy":"product_tag","embeddable":true,"href":"https:\/\/dolcejewellery.com\/fr\/wp-json\/wp\/v2\/product_tag?post=3425"}],"curies":[{"name":"wp","href":"https:\/\/api.w.org\/{rel}","templated":true}]}}