{"id":3400,"date":"2025-02-01T11:15:16","date_gmt":"2025-02-01T11:15:16","guid":{"rendered":"https:\/\/dolcejewellery.com\/product\/three-petal-zircon-flower-earrings\/"},"modified":"2025-10-28T14:55:33","modified_gmt":"2025-10-28T13:55:33","slug":"three-petal-zircon-flower-earrings","status":"publish","type":"product","link":"https:\/\/dolcejewellery.com\/fr\/produit\/three-petal-zircon-flower-earrings\/","title":{"rendered":"Boucles d&#039;oreilles fleur en zircon \u00e0 trois p\u00e9tales"},"content":{"rendered":"<h1><strong>Description et d\u00e9tails<\/strong><\/h1>\n<p><strong>Dolce Jewellery, Boucles d&#039;oreilles en forme de fleur en zircon \u00e0 trois p\u00e9tales.<\/strong><\/p>\n<p>Il n&#039;y a pas de mauvais jour qu&#039;un beau bijou ne puisse \u00e9gayer. Orn\u00e9es de cristaux, ces boucles d&#039;oreilles Dolce Jewellery vous feront sentir (et para\u00eetre) instantan\u00e9ment mieux. Le bonheur vient par paires\u2026 de boucles d&#039;oreilles.<\/p>\n<p>Offert en deux couleurs : Argent et Or.<\/p>\n<p>Ces boucles d&#039;oreilles sont vendues par paire.<\/p>\n<p><strong>Type de produit :<\/strong> Boucles d&#039;oreilles \u00e0 tige<\/p>\n<p><strong>Nom du produit :\u00a0<\/strong>Boucles d&#039;oreilles fleur en zircon \u00e0 trois p\u00e9tales<\/p>\n<p><strong>Pierre: <\/strong>Zircon<\/p>\n<p><strong>Mat\u00e9riel:\u00a0<\/strong>100% Argent sterling 925<\/p>\n<p><strong>Poids:\u00a0<\/strong>0,59 g<\/p>\n<p><strong>Article:\u00a0<\/strong>BKEJ232<\/p>\n<p><img loading=\"lazy\" decoding=\"async\" class=\"alignnone wp-image-7556 size-full\" src=\"https:\/\/dolcejewellery.com\/wp-content\/uploads\/2025\/02\/BKEJ232.png\" alt=\"\" width=\"780\" height=\"551\" srcset=\"https:\/\/dolcejewellery.com\/wp-content\/uploads\/2025\/02\/BKEJ232.png 780w, https:\/\/dolcejewellery.com\/wp-content\/uploads\/2025\/02\/BKEJ232-300x212.png 300w, https:\/\/dolcejewellery.com\/wp-content\/uploads\/2025\/02\/BKEJ232-768x543.png 768w\" sizes=\"auto, (max-width: 780px) 100vw, 780px\" \/><\/p>","protected":false},"excerpt":{"rendered":"<p>Description &amp; Details Dolce Jewellery, Three Petal Zircon Flower Earrings. There&#8217;s no bad day a great piece of jewellery can&#8217;t fix. Decorated with crystal embellishments, these Dolce Jewellery stud earrings are set to make you feel (and look) instantly better. Happiness comes in pairs&#8230; of earrings. Offered in two colors: Silver &amp; Gold. These earrings [&#8230;]\n","protected":false},"featured_media":7547,"comment_status":"open","ping_status":"closed","template":"","meta":[],"product_brand":[],"product_cat":[34,29,38],"product_tag":[25],"class_list":{"0":"post-3400","1":"product","2":"type-product","3":"status-publish","4":"has-post-thumbnail","6":"product_cat-earrings","7":"product_cat-shop-all","8":"product_cat-stud-earrings","9":"product_tag-stud-earrings","11":"first","12":"instock","13":"shipping-taxable","14":"purchasable","15":"product-type-variable"},"_links":{"self":[{"href":"https:\/\/dolcejewellery.com\/fr\/wp-json\/wp\/v2\/product\/3400","targetHints":{"allow":["GET"]}}],"collection":[{"href":"https:\/\/dolcejewellery.com\/fr\/wp-json\/wp\/v2\/product"}],"about":[{"href":"https:\/\/dolcejewellery.com\/fr\/wp-json\/wp\/v2\/types\/product"}],"replies":[{"embeddable":true,"href":"https:\/\/dolcejewellery.com\/fr\/wp-json\/wp\/v2\/comments?post=3400"}],"wp:featuredmedia":[{"embeddable":true,"href":"https:\/\/dolcejewellery.com\/fr\/wp-json\/wp\/v2\/media\/7547"}],"wp:attachment":[{"href":"https:\/\/dolcejewellery.com\/fr\/wp-json\/wp\/v2\/media?parent=3400"}],"wp:term":[{"taxonomy":"product_brand","embeddable":true,"href":"https:\/\/dolcejewellery.com\/fr\/wp-json\/wp\/v2\/product_brand?post=3400"},{"taxonomy":"product_cat","embeddable":true,"href":"https:\/\/dolcejewellery.com\/fr\/wp-json\/wp\/v2\/product_cat?post=3400"},{"taxonomy":"product_tag","embeddable":true,"href":"https:\/\/dolcejewellery.com\/fr\/wp-json\/wp\/v2\/product_tag?post=3400"}],"curies":[{"name":"wp","href":"https:\/\/api.w.org\/{rel}","templated":true}]}}