{"id":3390,"date":"2025-02-01T11:15:15","date_gmt":"2025-02-01T11:15:15","guid":{"rendered":"https:\/\/dolcejewellery.com\/product\/tassel-bean-beads-drop-earrings\/"},"modified":"2025-10-28T15:55:39","modified_gmt":"2025-10-28T14:55:39","slug":"tassel-bean-beads-drop-earrings","status":"publish","type":"product","link":"https:\/\/dolcejewellery.com\/fr\/produit\/tassel-bean-beads-drop-earrings\/","title":{"rendered":"Boucles d&#039;oreilles pendantes en perles de haricot \u00e0 pampilles"},"content":{"rendered":"<h1><strong>Description et d\u00e9tails<\/strong><\/h1>\n<p><strong>Dolce Jewellery, Boucles d&#039;oreilles pendantes en perles de haricot \u00e0 pompon.<\/strong><\/p>\n<p>De la m\u00eame mani\u00e8re que vous ne quitteriez pas la maison sans vos cl\u00e9s, vous ne devriez pas sortir sans la touche finale parfaite.<\/p>\n<p>Cette paire ajoutera une touche d&#039;originalit\u00e9 \u00e0 votre collection de bijoux. Osez la diff\u00e9rence.<\/p>\n<p>Offert en deux couleurs : Argent et Or.<\/p>\n<p>Ces boucles d&#039;oreilles sont vendues par paire.<\/p>\n<p><strong>Type de produit :<\/strong> Boucles d&#039;oreilles pendantes<\/p>\n<p><strong>Nom du produit :\u00a0<\/strong>Boucles d&#039;oreilles pendantes en perles de haricot \u00e0 pampilles<\/p>\n<p><strong>Mat\u00e9riel:\u00a0<\/strong>100% Argent sterling 925<\/p>\n<p><strong>Poids: <\/strong>1,8 g<\/p>\n<p><strong>Article:\u00a0<\/strong>MEJ358<\/p>\n<p><img decoding=\"async\" src=\"https:\/\/cdn.shopify.com\/s\/files\/1\/0559\/8819\/1417\/files\/c3bba23c-56da-4646-a296-a6b9444691d9_480x480.jpg?v=1630309721\" alt=\"\" \/><\/p>","protected":false},"excerpt":{"rendered":"<p>Description &amp; Details Dolce Jewellery, Tassel Bean Beads Drop Earrings. The same way you wouldn&#8217;t leave the house without your keys, you shouldn&#8217;t go out without the perfect finishing touch. This pair will add an edge to your jewellery arsenal. Dare to be different. Offered in two colors: Silver &amp; Gold. These earrings come as [&#8230;]\n","protected":false},"featured_media":7572,"comment_status":"open","ping_status":"closed","template":"","meta":[],"product_brand":[],"product_cat":[33,34,29],"product_tag":[24],"class_list":{"0":"post-3390","1":"product","2":"type-product","3":"status-publish","4":"has-post-thumbnail","6":"product_cat-drop-earrings","7":"product_cat-earrings","8":"product_cat-shop-all","9":"product_tag-drop-earrings","11":"first","12":"instock","13":"shipping-taxable","14":"purchasable","15":"product-type-variable"},"_links":{"self":[{"href":"https:\/\/dolcejewellery.com\/fr\/wp-json\/wp\/v2\/product\/3390","targetHints":{"allow":["GET"]}}],"collection":[{"href":"https:\/\/dolcejewellery.com\/fr\/wp-json\/wp\/v2\/product"}],"about":[{"href":"https:\/\/dolcejewellery.com\/fr\/wp-json\/wp\/v2\/types\/product"}],"replies":[{"embeddable":true,"href":"https:\/\/dolcejewellery.com\/fr\/wp-json\/wp\/v2\/comments?post=3390"}],"wp:featuredmedia":[{"embeddable":true,"href":"https:\/\/dolcejewellery.com\/fr\/wp-json\/wp\/v2\/media\/7572"}],"wp:attachment":[{"href":"https:\/\/dolcejewellery.com\/fr\/wp-json\/wp\/v2\/media?parent=3390"}],"wp:term":[{"taxonomy":"product_brand","embeddable":true,"href":"https:\/\/dolcejewellery.com\/fr\/wp-json\/wp\/v2\/product_brand?post=3390"},{"taxonomy":"product_cat","embeddable":true,"href":"https:\/\/dolcejewellery.com\/fr\/wp-json\/wp\/v2\/product_cat?post=3390"},{"taxonomy":"product_tag","embeddable":true,"href":"https:\/\/dolcejewellery.com\/fr\/wp-json\/wp\/v2\/product_tag?post=3390"}],"curies":[{"name":"wp","href":"https:\/\/api.w.org\/{rel}","templated":true}]}}