{"id":3387,"date":"2025-02-01T11:15:15","date_gmt":"2025-02-01T11:15:15","guid":{"rendered":"https:\/\/dolcejewellery.com\/product\/sweetheart-charm-necklace\/"},"modified":"2025-10-28T15:51:18","modified_gmt":"2025-10-28T14:51:18","slug":"sweetheart-charm-necklace","status":"publish","type":"product","link":"https:\/\/dolcejewellery.com\/fr\/produit\/sweetheart-charm-necklace\/","title":{"rendered":"Collier \u00e0 breloques en forme de c\u0153ur"},"content":{"rendered":"<h1><strong>Description et d\u00e9tails<\/strong><\/h1>\n<p><strong>Dolce Jewellery, Collier \u00e0 breloques en forme de c\u0153ur.<\/strong><\/p>\n<p>Compl\u00e9tez votre look avec le ravissant collier \u00e0 breloques Sweetheart. Confectionn\u00e9 en argent sterling 925 v\u00e9ritable, ce collier est dot\u00e9 d&#039;une cha\u00eene d\u00e9licate et \u00e9l\u00e9gante qui sublime d\u00e9licatement votre d\u00e9collet\u00e9. Un pendentif c\u0153ur miniature orn\u00e9 de petites zircones scintillantes orne la cha\u00eene, ajoutant une touche de romantisme et de glamour \u00e0 votre ensemble.<\/p>\n<p>Le collier Sweetheart Charm est con\u00e7u pour celles qui appr\u00e9cient les accessoires simples et captivants. Sa cha\u00eene d\u00e9licate sublime son allure f\u00e9minine, tandis que le mini pendentif c\u0153ur orn\u00e9 de zircons scintillants cr\u00e9e une touche d&#039;\u00e9l\u00e9gance. L&#039;association du symbole intemporel du c\u0153ur et des zircons scintillants ajoute une touche de fantaisie et de sophistication \u00e0 votre style.<\/p>\n<p>Polyvalent, ce collier convient \u00e0 de nombreuses occasions, des sorties d\u00e9contract\u00e9es aux \u00e9v\u00e9nements sp\u00e9ciaux. Son design minimaliste lui permet de compl\u00e9ter facilement toutes vos tenues, que vous optiez pour un look chic au quotidien ou que vous ajoutiez une touche de charme \u00e0 une tenue de soir\u00e9e.<\/p>\n<p>Confectionn\u00e9 avec une attention m\u00e9ticuleuse aux d\u00e9tails et \u00e0 la qualit\u00e9, le collier \u00e0 breloques Sweetheart t\u00e9moigne \u00e0 la fois de style et de savoir-faire. Son charme exquis et son \u00e9clat d\u00e9licat en font un cadeau id\u00e9al pour vous-m\u00eame ou un \u00eatre cher, symbole d&#039;amour et d&#039;affection.<\/p>\n<p>Adoptez le charme envo\u00fbtant du collier \u00e0 breloques Sweetheart de Dolce Jewellery. Son d\u00e9licat pendentif c\u0153ur et ses charmants zircons apporteront une touche de romantisme et d&#039;\u00e9l\u00e9gance \u00e0 votre look, faisant de ce bijou un accessoire pr\u00e9cieux en toute occasion.<\/p>\n<p><strong>Type de produit : <\/strong>Colliers<\/p>\n<p><strong>Nom du produit :\u00a0<\/strong>Collier \u00e0 breloques en forme de c\u0153ur<\/p>\n<p><strong>Pierre: <\/strong>Zircon<\/p>\n<p><strong>Mat\u00e9riel: <\/strong>100% Argent sterling 925<\/p>\n<p><strong>Longueur: <\/strong>40,5 cm (16 pouces), la longueur de la cha\u00eene peut \u00eatre allong\u00e9e d&#039;environ 3,5 cm (1,4 pouces)<\/p>\n<p><strong>Article:\u00a0<\/strong>BKXL039<\/p>\n<p><img decoding=\"async\" src=\"https:\/\/cdn.shopify.com\/s\/files\/1\/0559\/8819\/1417\/files\/bc79a733-35dc-4cfa-a0ac-14069a57560e_480x480.png?v=1687075789\" alt=\"\" \/><\/p>","protected":false},"excerpt":{"rendered":"<p>Description &amp; Details Dolce Jewellery,\u00a0Sweetheart Charm Necklace. Complete your charming look with the delightful Sweetheart Charm Necklace. Crafted from genuine 925 sterling silver, this necklace features a dainty and elegant chain that delicately graces your neckline. Adorning the chain is a miniature love heart pendant adorned with small sparkling zircon stones, adding a touch of [&#8230;]\n","protected":false},"featured_media":6287,"comment_status":"open","ping_status":"closed","template":"","meta":[],"product_brand":[],"product_cat":[36,29],"product_tag":[],"class_list":{"0":"post-3387","1":"product","2":"type-product","3":"status-publish","4":"has-post-thumbnail","6":"product_cat-necklaces","7":"product_cat-shop-all","9":"first","10":"instock","11":"shipping-taxable","12":"purchasable","13":"product-type-variable"},"_links":{"self":[{"href":"https:\/\/dolcejewellery.com\/fr\/wp-json\/wp\/v2\/product\/3387","targetHints":{"allow":["GET"]}}],"collection":[{"href":"https:\/\/dolcejewellery.com\/fr\/wp-json\/wp\/v2\/product"}],"about":[{"href":"https:\/\/dolcejewellery.com\/fr\/wp-json\/wp\/v2\/types\/product"}],"replies":[{"embeddable":true,"href":"https:\/\/dolcejewellery.com\/fr\/wp-json\/wp\/v2\/comments?post=3387"}],"wp:featuredmedia":[{"embeddable":true,"href":"https:\/\/dolcejewellery.com\/fr\/wp-json\/wp\/v2\/media\/6287"}],"wp:attachment":[{"href":"https:\/\/dolcejewellery.com\/fr\/wp-json\/wp\/v2\/media?parent=3387"}],"wp:term":[{"taxonomy":"product_brand","embeddable":true,"href":"https:\/\/dolcejewellery.com\/fr\/wp-json\/wp\/v2\/product_brand?post=3387"},{"taxonomy":"product_cat","embeddable":true,"href":"https:\/\/dolcejewellery.com\/fr\/wp-json\/wp\/v2\/product_cat?post=3387"},{"taxonomy":"product_tag","embeddable":true,"href":"https:\/\/dolcejewellery.com\/fr\/wp-json\/wp\/v2\/product_tag?post=3387"}],"curies":[{"name":"wp","href":"https:\/\/api.w.org\/{rel}","templated":true}]}}