{"id":3384,"date":"2025-02-01T11:15:15","date_gmt":"2025-02-01T11:15:15","guid":{"rendered":"https:\/\/dolcejewellery.com\/product\/sweet-star-chain-tassel-earrings\/"},"modified":"2025-10-28T15:39:51","modified_gmt":"2025-10-28T14:39:51","slug":"sweet-star-chain-tassel-earrings","status":"publish","type":"product","link":"https:\/\/dolcejewellery.com\/fr\/produit\/sweet-star-chain-tassel-earrings\/","title":{"rendered":"Boucles d&#039;oreilles \u00e0 pampilles en cha\u00eene Sweet Star"},"content":{"rendered":"<h1><strong>Description et d\u00e9tails<\/strong><\/h1>\n<p><strong>Dolce Jewellery, Boucles d&#039;oreilles \u00e0 pompon en cha\u00eene Sweet Star.<\/strong><\/p>\n<p>Ce sont les petits d\u00e9tails qui comptent. Confectionn\u00e9es en argent sterling, ces jolies boucles d&#039;oreilles \u00e0 pampilles en cha\u00eene \u00e9toile sign\u00e9es Dolce Jewellery apporteront une touche de fra\u00eecheur \u00e0 vos tenues. Vous nous remercierez plus tard.<\/p>\n<p>Offert en deux couleurs : Argent et Or.<\/p>\n<p>Ces boucles d&#039;oreilles sont vendues par paire.<\/p>\n<p><strong>Type de produit :<\/strong> Boucles d&#039;oreilles pendantes<\/p>\n<p><strong>Nom du produit :\u00a0<\/strong>Boucles d&#039;oreilles \u00e0 pampilles en cha\u00eene Sweet Star<\/p>\n<p><strong>Mat\u00e9riel:\u00a0<\/strong>100% Argent sterling 925<\/p>\n<p><strong>Poids: <\/strong>0,7 g<\/p>\n<p><strong>Article:\u00a0<\/strong>BKEJ296<\/p>\n<p><img loading=\"lazy\" decoding=\"async\" class=\"alignnone\" src=\"https:\/\/cdn.shopify.com\/s\/files\/1\/0559\/8819\/1417\/files\/0ff4ed36-8c7b-4bfc-8c85-6f0c66cd9535_480x480.png?v=1630068035\" alt=\"\" width=\"480\" height=\"382\" \/><\/p>","protected":false},"excerpt":{"rendered":"<p>Description &amp; Details Dolce Jewellery, Sweet Star Chain Tassel Earrings. It&#8217;s the little things that matter the most. Constructed from sterling silver, these sweet star chain tassel earrings from Dolce Jewellery will add high doses of coolness to your looks. You can thank us later. Offered in two colors: Silver &amp; Gold. These earrings come [&#8230;]\n","protected":false},"featured_media":7559,"comment_status":"open","ping_status":"closed","template":"","meta":[],"product_brand":[],"product_cat":[33,34,29],"product_tag":[24],"class_list":{"0":"post-3384","1":"product","2":"type-product","3":"status-publish","4":"has-post-thumbnail","6":"product_cat-drop-earrings","7":"product_cat-earrings","8":"product_cat-shop-all","9":"product_tag-drop-earrings","11":"first","12":"instock","13":"shipping-taxable","14":"purchasable","15":"product-type-variable"},"_links":{"self":[{"href":"https:\/\/dolcejewellery.com\/fr\/wp-json\/wp\/v2\/product\/3384","targetHints":{"allow":["GET"]}}],"collection":[{"href":"https:\/\/dolcejewellery.com\/fr\/wp-json\/wp\/v2\/product"}],"about":[{"href":"https:\/\/dolcejewellery.com\/fr\/wp-json\/wp\/v2\/types\/product"}],"replies":[{"embeddable":true,"href":"https:\/\/dolcejewellery.com\/fr\/wp-json\/wp\/v2\/comments?post=3384"}],"wp:featuredmedia":[{"embeddable":true,"href":"https:\/\/dolcejewellery.com\/fr\/wp-json\/wp\/v2\/media\/7559"}],"wp:attachment":[{"href":"https:\/\/dolcejewellery.com\/fr\/wp-json\/wp\/v2\/media?parent=3384"}],"wp:term":[{"taxonomy":"product_brand","embeddable":true,"href":"https:\/\/dolcejewellery.com\/fr\/wp-json\/wp\/v2\/product_brand?post=3384"},{"taxonomy":"product_cat","embeddable":true,"href":"https:\/\/dolcejewellery.com\/fr\/wp-json\/wp\/v2\/product_cat?post=3384"},{"taxonomy":"product_tag","embeddable":true,"href":"https:\/\/dolcejewellery.com\/fr\/wp-json\/wp\/v2\/product_tag?post=3384"}],"curies":[{"name":"wp","href":"https:\/\/api.w.org\/{rel}","templated":true}]}}