{"id":3380,"date":"2025-02-01T11:15:14","date_gmt":"2025-02-01T11:15:14","guid":{"rendered":"https:\/\/dolcejewellery.com\/product\/sweet-pearl-beads-link-bracelet\/"},"modified":"2025-10-28T16:39:45","modified_gmt":"2025-10-28T15:39:45","slug":"sweet-pearl-beads-link-bracelet","status":"publish","type":"product","link":"https:\/\/dolcejewellery.com\/fr\/produit\/sweet-pearl-beads-link-bracelet\/","title":{"rendered":"Bracelet \u00e0 maillons en perles Sweet Pearl"},"content":{"rendered":"<h1><strong>Description et d\u00e9tails<\/strong><\/h1>\n<p><strong>Dolce Jewellery, Bracelet \u00e0 maillons en perles Sweet Pearl.<\/strong><\/p>\n<p>Sublimez votre style au quotidien gr\u00e2ce \u00e0 la beaut\u00e9 d\u00e9licate de notre bracelet \u00e0 maillons Sweet Pearl. Confectionn\u00e9 en argent sterling 925 v\u00e9ritable, ce bracelet respire la simplicit\u00e9 et le charme. Sa pi\u00e8ce ma\u00eetresse est une perle synth\u00e9tique, d\u00e9licatement suspendue \u00e0 une d\u00e9licate cha\u00eene \u00e0 maillons.<\/p>\n<p>La perle synth\u00e9tique, avec son \u00e9clat brillant et sa surface lisse, apporte une touche d&#039;\u00e9l\u00e9gance et de sophistication au bracelet. De d\u00e9licates perles l&#039;entourent, cr\u00e9ant un contraste subtil et s\u00e9duisant. L&#039;association de la perle et des perles conf\u00e8re \u00e0 ce bracelet une touche tendance et douce, id\u00e9ale pour les femmes avant-gardistes qui appr\u00e9cient les accessoires intemporels et tendance.<\/p>\n<p>La cha\u00eene r\u00e9glable assure un ajustement confortable \u00e0 votre poignet, et le fermoir mousqueton s\u00e9curis\u00e9 maintient le bracelet en place tout au long de la journ\u00e9e. Port\u00e9 seul pour un style minimaliste ou associ\u00e9 \u00e0 d&#039;autres bracelets pour un look \u00e9l\u00e9gant, le bracelet \u00e0 maillons Sweet Pearl s&#039;harmonise avec toutes vos tenues et constitue un ajout polyvalent \u00e0 votre collection de bijoux.<\/p>\n<p>Ce bracelet est id\u00e9al pour les occasions d\u00e9contract\u00e9es comme habill\u00e9es. Portez-le pour ajouter une touche d&#039;\u00e9l\u00e9gance \u00e0 votre tenue de tous les jours ou pour sublimer votre tenue lors d&#039;\u00e9v\u00e9nements sp\u00e9ciaux. C&#039;est un accessoire indispensable qui passe sans effort du jour au soir, d\u00e9gageant un charme jeune et tendance.<\/p>\n<p>Adoptez l&#039;allure douce et d\u00e9licate du bracelet \u00e0 maillons Sweet Pearl de Dolce Jewellery. Son design intemporel et sa finition de haute qualit\u00e9 en font un bijou pr\u00e9cieux qui ajoute une touche d&#039;\u00e9l\u00e9gance \u00e0 toutes vos tenues. Faites de ce bracelet votre compagnon du quotidien, insufflant style et sophistication o\u00f9 que vous alliez.<\/p>\n<p><strong>Type de produit : <\/strong>Bracelets<\/p>\n<p><strong>Nom du produit :\u00a0<\/strong>Bracelet \u00e0 maillons en perles Sweet Pearl<\/p>\n<p><strong>Type de perle :\u00a0<\/strong>Perle synth\u00e9tique<\/p>\n<p><strong>Mat\u00e9riel: <\/strong>100% Argent sterling 925<\/p>\n<p><strong>Longueur: <\/strong>La longueur du bracelet est de 19,3 cm (7,6 pouces), la longueur de la cha\u00eene d&#039;extension est de 5 cm (2 pouces)<\/p>\n<p><strong>Article:\u00a0<\/strong>BKSL112<\/p>\n<p><img loading=\"lazy\" decoding=\"async\" class=\"alignnone\" src=\"https:\/\/cdn.shopify.com\/s\/files\/1\/0559\/8819\/1417\/files\/25294179-8407-40be-9f3c-9b1abccefd47_480x480.jpg?v=1689928212\" alt=\"\" width=\"480\" height=\"339\" \/><\/p>\n<p>&nbsp;<\/p>","protected":false},"excerpt":{"rendered":"<p>Description &amp; Details Dolce Jewellery,\u00a0Sweet Pearl Beads Link Bracelet. Elevate your everyday style with the delicate beauty of our Sweet Pearl Beads Link Bracelet. Crafted from genuine 925 sterling silver, this bracelet exudes simplicity and charm. The centerpiece of the bracelet is a synthetic pearl, exquisitely suspended from a dainty link chain. The synthetic pearl, [&#8230;]\n","protected":false},"featured_media":6690,"comment_status":"open","ping_status":"closed","template":"","meta":[],"product_brand":[],"product_cat":[31,29],"product_tag":[],"class_list":{"0":"post-3380","1":"product","2":"type-product","3":"status-publish","4":"has-post-thumbnail","6":"product_cat-bracelets","7":"product_cat-shop-all","9":"first","10":"instock","11":"shipping-taxable","12":"purchasable","13":"product-type-variable"},"_links":{"self":[{"href":"https:\/\/dolcejewellery.com\/fr\/wp-json\/wp\/v2\/product\/3380","targetHints":{"allow":["GET"]}}],"collection":[{"href":"https:\/\/dolcejewellery.com\/fr\/wp-json\/wp\/v2\/product"}],"about":[{"href":"https:\/\/dolcejewellery.com\/fr\/wp-json\/wp\/v2\/types\/product"}],"replies":[{"embeddable":true,"href":"https:\/\/dolcejewellery.com\/fr\/wp-json\/wp\/v2\/comments?post=3380"}],"wp:featuredmedia":[{"embeddable":true,"href":"https:\/\/dolcejewellery.com\/fr\/wp-json\/wp\/v2\/media\/6690"}],"wp:attachment":[{"href":"https:\/\/dolcejewellery.com\/fr\/wp-json\/wp\/v2\/media?parent=3380"}],"wp:term":[{"taxonomy":"product_brand","embeddable":true,"href":"https:\/\/dolcejewellery.com\/fr\/wp-json\/wp\/v2\/product_brand?post=3380"},{"taxonomy":"product_cat","embeddable":true,"href":"https:\/\/dolcejewellery.com\/fr\/wp-json\/wp\/v2\/product_cat?post=3380"},{"taxonomy":"product_tag","embeddable":true,"href":"https:\/\/dolcejewellery.com\/fr\/wp-json\/wp\/v2\/product_tag?post=3380"}],"curies":[{"name":"wp","href":"https:\/\/api.w.org\/{rel}","templated":true}]}}