{"id":3379,"date":"2025-02-01T11:15:14","date_gmt":"2025-02-01T11:15:14","guid":{"rendered":"https:\/\/dolcejewellery.com\/product\/sweet-love-trio-bracelet\/"},"modified":"2025-10-28T16:11:51","modified_gmt":"2025-10-28T15:11:51","slug":"sweet-love-trio-bracelet","status":"publish","type":"product","link":"https:\/\/dolcejewellery.com\/fr\/produit\/sweet-love-trio-bracelet\/","title":{"rendered":"Bracelet Trio Doux Amour"},"content":{"rendered":"<h1><strong>Description et d\u00e9tails<\/strong><\/h1>\n<p><strong>Dolce Jewellery, Bracelet Trio Doux Amour.<\/strong><\/p>\n<p>Laissez-vous s\u00e9duire par la douce \u00e9l\u00e9gance du bracelet Sweet Love Trio. Ce charmant bracelet est confectionn\u00e9 en argent sterling 925 v\u00e9ritable et arbore trois magnifiques breloques c\u0153ur orn\u00e9es de zircons scintillants.<\/p>\n<p>Chaque charm c\u0153ur est con\u00e7u avec minutie et m\u00e9ticuleusement r\u00e9alis\u00e9 pour capturer l&#039;essence de l&#039;amour et du romantisme. Les zircons scintillants ajoutent une touche d&#039;\u00e9clat et de sophistication, refl\u00e9tant la lumi\u00e8re \u00e0 chaque mouvement.<\/p>\n<p>Les breloques c\u0153ur sont gracieusement suspendues \u00e0 une cha\u00eene d\u00e9licate, soulignant l&#039;\u00e9l\u00e9gance et la f\u00e9minit\u00e9 du bracelet. Son design minimaliste allie simplicit\u00e9 et \u00e9l\u00e9gance, ce qui en fait un accessoire polyvalent en toute occasion.<\/p>\n<p>Que vous participiez \u00e0 une soir\u00e9e chic, \u00e0 une r\u00e9union d\u00e9contract\u00e9e ou que vous souhaitiez simplement ajouter une touche romantique \u00e0 votre look quotidien, le bracelet Sweet Love Trio est le choix id\u00e9al. Sa longueur r\u00e9glable assure un ajustement confortable et personnalis\u00e9, tandis que son fermoir s\u00e9curis\u00e9 maintient le bracelet bien en place tout au long de la journ\u00e9e.<\/p>\n<p>Surprenez vos proches ou offrez-vous ce bijou raffin\u00e9. Le bracelet Sweet Love Trio est non seulement un accessoire tendance, mais aussi un symbole d&#039;amour et d&#039;affection.<\/p>\n<p>D\u00e9couvrez la beaut\u00e9 et le charme du bracelet Sweet Love Trio de Dolce Jewellery. Son design d\u00e9licat et ses zircons \u00e9clatants sublimeront votre style et t\u00e9moigneront de votre amour. Choisissez Dolce Jewellery pour une qualit\u00e9 exceptionnelle, une mode chic et des cadeaux chaleureux.<\/p>\n<p><strong>Type de produit : <\/strong>Bracelets<\/p>\n<p><strong>Nom du produit :\u00a0<\/strong>Bracelet Trio Doux Amour<\/p>\n<p><strong>Pierre: <\/strong>Zircon<\/p>\n<p><strong>Mat\u00e9riel: <\/strong>100% Argent sterling 925<\/p>\n<p><strong>Longueur: <\/strong>La longueur du bracelet est de 17,5 cm (6,9 pouces), la longueur de la cha\u00eene d&#039;extension est de 3 cm (1,2 pouces)<\/p>\n<p><strong>Article:\u00a0<\/strong>BKSL004<\/p>\n<p><img decoding=\"async\" src=\"https:\/\/cdn.shopify.com\/s\/files\/1\/0559\/8819\/1417\/files\/29249cd6-019a-4251-9e41-a5e814e821e9_480x480.png?v=1690099574\" alt=\"\" \/><\/p>","protected":false},"excerpt":{"rendered":"<p>Description &amp; Details Dolce Jewellery,\u00a0Sweet Love Trio Bracelet. Indulge in the sweet elegance of the Sweet Love Trio Bracelet. This charming bracelet is crafted from genuine 925 sterling silver and features three exquisite love heart charms adorned with shimmering zircon stones. Each love heart charm is intricately designed and meticulously crafted to capture the essence [&#8230;]\n","protected":false},"featured_media":6688,"comment_status":"open","ping_status":"closed","template":"","meta":[],"product_brand":[],"product_cat":[31,29],"product_tag":[],"class_list":{"0":"post-3379","1":"product","2":"type-product","3":"status-publish","4":"has-post-thumbnail","6":"product_cat-bracelets","7":"product_cat-shop-all","9":"first","10":"instock","11":"shipping-taxable","12":"purchasable","13":"product-type-simple"},"_links":{"self":[{"href":"https:\/\/dolcejewellery.com\/fr\/wp-json\/wp\/v2\/product\/3379","targetHints":{"allow":["GET"]}}],"collection":[{"href":"https:\/\/dolcejewellery.com\/fr\/wp-json\/wp\/v2\/product"}],"about":[{"href":"https:\/\/dolcejewellery.com\/fr\/wp-json\/wp\/v2\/types\/product"}],"replies":[{"embeddable":true,"href":"https:\/\/dolcejewellery.com\/fr\/wp-json\/wp\/v2\/comments?post=3379"}],"wp:featuredmedia":[{"embeddable":true,"href":"https:\/\/dolcejewellery.com\/fr\/wp-json\/wp\/v2\/media\/6688"}],"wp:attachment":[{"href":"https:\/\/dolcejewellery.com\/fr\/wp-json\/wp\/v2\/media?parent=3379"}],"wp:term":[{"taxonomy":"product_brand","embeddable":true,"href":"https:\/\/dolcejewellery.com\/fr\/wp-json\/wp\/v2\/product_brand?post=3379"},{"taxonomy":"product_cat","embeddable":true,"href":"https:\/\/dolcejewellery.com\/fr\/wp-json\/wp\/v2\/product_cat?post=3379"},{"taxonomy":"product_tag","embeddable":true,"href":"https:\/\/dolcejewellery.com\/fr\/wp-json\/wp\/v2\/product_tag?post=3379"}],"curies":[{"name":"wp","href":"https:\/\/api.w.org\/{rel}","templated":true}]}}