{"id":3361,"date":"2025-02-01T11:15:13","date_gmt":"2025-02-01T11:15:13","guid":{"rendered":"https:\/\/dolcejewellery.com\/product\/starry-romance-necklace\/"},"modified":"2025-10-28T16:48:23","modified_gmt":"2025-10-28T15:48:23","slug":"starry-romance-necklace","status":"publish","type":"product","link":"https:\/\/dolcejewellery.com\/fr\/produit\/starry-romance-necklace\/","title":{"rendered":"Collier Romance \u00c9toil\u00e9e"},"content":{"rendered":"<h1><strong>Description et d\u00e9tails<\/strong><\/h1>\n<p><strong>Dolce Jewellery, Collier Romance \u00c9toil\u00e9e.<\/strong><\/p>\n<p>Laissez-vous envo\u00fbter par la beaut\u00e9 c\u00e9leste avec notre collier Romance \u00c9toil\u00e9e. Ce bijou exquis, r\u00e9alis\u00e9 en argent sterling 925 v\u00e9ritable, compl\u00e8tera \u00e0 merveille votre collection de bijoux. Inspir\u00e9 par la mode cor\u00e9enne, ce collier est parfait pour les femmes qui appr\u00e9cient les accessoires romantiques et \u00e9l\u00e9gants.<\/p>\n<p>La pi\u00e8ce ma\u00eetresse de ce collier est le pendentif \u00e9toile creuse, finement con\u00e7u et orn\u00e9 de d\u00e9tails d\u00e9licats. Il capture l&#039;essence du ciel nocturne, \u00e9voquant un sentiment d&#039;\u00e9merveillement et de charme. Une autre breloque \u00e9toile, plus petite, orn\u00e9e de zircons scintillants, orne le collier. L&#039;association de l&#039;\u00e9toile creuse et de la breloque sertie de zircons ajoute une touche d&#039;\u00e9clat et de glamour.<\/p>\n<p>Le collier Romance \u00c9toil\u00e9e est une pi\u00e8ce polyvalente qui se porte en diverses occasions. Mariage, soir\u00e9e romantique ou \u00e9v\u00e9nement sp\u00e9cial, ce collier sublimera votre style et vous fera passer pour un personnage unique. Sa cha\u00eene \u00e0 maillons ajoute une touche de sophistication et se drape gracieusement le long de votre clavicule, sublimant votre d\u00e9collet\u00e9 et r\u00e9v\u00e9lant votre sens de la mode unique.<\/p>\n<p>Confectionn\u00e9 avec le plus grand soin, ce collier refl\u00e8te la beaut\u00e9 et le myst\u00e8re du ciel nocturne. Il nous rappelle d&#039;embrasser la magie du romantisme et de toujours viser les \u00e9toiles. Le collier Romance \u00c9toil\u00e9e est un symbole d&#039;amour, de r\u00eaves et d&#039;infinies possibilit\u00e9s.<\/p>\n<p>Sublimez votre collection de bijoux de mariage avec le collier Romance \u00c9toil\u00e9e de Dolce Jewellery. Son design intemporel et son savoir-faire exquis en font une pi\u00e8ce pr\u00e9cieuse qui sublimera votre style pour les ann\u00e9es \u00e0 venir. Laissez-vous guider par les \u00e9toiles dans votre voyage romantique et portez ce collier avec assurance et gr\u00e2ce.<\/p>\n<p><strong>Type de produit : <\/strong>Colliers<\/p>\n<p><strong>Nom du produit :\u00a0<\/strong>Collier Romance \u00c9toil\u00e9e<\/p>\n<p><strong>Pierre: <\/strong>Zircon<\/p>\n<p><strong>Mat\u00e9riel: <\/strong>100% Argent sterling 925<\/p>\n<p><strong>Longueur: <\/strong>45 cm (17,7 pouces), il peut \u00eatre ajust\u00e9 librement<\/p>\n<p><strong>Article:\u00a0<\/strong>BKXL008<\/p>\n<p><img loading=\"lazy\" decoding=\"async\" class=\"alignnone\" src=\"https:\/\/cdn.shopify.com\/s\/files\/1\/0559\/8819\/1417\/files\/6b25ab2e-ca07-4368-a46a-0fd5d4901a92_480x480.png?v=1687082449\" alt=\"\" width=\"480\" height=\"382\" \/><\/p>\n<p>&nbsp;<\/p>","protected":false},"excerpt":{"rendered":"<p>Description &amp; Details Dolce Jewellery,\u00a0Starry Romance Necklace. Experience the enchantment of celestial beauty with our Starry Romance Necklace. This exquisite piece is crafted from real 925 sterling silver, making it a stunning addition to your jewellery collection. Designed with a touch of Korean fashion, this necklace is perfect for women who appreciate romantic and elegant [&#8230;]\n","protected":false},"featured_media":6294,"comment_status":"open","ping_status":"closed","template":"","meta":[],"product_brand":[],"product_cat":[36,29],"product_tag":[],"class_list":{"0":"post-3361","1":"product","2":"type-product","3":"status-publish","4":"has-post-thumbnail","6":"product_cat-necklaces","7":"product_cat-shop-all","9":"first","10":"instock","11":"shipping-taxable","12":"purchasable","13":"product-type-variable"},"_links":{"self":[{"href":"https:\/\/dolcejewellery.com\/fr\/wp-json\/wp\/v2\/product\/3361","targetHints":{"allow":["GET"]}}],"collection":[{"href":"https:\/\/dolcejewellery.com\/fr\/wp-json\/wp\/v2\/product"}],"about":[{"href":"https:\/\/dolcejewellery.com\/fr\/wp-json\/wp\/v2\/types\/product"}],"replies":[{"embeddable":true,"href":"https:\/\/dolcejewellery.com\/fr\/wp-json\/wp\/v2\/comments?post=3361"}],"wp:featuredmedia":[{"embeddable":true,"href":"https:\/\/dolcejewellery.com\/fr\/wp-json\/wp\/v2\/media\/6294"}],"wp:attachment":[{"href":"https:\/\/dolcejewellery.com\/fr\/wp-json\/wp\/v2\/media?parent=3361"}],"wp:term":[{"taxonomy":"product_brand","embeddable":true,"href":"https:\/\/dolcejewellery.com\/fr\/wp-json\/wp\/v2\/product_brand?post=3361"},{"taxonomy":"product_cat","embeddable":true,"href":"https:\/\/dolcejewellery.com\/fr\/wp-json\/wp\/v2\/product_cat?post=3361"},{"taxonomy":"product_tag","embeddable":true,"href":"https:\/\/dolcejewellery.com\/fr\/wp-json\/wp\/v2\/product_tag?post=3361"}],"curies":[{"name":"wp","href":"https:\/\/api.w.org\/{rel}","templated":true}]}}