{"id":3356,"date":"2025-02-01T11:15:13","date_gmt":"2025-02-01T11:15:13","guid":{"rendered":"https:\/\/dolcejewellery.com\/product\/starry-night-ring\/"},"modified":"2025-10-28T16:45:19","modified_gmt":"2025-10-28T15:45:19","slug":"starry-night-ring","status":"publish","type":"product","link":"https:\/\/dolcejewellery.com\/fr\/produit\/starry-night-ring\/","title":{"rendered":"Bague Nuit \u00e9toil\u00e9e"},"content":{"rendered":"<h1><strong>Description et d\u00e9tails<\/strong><\/h1>\n<p><strong>Dolce Jewellery, Bague Nuit \u00c9toil\u00e9e.<\/strong><\/p>\n<p>Plongez dans un univers de charme c\u00e9leste avec notre bague Nuit \u00c9toil\u00e9e. R\u00e9alis\u00e9e avec une attention m\u00e9ticuleuse aux d\u00e9tails, cette bague pr\u00e9sente un design captivant orn\u00e9 de zircons scintillants.<\/p>\n<p>La bague met en valeur un groupe d&#039;\u00e9toiles, chacune finement orn\u00e9e de zircons scintillants. Les \u00e9toiles cr\u00e9ent un motif d&#039;inspiration c\u00e9leste qui \u00e9voque l&#039;\u00e9merveillement et la magie. Parmi les \u00e9toiles, une \u00e9toile creuse ajoute une touche unique \u00e0 l&#039;ensemble.<\/p>\n<p>Fabriqu\u00e9e en argent sterling 925 v\u00e9ritable, cette bague est non seulement belle, mais aussi r\u00e9sistante et durable. Les zircons de haute qualit\u00e9 rehaussent sa brillance et son \u00e9clat, capturant la lumi\u00e8re \u00e0 chaque mouvement.<\/p>\n<p>L&#039;anneau r\u00e9glable assure un ajustement confortable \u00e0 votre doigt, vous permettant d&#039;ajuster la taille pour un ajustement parfait. Cette bague polyvalente peut \u00eatre port\u00e9e seule comme une pi\u00e8ce ma\u00eetresse ou associ\u00e9e \u00e0 d&#039;autres bagues pour un look superpos\u00e9 tendance.<\/p>\n<p>La bague Nuit \u00c9toil\u00e9e est un accessoire exquis qui ajoute une touche d&#039;\u00e9l\u00e9gance c\u00e9leste \u00e0 toutes vos tenues. Que vous participiez \u00e0 un \u00e9v\u00e9nement sp\u00e9cial, que vous sortiez entre amis ou que vous souhaitiez simplement ajouter une touche de magie \u00e0 votre style quotidien, cette bague est le choix id\u00e9al.<\/p>\n<p>Laissez-vous s\u00e9duire par le charme du ciel nocturne avec la bague Nuit \u00c9toil\u00e9e de Dolce Jewellery. Laissez les \u00e9toiles scintillantes en zircon illuminer votre monde et \u00e9voquer un sentiment d&#039;\u00e9merveillement et de beaut\u00e9 o\u00f9 que vous alliez.<\/p>\n<p><strong>Type de produit :\u00a0<\/strong>Bagues<\/p>\n<p><strong>Nom du produit :\u00a0<\/strong>Bague Nuit \u00e9toil\u00e9e<\/p>\n<p><strong>Pierre: <\/strong>Zircon<\/p>\n<p><strong>Mat\u00e9riel:\u00a0<\/strong>100% Argent sterling 925<\/p>\n<p><strong>Article:\u00a0<\/strong>BKJZ163<\/p>\n<p><strong><img decoding=\"async\" src=\"https:\/\/cdn.shopify.com\/s\/files\/1\/0559\/8819\/1417\/files\/519c0348-479e-4700-a66c-fa42d2cce332_480x480.jpg?v=1690296709\" alt=\"\" \/><\/strong><\/p>","protected":false},"excerpt":{"rendered":"<p>Description &amp; Details Dolce Jewellery,\u00a0Starry Night Ring. Step into a world of celestial charm with our Starry Night Ring. Crafted with meticulous attention to detail, this ring features a captivating design adorned with sparkling zircon stones. The ring showcases a cluster of stars, each intricately embellished with shimmering zircon stones. The stars create a celestial-inspired [&#8230;]\n","protected":false},"featured_media":7076,"comment_status":"open","ping_status":"closed","template":"","meta":[],"product_brand":[],"product_cat":[37,29],"product_tag":[],"class_list":{"0":"post-3356","1":"product","2":"type-product","3":"status-publish","4":"has-post-thumbnail","6":"product_cat-rings","7":"product_cat-shop-all","9":"first","10":"instock","11":"shipping-taxable","12":"purchasable","13":"product-type-variable"},"_links":{"self":[{"href":"https:\/\/dolcejewellery.com\/fr\/wp-json\/wp\/v2\/product\/3356","targetHints":{"allow":["GET"]}}],"collection":[{"href":"https:\/\/dolcejewellery.com\/fr\/wp-json\/wp\/v2\/product"}],"about":[{"href":"https:\/\/dolcejewellery.com\/fr\/wp-json\/wp\/v2\/types\/product"}],"replies":[{"embeddable":true,"href":"https:\/\/dolcejewellery.com\/fr\/wp-json\/wp\/v2\/comments?post=3356"}],"wp:featuredmedia":[{"embeddable":true,"href":"https:\/\/dolcejewellery.com\/fr\/wp-json\/wp\/v2\/media\/7076"}],"wp:attachment":[{"href":"https:\/\/dolcejewellery.com\/fr\/wp-json\/wp\/v2\/media?parent=3356"}],"wp:term":[{"taxonomy":"product_brand","embeddable":true,"href":"https:\/\/dolcejewellery.com\/fr\/wp-json\/wp\/v2\/product_brand?post=3356"},{"taxonomy":"product_cat","embeddable":true,"href":"https:\/\/dolcejewellery.com\/fr\/wp-json\/wp\/v2\/product_cat?post=3356"},{"taxonomy":"product_tag","embeddable":true,"href":"https:\/\/dolcejewellery.com\/fr\/wp-json\/wp\/v2\/product_tag?post=3356"}],"curies":[{"name":"wp","href":"https:\/\/api.w.org\/{rel}","templated":true}]}}