{"id":3353,"date":"2025-02-01T11:15:12","date_gmt":"2025-02-01T11:15:12","guid":{"rendered":"https:\/\/dolcejewellery.com\/product\/starry-night-necklace\/"},"modified":"2025-11-01T09:46:39","modified_gmt":"2025-11-01T08:46:39","slug":"starry-night-necklace","status":"publish","type":"product","link":"https:\/\/dolcejewellery.com\/fr\/produit\/starry-night-necklace\/","title":{"rendered":"Collier Nuit \u00e9toil\u00e9e"},"content":{"rendered":"<h1><strong>Description et d\u00e9tails<\/strong><\/h1>\n<p><strong>Dolce Jewellery, Collier Nuit \u00e9toil\u00e9e.<\/strong><\/p>\n<p>Laissez-vous charmer par le collier Nuit \u00c9toil\u00e9e, un bijou luxueux et captivant pour un mariage ou une f\u00eate. Confectionn\u00e9 en argent sterling 925 v\u00e9ritable, ce collier est orn\u00e9 de magnifiques pendentifs \u00e9toile et lune orn\u00e9s de zircons scintillants, cr\u00e9ant un design d&#039;inspiration c\u00e9leste qui vous envo\u00fbtera.<\/p>\n<p>Ce collier cha\u00eene clavicule \u00e9pouse \u00e9l\u00e9gamment votre clavicule, ajoutant une touche d&#039;\u00e9l\u00e9gance et de sophistication \u00e0 votre tenue. L&#039;association de zircons scintillants et de pendentifs c\u00e9lestes cr\u00e9e un \u00e9quilibre harmonieux entre glamour et charme.<\/p>\n<p>Le collier Nuit \u00e9toil\u00e9e est un v\u00e9ritable symbole de luxe et de style. Son design complexe capture la beaut\u00e9 du ciel nocturne, ce qui en fait l&#039;accessoire id\u00e9al pour les mariages, les f\u00eates ou toute autre occasion sp\u00e9ciale o\u00f9 vous souhaitez briller.<\/p>\n<p>Sublimez votre collection de bijoux avec le collier Nuit \u00c9toil\u00e9e de Dolce Jewellery. Confectionn\u00e9 avec une attention m\u00e9ticuleuse aux d\u00e9tails, ce collier allie \u00e0 la perfection \u00e9l\u00e9gance et charme c\u00e9leste. Affichez votre style unique et apportez une touche de magie \u00e0 votre tenue de mariage ou de f\u00eate.<\/p>\n<p><strong>Type de produit : <\/strong>Colliers<\/p>\n<p><strong>Nom du produit :\u00a0<\/strong>Collier Nuit \u00e9toil\u00e9e<\/p>\n<p><strong>Pierre: <\/strong>Zircon<\/p>\n<p><strong>Mat\u00e9riel: <\/strong>100% Argent sterling 925<\/p>\n<p><strong>Article:\u00a0<\/strong>MXL043<\/p>\n<p><img loading=\"lazy\" decoding=\"async\" class=\"alignnone wp-image-6326 size-full\" src=\"https:\/\/dolcejewellery.com\/wp-content\/uploads\/2025\/02\/O1CN01jiFAwc1lWoTKaU2Oh_2904264827-0-cib.jpg\" alt=\"\" width=\"800\" height=\"800\" srcset=\"https:\/\/dolcejewellery.com\/wp-content\/uploads\/2025\/02\/O1CN01jiFAwc1lWoTKaU2Oh_2904264827-0-cib.jpg 800w, https:\/\/dolcejewellery.com\/wp-content\/uploads\/2025\/02\/O1CN01jiFAwc1lWoTKaU2Oh_2904264827-0-cib-300x300.jpg 300w, https:\/\/dolcejewellery.com\/wp-content\/uploads\/2025\/02\/O1CN01jiFAwc1lWoTKaU2Oh_2904264827-0-cib-150x150.jpg 150w, https:\/\/dolcejewellery.com\/wp-content\/uploads\/2025\/02\/O1CN01jiFAwc1lWoTKaU2Oh_2904264827-0-cib-768x768.jpg 768w, https:\/\/dolcejewellery.com\/wp-content\/uploads\/2025\/02\/O1CN01jiFAwc1lWoTKaU2Oh_2904264827-0-cib-600x600.jpg 600w, https:\/\/dolcejewellery.com\/wp-content\/uploads\/2025\/02\/O1CN01jiFAwc1lWoTKaU2Oh_2904264827-0-cib-100x100.jpg 100w\" sizes=\"auto, (max-width: 800px) 100vw, 800px\" \/><\/p>","protected":false},"excerpt":{"rendered":"<p>Description &amp; Details Dolce Jewellery,\u00a0Starry Night Necklace. Experience the enchantment of the Starry Night Necklace, a luxurious and captivating piece of wedding and party jewellery. Crafted from genuine 925 sterling silver, this necklace features exquisite star and moon pendants adorned with shimmering zircons, creating a celestial-inspired design that will leave you mesmerized. The clavicle chain [&#8230;]\n","protected":false},"featured_media":6322,"comment_status":"open","ping_status":"closed","template":"","meta":[],"product_brand":[],"product_cat":[36,29],"product_tag":[],"class_list":{"0":"post-3353","1":"product","2":"type-product","3":"status-publish","4":"has-post-thumbnail","6":"product_cat-necklaces","7":"product_cat-shop-all","9":"first","10":"instock","11":"shipping-taxable","12":"purchasable","13":"product-type-variable"},"_links":{"self":[{"href":"https:\/\/dolcejewellery.com\/fr\/wp-json\/wp\/v2\/product\/3353","targetHints":{"allow":["GET"]}}],"collection":[{"href":"https:\/\/dolcejewellery.com\/fr\/wp-json\/wp\/v2\/product"}],"about":[{"href":"https:\/\/dolcejewellery.com\/fr\/wp-json\/wp\/v2\/types\/product"}],"replies":[{"embeddable":true,"href":"https:\/\/dolcejewellery.com\/fr\/wp-json\/wp\/v2\/comments?post=3353"}],"wp:featuredmedia":[{"embeddable":true,"href":"https:\/\/dolcejewellery.com\/fr\/wp-json\/wp\/v2\/media\/6322"}],"wp:attachment":[{"href":"https:\/\/dolcejewellery.com\/fr\/wp-json\/wp\/v2\/media?parent=3353"}],"wp:term":[{"taxonomy":"product_brand","embeddable":true,"href":"https:\/\/dolcejewellery.com\/fr\/wp-json\/wp\/v2\/product_brand?post=3353"},{"taxonomy":"product_cat","embeddable":true,"href":"https:\/\/dolcejewellery.com\/fr\/wp-json\/wp\/v2\/product_cat?post=3353"},{"taxonomy":"product_tag","embeddable":true,"href":"https:\/\/dolcejewellery.com\/fr\/wp-json\/wp\/v2\/product_tag?post=3353"}],"curies":[{"name":"wp","href":"https:\/\/api.w.org\/{rel}","templated":true}]}}