{"id":3350,"date":"2025-02-01T11:15:12","date_gmt":"2025-02-01T11:15:12","guid":{"rendered":"https:\/\/dolcejewellery.com\/product\/starlit-serenade-open-bangle\/"},"modified":"2025-11-01T09:41:06","modified_gmt":"2025-11-01T08:41:06","slug":"starlit-serenade-open-bangle","status":"publish","type":"product","link":"https:\/\/dolcejewellery.com\/fr\/produit\/starlit-serenade-open-bangle\/","title":{"rendered":"Bracelet ouvert S\u00e9r\u00e9nade \u00e9toil\u00e9e"},"content":{"rendered":"<h1><strong>Description et d\u00e9tails<\/strong><\/h1>\n<p><strong>Dolce Jewellery, Bracelet ouvert S\u00e9r\u00e9nade \u00e9toil\u00e9e.<\/strong><\/p>\n<p>Laissez-vous s\u00e9duire par la beaut\u00e9 envo\u00fbtante du bracelet ouvert S\u00e9r\u00e9nade \u00e9toil\u00e9e. Confectionn\u00e9 en argent sterling 925 v\u00e9ritable, ce bracelet d\u00e9gage une aura de luxe et de sophistication, ce qui en fait l&#039;accessoire id\u00e9al pour les femmes qui appr\u00e9cient la simplicit\u00e9 \u00e9l\u00e9gante.<\/p>\n<p>Ce bracelet jonc, au design d\u00e9licat et ouvert, enveloppe gracieusement votre poignet d&#039;une touche de charme c\u00e9leste. Deux breloques romantiques en forme d&#039;\u00e9toile, orn\u00e9es de zircons scintillants, lui conf\u00e8rent un \u00e9clat captivant qui captive la lumi\u00e8re \u00e0 chaque mouvement.<\/p>\n<p>Sa fabrication en argent sterling de haute qualit\u00e9 garantit durabilit\u00e9 et brillance durable, vous permettant de porter ce bracelet avec assurance en toute occasion. Sa silhouette fine et \u00e9pur\u00e9e d\u00e9gage une \u00e9l\u00e9gance naturelle, ce qui en fait un bijou polyvalent, \u00e0 porter seul ou avec d&#039;autres bracelets pour un look personnalis\u00e9 et tendance.<\/p>\n<p>Que vous participiez \u00e0 un \u00e9v\u00e9nement sp\u00e9cial, \u00e0 un d\u00eener romantique ou que vous ajoutiez simplement une touche de sophistication \u00e0 votre tenue quotidienne, le bracelet ouvert S\u00e9r\u00e9nade \u00e9toil\u00e9e est le choix id\u00e9al. Son design intemporel transcende les tendances et vous permettra d&#039;appr\u00e9cier sa beaut\u00e9 pendant des ann\u00e9es.<\/p>\n<p>Faites-vous plaisir ou surprenez un \u00eatre cher avec le charme captivant du bracelet ouvert S\u00e9r\u00e9nade \u00e9toil\u00e9e. Un cadeau qui symbolise l&#039;amour, l&#039;\u00e9l\u00e9gance et une touche de magie c\u00e9leste.<\/p>\n<p>Sublimez votre style avec le bracelet ouvert S\u00e9r\u00e9nade \u00e9toil\u00e9e de Dolce Jewellery. Son charme romantique et son savoir-faire exquis refl\u00e8tent votre personnalit\u00e9 et votre gr\u00e2ce uniques.<\/p>\n<p><strong>Type de produit : <\/strong>Bracelets<\/p>\n<p><strong>Nom du produit : <\/strong>Bracelet ouvert S\u00e9r\u00e9nade \u00e9toil\u00e9e<\/p>\n<p><strong>Pierre: <\/strong>Zircon<\/p>\n<p><strong>Mat\u00e9riel: <\/strong>100% Argent sterling 925<\/p>\n<p><strong>Article:\u00a0<\/strong>BKSL148<\/p>\n<p><img loading=\"lazy\" decoding=\"async\" class=\"alignnone wp-image-6709 size-full\" src=\"https:\/\/dolcejewellery.com\/wp-content\/uploads\/2025\/02\/89780585-fe1e-4c2e-92ac-e22f38b95f81.png\" alt=\"\" width=\"792\" height=\"516\" srcset=\"https:\/\/dolcejewellery.com\/wp-content\/uploads\/2025\/02\/89780585-fe1e-4c2e-92ac-e22f38b95f81.png 792w, https:\/\/dolcejewellery.com\/wp-content\/uploads\/2025\/02\/89780585-fe1e-4c2e-92ac-e22f38b95f81-300x195.png 300w, https:\/\/dolcejewellery.com\/wp-content\/uploads\/2025\/02\/89780585-fe1e-4c2e-92ac-e22f38b95f81-768x500.png 768w\" sizes=\"auto, (max-width: 792px) 100vw, 792px\" \/><\/p>","protected":false},"excerpt":{"rendered":"<p>Description &amp; Details Dolce Jewellery,\u00a0Starlit Serenade Open Bangle. Indulge in the enchanting beauty of the Starlit Serenade Open Bangle. Crafted from genuine 925 sterling silver, this bangle exudes an air of luxury and sophistication, making it the perfect accessory for women who appreciate elegant simplicity. The bangle features a delicate and open design, gracefully encircling [&#8230;]\n","protected":false},"featured_media":6706,"comment_status":"open","ping_status":"closed","template":"","meta":[],"product_brand":[],"product_cat":[31,29],"product_tag":[],"class_list":{"0":"post-3350","1":"product","2":"type-product","3":"status-publish","4":"has-post-thumbnail","6":"product_cat-bracelets","7":"product_cat-shop-all","9":"first","10":"instock","11":"shipping-taxable","12":"purchasable","13":"product-type-simple"},"_links":{"self":[{"href":"https:\/\/dolcejewellery.com\/fr\/wp-json\/wp\/v2\/product\/3350","targetHints":{"allow":["GET"]}}],"collection":[{"href":"https:\/\/dolcejewellery.com\/fr\/wp-json\/wp\/v2\/product"}],"about":[{"href":"https:\/\/dolcejewellery.com\/fr\/wp-json\/wp\/v2\/types\/product"}],"replies":[{"embeddable":true,"href":"https:\/\/dolcejewellery.com\/fr\/wp-json\/wp\/v2\/comments?post=3350"}],"wp:featuredmedia":[{"embeddable":true,"href":"https:\/\/dolcejewellery.com\/fr\/wp-json\/wp\/v2\/media\/6706"}],"wp:attachment":[{"href":"https:\/\/dolcejewellery.com\/fr\/wp-json\/wp\/v2\/media?parent=3350"}],"wp:term":[{"taxonomy":"product_brand","embeddable":true,"href":"https:\/\/dolcejewellery.com\/fr\/wp-json\/wp\/v2\/product_brand?post=3350"},{"taxonomy":"product_cat","embeddable":true,"href":"https:\/\/dolcejewellery.com\/fr\/wp-json\/wp\/v2\/product_cat?post=3350"},{"taxonomy":"product_tag","embeddable":true,"href":"https:\/\/dolcejewellery.com\/fr\/wp-json\/wp\/v2\/product_tag?post=3350"}],"curies":[{"name":"wp","href":"https:\/\/api.w.org\/{rel}","templated":true}]}}