{"id":3342,"date":"2025-02-01T11:15:11","date_gmt":"2025-02-01T11:15:11","guid":{"rendered":"https:\/\/dolcejewellery.com\/product\/star-moon-necklace\/"},"modified":"2025-11-01T10:08:06","modified_gmt":"2025-11-01T09:08:06","slug":"star-moon-necklace","status":"publish","type":"product","link":"https:\/\/dolcejewellery.com\/fr\/produit\/star-moon-necklace\/","title":{"rendered":"Collier \u00c9toile Lune"},"content":{"rendered":"<h1><strong>Description et d\u00e9tails<\/strong><\/h1>\n<p><strong>Dolce Jewellery, Collier \u00c9toile Lune.<\/strong><\/p>\n<p>Tout ce dont vous avez besoin, c&#039;est d&#039;amour. Et par \u00ab amour \u00bb, nous parlons de ce collier \u00c9toile Lune de Dolce Jewellery, avec sa magnifique cha\u00eene \u00e0 maillons orn\u00e9e d&#039;un pendentif \u00e9toile lune et orn\u00e9e de cristaux de zircon scintillants. Votre dernier coup de c\u0153ur.<\/p>\n<p>C&#039;est un collier unique en son genre, qui illumine votre look.<\/p>\n<p>Fabriqu\u00e9 en argent sterling 925.<\/p>\n<p class=\"product-title-text\" data-spm-anchor-id=\"a2g0o.detail.1000016.i5.7e0a183fP60Sde\">Offert en deux couleurs : Argent et Or.<\/p>\n<p class=\"product-title-text\" data-spm-anchor-id=\"a2g0o.detail.1000016.i5.7e0a183fP60Sde\"><strong>Type de produit :\u00a0<\/strong>Colliers<\/p>\n<p><strong>Nom du produit :\u00a0<\/strong>Collier \u00c9toile Lune<\/p>\n<p><strong>Pierre:\u00a0<\/strong>Zircon<\/p>\n<p><strong>Mat\u00e9riel:\u00a0<\/strong>100% Argent sterling 925<\/p>\n<p><strong>Longueur: <\/strong>40 cm (15,7 pouces), la longueur de la cha\u00eene peut \u00eatre allong\u00e9e d&#039;environ 4 cm (1,6 pouces)<\/p>\n<p><strong>Article:\u00a0<\/strong>BKXL092<\/p>\n<p><img loading=\"lazy\" decoding=\"async\" class=\"alignnone wp-image-6347 size-medium\" src=\"https:\/\/dolcejewellery.com\/wp-content\/uploads\/2025\/02\/BKXL092-300x300.png\" alt=\"\" width=\"300\" height=\"300\" srcset=\"https:\/\/dolcejewellery.com\/wp-content\/uploads\/2025\/02\/BKXL092-300x300.png 300w, https:\/\/dolcejewellery.com\/wp-content\/uploads\/2025\/02\/BKXL092-1024x1024.png 1024w, https:\/\/dolcejewellery.com\/wp-content\/uploads\/2025\/02\/BKXL092-150x150.png 150w, https:\/\/dolcejewellery.com\/wp-content\/uploads\/2025\/02\/BKXL092-768x768.png 768w, https:\/\/dolcejewellery.com\/wp-content\/uploads\/2025\/02\/BKXL092-1536x1536.png 1536w, https:\/\/dolcejewellery.com\/wp-content\/uploads\/2025\/02\/BKXL092-600x600.png 600w, https:\/\/dolcejewellery.com\/wp-content\/uploads\/2025\/02\/BKXL092-1000x1000.png 1000w, https:\/\/dolcejewellery.com\/wp-content\/uploads\/2025\/02\/BKXL092-100x100.png 100w, https:\/\/dolcejewellery.com\/wp-content\/uploads\/2025\/02\/BKXL092.png 1600w\" sizes=\"auto, (max-width: 300px) 100vw, 300px\" \/><\/p>","protected":false},"excerpt":{"rendered":"<p>Description &amp; Details Dolce Jewellery, Star Moon Necklace. All you need is love. And by &#8216;love&#8217;, we mean this Star Moon Necklace from Dolce Jewellery, with a\u00a0beautiful link chain\u00a0embellished\u00a0with a star moon pendant and finished with sparkly zircon crystals.\u00a0Your latest crush. It is a\u00a0one of a kind necklace, that lights up your look. Made of\u00a0925 [&#8230;]\n","protected":false},"featured_media":6342,"comment_status":"open","ping_status":"closed","template":"","meta":[],"product_brand":[],"product_cat":[36,29],"product_tag":[],"class_list":{"0":"post-3342","1":"product","2":"type-product","3":"status-publish","4":"has-post-thumbnail","6":"product_cat-necklaces","7":"product_cat-shop-all","9":"first","10":"instock","11":"shipping-taxable","12":"purchasable","13":"product-type-variable"},"_links":{"self":[{"href":"https:\/\/dolcejewellery.com\/fr\/wp-json\/wp\/v2\/product\/3342","targetHints":{"allow":["GET"]}}],"collection":[{"href":"https:\/\/dolcejewellery.com\/fr\/wp-json\/wp\/v2\/product"}],"about":[{"href":"https:\/\/dolcejewellery.com\/fr\/wp-json\/wp\/v2\/types\/product"}],"replies":[{"embeddable":true,"href":"https:\/\/dolcejewellery.com\/fr\/wp-json\/wp\/v2\/comments?post=3342"}],"wp:featuredmedia":[{"embeddable":true,"href":"https:\/\/dolcejewellery.com\/fr\/wp-json\/wp\/v2\/media\/6342"}],"wp:attachment":[{"href":"https:\/\/dolcejewellery.com\/fr\/wp-json\/wp\/v2\/media?parent=3342"}],"wp:term":[{"taxonomy":"product_brand","embeddable":true,"href":"https:\/\/dolcejewellery.com\/fr\/wp-json\/wp\/v2\/product_brand?post=3342"},{"taxonomy":"product_cat","embeddable":true,"href":"https:\/\/dolcejewellery.com\/fr\/wp-json\/wp\/v2\/product_cat?post=3342"},{"taxonomy":"product_tag","embeddable":true,"href":"https:\/\/dolcejewellery.com\/fr\/wp-json\/wp\/v2\/product_tag?post=3342"}],"curies":[{"name":"wp","href":"https:\/\/api.w.org\/{rel}","templated":true}]}}