{"id":3337,"date":"2025-02-01T11:15:11","date_gmt":"2025-02-01T11:15:11","guid":{"rendered":"https:\/\/dolcejewellery.com\/product\/sparkling-petals-necklace\/"},"modified":"2025-11-01T09:53:16","modified_gmt":"2025-11-01T08:53:16","slug":"sparkling-petals-necklace","status":"publish","type":"product","link":"https:\/\/dolcejewellery.com\/fr\/produit\/sparkling-petals-necklace\/","title":{"rendered":"Collier P\u00e9tales Scintillants"},"content":{"rendered":"<h1><strong>Description et d\u00e9tails<\/strong><\/h1>\n<p><strong>Dolce Jewellery, Collier P\u00e9tales Scintillants.<\/strong><\/p>\n<p>Ajoutez une touche d&#039;\u00e9l\u00e9gance et d&#039;\u00e9clat \u00e0 votre tenue avec le magnifique collier P\u00e9tales Scintillants. Ce collier raffin\u00e9 est confectionn\u00e9 en argent sterling 925 v\u00e9ritable et arbore de charmantes breloques en forme de fleur \u00e0 quatre feuilles, chacune minutieusement orn\u00e9e de zircons scintillants. L&#039;association des breloques orn\u00e9es de zircons et des zircons ronds qui ornent le collier cr\u00e9e un \u00e9clat envo\u00fbtant.<\/p>\n<p>Les charms en forme de fleur \u00e0 quatre feuilles, r\u00e9alis\u00e9s avec pr\u00e9cision et souci du d\u00e9tail, mettent en valeur la beaut\u00e9 et la complexit\u00e9 des zircons. Ces zircons scintillants imitent \u00e0 merveille l&#039;\u00e9clat des diamants, capturant la lumi\u00e8re et cr\u00e9ant un \u00e9clat captivant. Les zircons ronds qui pars\u00e8ment le collier ajoutent une touche d&#039;\u00e9clat suppl\u00e9mentaire, rehaussant ainsi l&#039;allure g\u00e9n\u00e9rale du bijou.<\/p>\n<p>Le collier P\u00e9tales \u00c9tincelants est suspendu \u00e0 une cha\u00eene d\u00e9licate qui sublime son design par son \u00e9l\u00e9gante simplicit\u00e9. La longueur r\u00e9glable de la cha\u00eene permet un ajustement personnalis\u00e9, garantissant ainsi un ajustement parfait \u00e0 votre d\u00e9collet\u00e9.<\/p>\n<p>Ce collier est un accessoire polyvalent qui se porte aussi bien le jour que la nuit. Que vous participiez \u00e0 une occasion sp\u00e9ciale, \u00e0 un d\u00eener romantique ou que vous souhaitiez simplement sublimer votre look quotidien, le collier P\u00e9tales Scintillants est le choix id\u00e9al. D&#039;une beaut\u00e9 intemporelle et sophistiqu\u00e9e, il est un atout pr\u00e9cieux pour toute collection de bijoux.<\/p>\n<p>Laissez-vous s\u00e9duire par le charme envo\u00fbtant du collier Sparkling Petals de Dolce Jewellery. Ses zircons scintillants et son motif floral complexe sublimeront votre style unique et illumineront votre beaut\u00e9. Ce bijou raffin\u00e9 t\u00e9moigne de votre \u00e9l\u00e9gance et de votre gr\u00e2ce, captivant tous ceux qui contemplent son \u00e9clat envo\u00fbtant.<\/p>\n<p><strong>Type de produit : <\/strong>Colliers<\/p>\n<p><strong>Nom du produit :\u00a0<\/strong>Collier P\u00e9tales Scintillants<\/p>\n<p><strong>Pierre: <\/strong>Zircon<\/p>\n<p><strong>Mat\u00e9riel: <\/strong>100% Argent sterling 925<\/p>\n<p><strong>Longueur: <\/strong>43,5 cm (17,1 pouces), la longueur de la cha\u00eene peut \u00eatre allong\u00e9e d&#039;environ 6 cm (2,4 pouces)<\/p>\n<p><strong>Article:\u00a0<\/strong>BKXL116<\/p>\n<p><img loading=\"lazy\" decoding=\"async\" class=\"alignnone\" src=\"https:\/\/cdn.shopify.com\/s\/files\/1\/0559\/8819\/1417\/files\/95d54cd2-71e3-45ad-9aaa-88c5dffc4d72_480x480.png?v=1687029598\" alt=\"\" width=\"480\" height=\"416\" \/><\/p>","protected":false},"excerpt":{"rendered":"<p>Description &amp; Details Dolce Jewellery,\u00a0Sparkling Petals Necklace. Add a touch of elegance and sparkle to your ensemble with the dazzling Sparkling Petals Necklace. This exquisite necklace is crafted from genuine 925 sterling silver and features charming four-leaf flower charms, each meticulously adorned with shimmering zircon stones. The combination of the zircon-embellished charms and the additional [&#8230;]\n","protected":false},"featured_media":6332,"comment_status":"open","ping_status":"closed","template":"","meta":[],"product_brand":[],"product_cat":[36,29],"product_tag":[],"class_list":{"0":"post-3337","1":"product","2":"type-product","3":"status-publish","4":"has-post-thumbnail","6":"product_cat-necklaces","7":"product_cat-shop-all","9":"first","10":"instock","11":"shipping-taxable","12":"purchasable","13":"product-type-variable"},"_links":{"self":[{"href":"https:\/\/dolcejewellery.com\/fr\/wp-json\/wp\/v2\/product\/3337","targetHints":{"allow":["GET"]}}],"collection":[{"href":"https:\/\/dolcejewellery.com\/fr\/wp-json\/wp\/v2\/product"}],"about":[{"href":"https:\/\/dolcejewellery.com\/fr\/wp-json\/wp\/v2\/types\/product"}],"replies":[{"embeddable":true,"href":"https:\/\/dolcejewellery.com\/fr\/wp-json\/wp\/v2\/comments?post=3337"}],"wp:featuredmedia":[{"embeddable":true,"href":"https:\/\/dolcejewellery.com\/fr\/wp-json\/wp\/v2\/media\/6332"}],"wp:attachment":[{"href":"https:\/\/dolcejewellery.com\/fr\/wp-json\/wp\/v2\/media?parent=3337"}],"wp:term":[{"taxonomy":"product_brand","embeddable":true,"href":"https:\/\/dolcejewellery.com\/fr\/wp-json\/wp\/v2\/product_brand?post=3337"},{"taxonomy":"product_cat","embeddable":true,"href":"https:\/\/dolcejewellery.com\/fr\/wp-json\/wp\/v2\/product_cat?post=3337"},{"taxonomy":"product_tag","embeddable":true,"href":"https:\/\/dolcejewellery.com\/fr\/wp-json\/wp\/v2\/product_tag?post=3337"}],"curies":[{"name":"wp","href":"https:\/\/api.w.org\/{rel}","templated":true}]}}