{"id":3334,"date":"2025-02-01T11:15:11","date_gmt":"2025-02-01T11:15:11","guid":{"rendered":"https:\/\/dolcejewellery.com\/product\/sparkling-minimalism-ring\/"},"modified":"2025-11-01T09:49:07","modified_gmt":"2025-11-01T08:49:07","slug":"sparkling-minimalism-ring","status":"publish","type":"product","link":"https:\/\/dolcejewellery.com\/fr\/produit\/sparkling-minimalism-ring\/","title":{"rendered":"Bague minimaliste scintillante"},"content":{"rendered":"<h1><strong>Description et d\u00e9tails<\/strong><\/h1>\n<p><strong>Dolce Jewellery, Bague minimaliste \u00e9tincelante.<\/strong><\/p>\n<p>D\u00e9couvrez l&#039;alliance parfaite de la simplicit\u00e9 et de l&#039;\u00e9clat avec la bague Sparkling Minimalism. Cette bague raffin\u00e9e arbore un design minimaliste orn\u00e9 de pav\u00e9s de zircons scintillants. Fabriqu\u00e9e en argent sterling 925 v\u00e9ritable, elle symbolise l&#039;\u00e9l\u00e9gance raffin\u00e9e et la beaut\u00e9 intemporelle.<\/p>\n<p>Les pav\u00e9s de zircons incrustent d\u00e9licatement l&#039;anneau, cr\u00e9ant un jeu de lumi\u00e8re captivant et ajoutant une touche de glamour \u00e0 votre look. Le design minimaliste met en valeur les pierres, mettant en valeur leur \u00e9clat et cr\u00e9ant une d\u00e9claration de luxe discret.<\/p>\n<p>Son alliance \u00e9l\u00e9gante et confortable est soigneusement con\u00e7ue pour un ajustement parfait et un port facile. Port\u00e9e seule comme un accessoire chic et raffin\u00e9 ou associ\u00e9e \u00e0 d&#039;autres bagues pour un style tendance et personnalis\u00e9, la bague Sparkling Minimalism ajoute une touche de sophistication \u00e0 toutes vos tenues.<\/p>\n<p>Fabriqu\u00e9e avec le plus grand soin et un savoir-faire artisanal, cette bague est con\u00e7ue pour r\u00e9sister \u00e0 l&#039;\u00e9preuve du temps. Sa construction robuste et ses mat\u00e9riaux de haute qualit\u00e9 garantissent sa long\u00e9vit\u00e9, ce qui en fait une pi\u00e8ce pr\u00e9cieuse de votre collection de bijoux.<\/p>\n<p>Sublimez votre style avec le glamour discret de la bague Sparkling Minimalism en argent sterling 925 de Dolce Jewellery. Laissez les pav\u00e9s de zircons captiver vos sens et ajouter une touche d&#039;\u00e9clat \u00e0 vos tenues du quotidien comme pour les grandes occasions. Cette pi\u00e8ce sublime incarne l&#039;essence m\u00eame de l&#039;\u00e9l\u00e9gance moderne et de la simplicit\u00e9 raffin\u00e9e.<\/p>\n<p><strong>Type de produit :\u00a0<\/strong>Bagues<\/p>\n<p><strong>Nom du produit :\u00a0<\/strong>Bague minimaliste scintillante<\/p>\n<p><strong>Pierre: <\/strong>Zircon<\/p>\n<p><strong>Mat\u00e9riel:\u00a0<\/strong>100% Argent sterling 925<\/p>\n<p><strong>Article:\u00a0<\/strong>BKJZ013<\/p>\n<p><img decoding=\"async\" src=\"https:\/\/cdn.shopify.com\/s\/files\/1\/0559\/8819\/1417\/files\/5007e210-a39c-48a8-922d-05152507603c_480x480.png?v=1690455663\" alt=\"\" \/><\/p>","protected":false},"excerpt":{"rendered":"<p>Description &amp; Details Dolce Jewellery,\u00a0Sparkling Minimalism Ring. Experience the perfect blend of simplicity and sparkle with the Sparkling Minimalism Ring. This exquisite ring features a minimalist design adorned with shimmering pav\u00e9 zircon stones. Crafted from genuine 925 sterling silver, it is a symbol of refined elegance and timeless beauty. The pav\u00e9 zircon stones delicately encrust [&#8230;]\n","protected":false},"featured_media":7092,"comment_status":"open","ping_status":"closed","template":"","meta":[],"product_brand":[],"product_cat":[37,29],"product_tag":[],"class_list":{"0":"post-3334","1":"product","2":"type-product","3":"status-publish","4":"has-post-thumbnail","6":"product_cat-rings","7":"product_cat-shop-all","9":"first","10":"instock","11":"shipping-taxable","12":"purchasable","13":"product-type-variable"},"_links":{"self":[{"href":"https:\/\/dolcejewellery.com\/fr\/wp-json\/wp\/v2\/product\/3334","targetHints":{"allow":["GET"]}}],"collection":[{"href":"https:\/\/dolcejewellery.com\/fr\/wp-json\/wp\/v2\/product"}],"about":[{"href":"https:\/\/dolcejewellery.com\/fr\/wp-json\/wp\/v2\/types\/product"}],"replies":[{"embeddable":true,"href":"https:\/\/dolcejewellery.com\/fr\/wp-json\/wp\/v2\/comments?post=3334"}],"wp:featuredmedia":[{"embeddable":true,"href":"https:\/\/dolcejewellery.com\/fr\/wp-json\/wp\/v2\/media\/7092"}],"wp:attachment":[{"href":"https:\/\/dolcejewellery.com\/fr\/wp-json\/wp\/v2\/media?parent=3334"}],"wp:term":[{"taxonomy":"product_brand","embeddable":true,"href":"https:\/\/dolcejewellery.com\/fr\/wp-json\/wp\/v2\/product_brand?post=3334"},{"taxonomy":"product_cat","embeddable":true,"href":"https:\/\/dolcejewellery.com\/fr\/wp-json\/wp\/v2\/product_cat?post=3334"},{"taxonomy":"product_tag","embeddable":true,"href":"https:\/\/dolcejewellery.com\/fr\/wp-json\/wp\/v2\/product_tag?post=3334"}],"curies":[{"name":"wp","href":"https:\/\/api.w.org\/{rel}","templated":true}]}}