{"id":3325,"date":"2025-02-01T11:15:10","date_gmt":"2025-02-01T11:15:10","guid":{"rendered":"https:\/\/dolcejewellery.com\/product\/snake-charmer-clavicle-necklace\/"},"modified":"2025-11-01T10:16:21","modified_gmt":"2025-11-01T09:16:21","slug":"snake-charmer-clavicle-necklace","status":"publish","type":"product","link":"https:\/\/dolcejewellery.com\/fr\/produit\/snake-charmer-clavicle-necklace\/","title":{"rendered":"Collier Clavicule Charmeur de Serpent"},"content":{"rendered":"<h1 data-mce-fragment=\"1\"><strong data-mce-fragment=\"1\">Description et d\u00e9tails<\/strong><\/h1>\n<p data-mce-fragment=\"1\"><strong data-mce-fragment=\"1\">Dolce Jewellery, Collier Clavicule Charmeur de Serpent.<\/strong><\/p>\n<p data-mce-fragment=\"1\">Replongez dans les ann\u00e9es 80 avec ce collier clavicule charmeur de serpents de Dolce Jewellery. En le portant, vous charmerez tous ceux que vous rencontrerez plut\u00f4t que les serpents. Quel charmeur !<\/p>\n<p data-mce-fragment=\"1\">Disponible en deux couleurs : Argent et Or.<\/p>\n<p data-mce-fragment=\"1\"><strong data-mce-fragment=\"1\">Type de produit : <\/strong>Colliers<\/p>\n<p data-mce-fragment=\"1\"><strong data-mce-fragment=\"1\">Nom du produit :\u00a0<\/strong>Collier Clavicule Charmeur de Serpent<\/p>\n<p data-mce-fragment=\"1\"><span data-mce-fragment=\"1\"><strong data-mce-fragment=\"1\">Mat\u00e9riel: <\/strong><\/span>100% Argent sterling 925<\/p>\n<p data-mce-fragment=\"1\"><span data-mce-fragment=\"1\"><strong data-mce-fragment=\"1\">Longueur: <\/strong><\/span>36 cm (14,2 pouces), la longueur de la cha\u00eene peut \u00eatre allong\u00e9e d&#039;environ 5 cm (2 pouces)<\/p>\n<p data-mce-fragment=\"1\"><strong data-mce-fragment=\"1\">Article:\u00a0<\/strong>BKXL097<\/p>","protected":false},"excerpt":{"rendered":"<p>Description &amp; Details Dolce Jewellery, Snake Charmer Clavicle Necklace. Take it back to the 80s with this snake charmer clavicle necklace from Dolce Jewellery. Except you&#8217;ll be charming everyone you meet rather than snakes when you wear it. Such a charmer. Available in two colors: Silver &amp; Gold. Product Type: Necklaces Product Name:\u00a0Snake Charmer Clavicle [&#8230;]\n","protected":false},"featured_media":6355,"comment_status":"open","ping_status":"closed","template":"","meta":[],"product_brand":[],"product_cat":[36,29],"product_tag":[],"class_list":{"0":"post-3325","1":"product","2":"type-product","3":"status-publish","4":"has-post-thumbnail","6":"product_cat-necklaces","7":"product_cat-shop-all","9":"first","10":"instock","11":"shipping-taxable","12":"purchasable","13":"product-type-variable"},"_links":{"self":[{"href":"https:\/\/dolcejewellery.com\/fr\/wp-json\/wp\/v2\/product\/3325","targetHints":{"allow":["GET"]}}],"collection":[{"href":"https:\/\/dolcejewellery.com\/fr\/wp-json\/wp\/v2\/product"}],"about":[{"href":"https:\/\/dolcejewellery.com\/fr\/wp-json\/wp\/v2\/types\/product"}],"replies":[{"embeddable":true,"href":"https:\/\/dolcejewellery.com\/fr\/wp-json\/wp\/v2\/comments?post=3325"}],"wp:featuredmedia":[{"embeddable":true,"href":"https:\/\/dolcejewellery.com\/fr\/wp-json\/wp\/v2\/media\/6355"}],"wp:attachment":[{"href":"https:\/\/dolcejewellery.com\/fr\/wp-json\/wp\/v2\/media?parent=3325"}],"wp:term":[{"taxonomy":"product_brand","embeddable":true,"href":"https:\/\/dolcejewellery.com\/fr\/wp-json\/wp\/v2\/product_brand?post=3325"},{"taxonomy":"product_cat","embeddable":true,"href":"https:\/\/dolcejewellery.com\/fr\/wp-json\/wp\/v2\/product_cat?post=3325"},{"taxonomy":"product_tag","embeddable":true,"href":"https:\/\/dolcejewellery.com\/fr\/wp-json\/wp\/v2\/product_tag?post=3325"}],"curies":[{"name":"wp","href":"https:\/\/api.w.org\/{rel}","templated":true}]}}