{"id":3323,"date":"2025-02-01T11:15:10","date_gmt":"2025-02-01T11:15:10","guid":{"rendered":"https:\/\/dolcejewellery.com\/product\/smile-chain-ring\/"},"modified":"2025-11-01T10:10:37","modified_gmt":"2025-11-01T09:10:37","slug":"smile-chain-ring","status":"publish","type":"product","link":"https:\/\/dolcejewellery.com\/fr\/produit\/smile-chain-ring\/","title":{"rendered":"Bague cha\u00eene Smile"},"content":{"rendered":"<h1><strong>Description et d\u00e9tails<\/strong><\/h1>\n<p><strong>Dolce Jewellery, Bague cha\u00eene Smile.<\/strong><\/p>\n<p>On dit que la cl\u00e9 d&#039;une vie plus heureuse r\u00e9side dans la beaut\u00e9 des petites choses. Et cette bague cha\u00eene sourire de Dolce Jewellery n&#039;est-elle pas adorable\u00a0? Petite mais imposante.<\/p>\n<p>Il s&#039;agit d&#039;une bague r\u00e9glable en argent sterling 925 v\u00e9ritable.<\/p>\n<p>Offert en une seule couleur : Or.<\/p>\n<p><strong>Type de produit : <\/strong>Bagues<\/p>\n<p><strong>Nom du produit :\u00a0<\/strong>Bague cha\u00eene Smile<\/p>\n<p><strong>Mat\u00e9riel:\u00a0<\/strong>100% Argent sterling 925<\/p>\n<p><strong>Article:\u00a0<\/strong>BKJZ101<\/p>\n<p><img loading=\"lazy\" decoding=\"async\" class=\"alignnone wp-image-7107 size-full\" src=\"https:\/\/dolcejewellery.com\/wp-content\/uploads\/2025\/02\/BKJZ101.png\" alt=\"\" width=\"780\" height=\"620\" srcset=\"https:\/\/dolcejewellery.com\/wp-content\/uploads\/2025\/02\/BKJZ101.png 780w, https:\/\/dolcejewellery.com\/wp-content\/uploads\/2025\/02\/BKJZ101-300x238.png 300w, https:\/\/dolcejewellery.com\/wp-content\/uploads\/2025\/02\/BKJZ101-768x610.png 768w\" sizes=\"auto, (max-width: 780px) 100vw, 780px\" \/><\/p>\n<p><strong>Le mur d&#039;enceinte est d&#039;environ :\u00a0<\/strong>0,13 cm de large<\/p>","protected":false},"excerpt":{"rendered":"<p>Description &amp; Details Dolce Jewellery, Smile Chain Ring. They say the key to a happier life is finding beauty in the little things. And isn\u2019t this smile chain ring from Dolce Jewellery oh-so lovely? Small but mighty. It is an adjustable finger ring made of genuine 925 sterling silver. Offered only in one color: Gold. [&#8230;]\n","protected":false},"featured_media":7105,"comment_status":"open","ping_status":"closed","template":"","meta":[],"product_brand":[],"product_cat":[37,29],"product_tag":[],"class_list":{"0":"post-3323","1":"product","2":"type-product","3":"status-publish","4":"has-post-thumbnail","6":"product_cat-rings","7":"product_cat-shop-all","9":"first","10":"instock","11":"shipping-taxable","12":"purchasable","13":"product-type-variable"},"_links":{"self":[{"href":"https:\/\/dolcejewellery.com\/fr\/wp-json\/wp\/v2\/product\/3323","targetHints":{"allow":["GET"]}}],"collection":[{"href":"https:\/\/dolcejewellery.com\/fr\/wp-json\/wp\/v2\/product"}],"about":[{"href":"https:\/\/dolcejewellery.com\/fr\/wp-json\/wp\/v2\/types\/product"}],"replies":[{"embeddable":true,"href":"https:\/\/dolcejewellery.com\/fr\/wp-json\/wp\/v2\/comments?post=3323"}],"wp:featuredmedia":[{"embeddable":true,"href":"https:\/\/dolcejewellery.com\/fr\/wp-json\/wp\/v2\/media\/7105"}],"wp:attachment":[{"href":"https:\/\/dolcejewellery.com\/fr\/wp-json\/wp\/v2\/media?parent=3323"}],"wp:term":[{"taxonomy":"product_brand","embeddable":true,"href":"https:\/\/dolcejewellery.com\/fr\/wp-json\/wp\/v2\/product_brand?post=3323"},{"taxonomy":"product_cat","embeddable":true,"href":"https:\/\/dolcejewellery.com\/fr\/wp-json\/wp\/v2\/product_cat?post=3323"},{"taxonomy":"product_tag","embeddable":true,"href":"https:\/\/dolcejewellery.com\/fr\/wp-json\/wp\/v2\/product_tag?post=3323"}],"curies":[{"name":"wp","href":"https:\/\/api.w.org\/{rel}","templated":true}]}}