{"id":3318,"date":"2025-02-01T11:15:09","date_gmt":"2025-02-01T11:15:09","guid":{"rendered":"https:\/\/dolcejewellery.com\/product\/small-square-chain-bracelet\/"},"modified":"2025-11-01T10:47:23","modified_gmt":"2025-11-01T09:47:23","slug":"small-square-chain-bracelet","status":"publish","type":"product","link":"https:\/\/dolcejewellery.com\/fr\/produit\/small-square-chain-bracelet\/","title":{"rendered":"Petit bracelet \u00e0 cha\u00eene carr\u00e9e"},"content":{"rendered":"<h1><strong>Description et d\u00e9tails<\/strong><\/h1>\n<p><strong>Dolce Jewellery, Petit bracelet cha\u00eene carr\u00e9.<\/strong><\/p>\n<p>\u00c0 la fois subtil et \u00e9l\u00e9gant, ce bracelet Dolce Jewellery apportera une touche d&#039;\u00e9l\u00e9gance \u00e0 votre tenue. Il est compos\u00e9 d&#039;une cha\u00eene orn\u00e9e de petits carr\u00e9s en argent sterling.<\/p>\n<p>Il est simple et attrayant, ce qui en fait la pi\u00e8ce parfaite pour n&#039;importe quelle tenue.<\/p>\n<p>Propos\u00e9 en trois couleurs : argent, or et or rose.<\/p>\n<p><strong>Type de produit :\u00a0<\/strong>Bracelets<\/p>\n<p><strong>Nom du produit :\u00a0<\/strong>Petit bracelet \u00e0 cha\u00eene carr\u00e9e<\/p>\n<p><strong>Mat\u00e9riel: <\/strong>100% Argent sterling 925<\/p>\n<p><strong>Longueurs : <\/strong>la longueur du bracelet est de 15,5 cm (6,1 pouces), la longueur de la cha\u00eene d&#039;extension est de 2,8 cm (1,1 pouces)<\/p>\n<p><strong>Article:\u00a0<\/strong>BKSL067<\/p>\n<p><img loading=\"lazy\" decoding=\"async\" class=\"alignnone\" src=\"https:\/\/cdn.shopify.com\/s\/files\/1\/0559\/8819\/1417\/files\/861b5c36-0580-475d-9e2b-c472d7b1a90f_480x480.png?v=1629039128\" alt=\"\" width=\"480\" height=\"480\" \/><\/p>","protected":false},"excerpt":{"rendered":"<p>Description &amp; Details Dolce Jewellery, Small Square Chain Bracelet. Subtle yet stylish, this bracelet from Dolce Jewellery\u00a0will\u00a0add\u00a0a dash of sleek elegance\u00a0to your outfit. It consists of a chain with small squares made of sterling silver. It is simple and attractive, which makes it the perfect piece for any outfit. Offered in three colors: Silver, Gold [&#8230;]\n","protected":false},"featured_media":6723,"comment_status":"open","ping_status":"closed","template":"","meta":[],"product_brand":[],"product_cat":[31,29],"product_tag":[],"class_list":{"0":"post-3318","1":"product","2":"type-product","3":"status-publish","4":"has-post-thumbnail","6":"product_cat-bracelets","7":"product_cat-shop-all","9":"first","10":"instock","11":"shipping-taxable","12":"purchasable","13":"product-type-variable"},"_links":{"self":[{"href":"https:\/\/dolcejewellery.com\/fr\/wp-json\/wp\/v2\/product\/3318","targetHints":{"allow":["GET"]}}],"collection":[{"href":"https:\/\/dolcejewellery.com\/fr\/wp-json\/wp\/v2\/product"}],"about":[{"href":"https:\/\/dolcejewellery.com\/fr\/wp-json\/wp\/v2\/types\/product"}],"replies":[{"embeddable":true,"href":"https:\/\/dolcejewellery.com\/fr\/wp-json\/wp\/v2\/comments?post=3318"}],"wp:featuredmedia":[{"embeddable":true,"href":"https:\/\/dolcejewellery.com\/fr\/wp-json\/wp\/v2\/media\/6723"}],"wp:attachment":[{"href":"https:\/\/dolcejewellery.com\/fr\/wp-json\/wp\/v2\/media?parent=3318"}],"wp:term":[{"taxonomy":"product_brand","embeddable":true,"href":"https:\/\/dolcejewellery.com\/fr\/wp-json\/wp\/v2\/product_brand?post=3318"},{"taxonomy":"product_cat","embeddable":true,"href":"https:\/\/dolcejewellery.com\/fr\/wp-json\/wp\/v2\/product_cat?post=3318"},{"taxonomy":"product_tag","embeddable":true,"href":"https:\/\/dolcejewellery.com\/fr\/wp-json\/wp\/v2\/product_tag?post=3318"}],"curies":[{"name":"wp","href":"https:\/\/api.w.org\/{rel}","templated":true}]}}