{"id":3316,"date":"2025-02-01T11:15:09","date_gmt":"2025-02-01T11:15:09","guid":{"rendered":"https:\/\/dolcejewellery.com\/product\/small-daisy-ring\/"},"modified":"2025-11-01T10:33:16","modified_gmt":"2025-11-01T09:33:16","slug":"small-daisy-ring","status":"publish","type":"product","link":"https:\/\/dolcejewellery.com\/fr\/produit\/small-daisy-ring\/","title":{"rendered":"Petite bague marguerite"},"content":{"rendered":"<h1><strong>Description et d\u00e9tails<\/strong><\/h1>\n<p><strong>Dolce Jewellery, Petite bague marguerite.<\/strong><\/p>\n<p>Si vous cherchez un bijou \u00e9l\u00e9gant \u00e0 porter au quotidien, ne cherchez pas plus loin que la petite bague ajustable marguerite de Dolce Jewellery. Fabriqu\u00e9e en argent sterling avec une finition en relief, elle est orn\u00e9e d&#039;une jolie petite marguerite. Vous aurez envie de la porter en permanence, n&#039;h\u00e9sitez plus.<\/p>\n<p>Offert en une seule couleur : Argent.<\/p>\n<p><strong>Type de produit :\u00a0<\/strong>Bagues<\/p>\n<p><strong>Nom du produit :\u00a0<\/strong>Petite bague marguerite<\/p>\n<p><strong>Mat\u00e9riel:\u00a0<\/strong>100% Argent sterling 925<\/p>\n<p><strong>Article:\u00a0<\/strong>BKJZ015<\/p>\n<p><img decoding=\"async\" src=\"https:\/\/cdn.shopify.com\/s\/files\/1\/0559\/8819\/1417\/files\/BKJZ015_480x480.png?v=1631991108\" alt=\"\" \/><\/p>","protected":false},"excerpt":{"rendered":"<p>Description &amp; Details Dolce Jewellery, Small Daisy Ring. If you&#8217;re after stylish jewellery you&#8217;ll wear on most days, look no further than Dolce Jewellery&#8217;s small daisy adjustable finger ring. Made from sterling silver with a raised finish, it&#8217;s topped with a little beautiful daisy flower. You&#8217;ll want to wear it all the time, just you [&#8230;]\n","protected":false},"featured_media":7121,"comment_status":"open","ping_status":"closed","template":"","meta":[],"product_brand":[],"product_cat":[37,29],"product_tag":[],"class_list":{"0":"post-3316","1":"product","2":"type-product","3":"status-publish","4":"has-post-thumbnail","6":"product_cat-rings","7":"product_cat-shop-all","9":"first","10":"instock","11":"shipping-taxable","12":"purchasable","13":"product-type-variable"},"_links":{"self":[{"href":"https:\/\/dolcejewellery.com\/fr\/wp-json\/wp\/v2\/product\/3316","targetHints":{"allow":["GET"]}}],"collection":[{"href":"https:\/\/dolcejewellery.com\/fr\/wp-json\/wp\/v2\/product"}],"about":[{"href":"https:\/\/dolcejewellery.com\/fr\/wp-json\/wp\/v2\/types\/product"}],"replies":[{"embeddable":true,"href":"https:\/\/dolcejewellery.com\/fr\/wp-json\/wp\/v2\/comments?post=3316"}],"wp:featuredmedia":[{"embeddable":true,"href":"https:\/\/dolcejewellery.com\/fr\/wp-json\/wp\/v2\/media\/7121"}],"wp:attachment":[{"href":"https:\/\/dolcejewellery.com\/fr\/wp-json\/wp\/v2\/media?parent=3316"}],"wp:term":[{"taxonomy":"product_brand","embeddable":true,"href":"https:\/\/dolcejewellery.com\/fr\/wp-json\/wp\/v2\/product_brand?post=3316"},{"taxonomy":"product_cat","embeddable":true,"href":"https:\/\/dolcejewellery.com\/fr\/wp-json\/wp\/v2\/product_cat?post=3316"},{"taxonomy":"product_tag","embeddable":true,"href":"https:\/\/dolcejewellery.com\/fr\/wp-json\/wp\/v2\/product_tag?post=3316"}],"curies":[{"name":"wp","href":"https:\/\/api.w.org\/{rel}","templated":true}]}}