{"id":3315,"date":"2025-02-01T11:15:09","date_gmt":"2025-02-01T11:15:09","guid":{"rendered":"https:\/\/dolcejewellery.com\/product\/small-daisy-earrings\/"},"modified":"2026-02-10T09:53:45","modified_gmt":"2026-02-10T08:53:45","slug":"small-daisy-earrings","status":"publish","type":"product","link":"https:\/\/dolcejewellery.com\/fr\/produit\/small-daisy-earrings\/","title":{"rendered":"Petites boucles d&#039;oreilles marguerite"},"content":{"rendered":"<h1 data-mce-fragment=\"1\"><strong data-mce-fragment=\"1\">Description et d\u00e9tails<\/strong><\/h1>\n<p data-mce-fragment=\"1\"><strong data-mce-fragment=\"1\">Dolce Jewellery, Petites boucles d&#039;oreilles marguerite.<\/strong><\/p>\n<p>Si vous avez une f\u00eate familiale et que votre m\u00e8re insiste pour aborder le sujet du mariage, nous vous sugg\u00e9rons de faire une d\u00e9claration. N&#039;oubliez pas de lui dire que le seul mariage que vous allez bient\u00f4t c\u00e9l\u00e9brer sera avec ces petites boucles d&#039;oreilles pendantes marguerites argent\u00e9es de Dolce Jewellery. D\u00e9sol\u00e9e, mais vraiment pas d\u00e9sol\u00e9e.<\/p>\n<p>Ces boucles d&#039;oreilles sont vendues par paire.<\/p>\n<p data-mce-fragment=\"1\"><strong data-mce-fragment=\"1\">Type de produit :<\/strong> Boucles d&#039;oreilles pendantes<\/p>\n<p data-mce-fragment=\"1\"><strong data-mce-fragment=\"1\">Nom du produit :<\/strong>\u00a0Petites boucles d&#039;oreilles marguerite<\/p>\n<p data-mce-fragment=\"1\"><strong data-mce-fragment=\"1\">Mat\u00e9riel:\u00a0<\/strong>100% Argent sterling 925<\/p>\n<p data-mce-fragment=\"1\"><strong>Longueur:<\/strong> 5,9 cm (2,32 pouces)<\/p>\n<p data-mce-fragment=\"1\"><strong>Le diam\u00e8tre de la fleur :<\/strong> 0,8 cm (0,31 pouce)<\/p>\n<p data-mce-fragment=\"1\"><strong>Poids: <\/strong>1,9 g<\/p>\n<p data-mce-fragment=\"1\"><strong data-mce-fragment=\"1\">Article:\u00a0<\/strong>BKEJ050<\/p>","protected":false},"excerpt":{"rendered":"<p>Description &amp; Details Dolce Jewellery, Small Daisy Earrings. If you have a family event, and your mother insists on bringing up the marriage subject, we suggest you make a statement. Make sure to let her know that the only knot you&#8217;ll be tying anytime soon is with these small silver daisy drop statement earrings from [&#8230;]\n","protected":false},"featured_media":7586,"comment_status":"open","ping_status":"closed","template":"","meta":[],"product_brand":[],"product_cat":[28,33,34,29],"product_tag":[24],"class_list":{"0":"post-3315","1":"product","2":"type-product","3":"status-publish","4":"has-post-thumbnail","6":"product_cat-best-sellers","7":"product_cat-drop-earrings","8":"product_cat-earrings","9":"product_cat-shop-all","10":"product_tag-drop-earrings","12":"first","13":"instock","14":"shipping-taxable","15":"purchasable","16":"product-type-simple"},"_links":{"self":[{"href":"https:\/\/dolcejewellery.com\/fr\/wp-json\/wp\/v2\/product\/3315","targetHints":{"allow":["GET"]}}],"collection":[{"href":"https:\/\/dolcejewellery.com\/fr\/wp-json\/wp\/v2\/product"}],"about":[{"href":"https:\/\/dolcejewellery.com\/fr\/wp-json\/wp\/v2\/types\/product"}],"replies":[{"embeddable":true,"href":"https:\/\/dolcejewellery.com\/fr\/wp-json\/wp\/v2\/comments?post=3315"}],"wp:featuredmedia":[{"embeddable":true,"href":"https:\/\/dolcejewellery.com\/fr\/wp-json\/wp\/v2\/media\/7586"}],"wp:attachment":[{"href":"https:\/\/dolcejewellery.com\/fr\/wp-json\/wp\/v2\/media?parent=3315"}],"wp:term":[{"taxonomy":"product_brand","embeddable":true,"href":"https:\/\/dolcejewellery.com\/fr\/wp-json\/wp\/v2\/product_brand?post=3315"},{"taxonomy":"product_cat","embeddable":true,"href":"https:\/\/dolcejewellery.com\/fr\/wp-json\/wp\/v2\/product_cat?post=3315"},{"taxonomy":"product_tag","embeddable":true,"href":"https:\/\/dolcejewellery.com\/fr\/wp-json\/wp\/v2\/product_tag?post=3315"}],"curies":[{"name":"wp","href":"https:\/\/api.w.org\/{rel}","templated":true}]}}