{"id":3313,"date":"2025-02-01T11:15:09","date_gmt":"2025-02-01T11:15:09","guid":{"rendered":"https:\/\/dolcejewellery.com\/product\/sleek-serpent-beads-bracelet\/"},"modified":"2025-11-01T10:24:07","modified_gmt":"2025-11-01T09:24:07","slug":"sleek-serpent-beads-bracelet","status":"publish","type":"product","link":"https:\/\/dolcejewellery.com\/fr\/produit\/sleek-serpent-beads-bracelet\/","title":{"rendered":"Bracelet \u00e9l\u00e9gant en perles de serpent"},"content":{"rendered":"<h1><strong>Description et d\u00e9tails<\/strong><\/h1>\n<p><strong>Dolce Jewellery, Bracelet \u00e9l\u00e9gant en perles de serpent.<\/strong><\/p>\n<p>D\u00e9couvrez l&#039;alliance parfaite du minimalisme et de la sophistication avec notre \u00e9l\u00e9gant bracelet en perles serpent. Confectionn\u00e9 en argent sterling 925 v\u00e9ritable, ce bracelet est une pi\u00e8ce intemporelle qui respire l&#039;\u00e9l\u00e9gance et le style. Son design est compos\u00e9 d&#039;une \u00e9l\u00e9gante cha\u00eene en os de serpent orn\u00e9e de perles d\u00e9licates, cr\u00e9ant un effet captivant et accrocheur.<\/p>\n<p>Le bracelet \u00e9l\u00e9gant en perles serpent est con\u00e7u pour les femmes qui appr\u00e9cient les accessoires sobres et tendance. Son design minimaliste en fait une pi\u00e8ce polyvalente qui s&#039;accorde facilement avec toutes vos tenues, que ce soit pour le bureau, une soir\u00e9e d\u00e9contract\u00e9e ou une soir\u00e9e \u00e9l\u00e9gante.<\/p>\n<p>Con\u00e7u avec le plus grand soin, ce bracelet garantit durabilit\u00e9 et confort. Son fermoir mousqueton s\u00e9curis\u00e9 offre une fermeture facile, vous permettant de le porter et de le retirer facilement. Sa longueur r\u00e9glable assure un ajustement parfait \u00e0 toutes les tailles de poignet, ce qui en fait un accessoire id\u00e9al pour les femmes de tous \u00e2ges.<\/p>\n<p>Sublimez votre collection de bijoux avec le charme intemporel du bracelet Sleek Serpent Beads de Dolce Jewellery. Polyvalent et \u00e9l\u00e9gant, il sublimera votre style et apportera une touche de sophistication \u00e0 toutes vos tenues. Sublimez votre style et adoptez la beaut\u00e9 naturelle de ce bracelet raffin\u00e9.<\/p>\n<p>D\u00e9couvrez l&#039;\u00e9quilibre parfait entre \u00e9l\u00e9gance minimaliste et style contemporain avec le bracelet Sleek Serpent Beads. Un accessoire incontournable pour les femmes avant-gardistes qui appr\u00e9cient un savoir-faire de qualit\u00e9 et un design impeccable. Ajoutez une touche de sophistication \u00e0 votre collection de bijoux et affirmez votre style \u00e0 l&#039;\u00e9preuve du temps.<\/p>\n<p><strong>Type de produit : <\/strong>Bracelets<\/p>\n<p><strong>Nom du produit :\u00a0<\/strong>Bracelet \u00e9l\u00e9gant en perles de serpent<\/p>\n<p><strong>Mat\u00e9riel: <\/strong>100% Argent sterling 925<\/p>\n<p><strong>Article:\u00a0<\/strong>BKSL100<\/p>\n<p><img decoding=\"async\" src=\"https:\/\/cdn.shopify.com\/s\/files\/1\/0559\/8819\/1417\/files\/a607aa67-ecae-4837-ad72-62d794e1ebc3_480x480.png?v=1689869632\" alt=\"\" \/><\/p>","protected":false},"excerpt":{"rendered":"<p>Description &amp; Details Dolce Jewellery,\u00a0Sleek Serpent Beads Bracelet. Experience the perfect blend of minimalism and sophistication with our Sleek Serpent Beads Bracelet. Crafted from genuine 925 sterling silver, this bracelet is a timeless piece that exudes elegance and style. The design features a sleek snake bone chain adorned with delicate beads, creating a captivating and [&#8230;]\n","protected":false},"featured_media":6715,"comment_status":"open","ping_status":"closed","template":"","meta":[],"product_brand":[],"product_cat":[31,29],"product_tag":[],"class_list":{"0":"post-3313","1":"product","2":"type-product","3":"status-publish","4":"has-post-thumbnail","6":"product_cat-bracelets","7":"product_cat-shop-all","9":"first","10":"instock","11":"shipping-taxable","12":"purchasable","13":"product-type-simple"},"_links":{"self":[{"href":"https:\/\/dolcejewellery.com\/fr\/wp-json\/wp\/v2\/product\/3313","targetHints":{"allow":["GET"]}}],"collection":[{"href":"https:\/\/dolcejewellery.com\/fr\/wp-json\/wp\/v2\/product"}],"about":[{"href":"https:\/\/dolcejewellery.com\/fr\/wp-json\/wp\/v2\/types\/product"}],"replies":[{"embeddable":true,"href":"https:\/\/dolcejewellery.com\/fr\/wp-json\/wp\/v2\/comments?post=3313"}],"wp:featuredmedia":[{"embeddable":true,"href":"https:\/\/dolcejewellery.com\/fr\/wp-json\/wp\/v2\/media\/6715"}],"wp:attachment":[{"href":"https:\/\/dolcejewellery.com\/fr\/wp-json\/wp\/v2\/media?parent=3313"}],"wp:term":[{"taxonomy":"product_brand","embeddable":true,"href":"https:\/\/dolcejewellery.com\/fr\/wp-json\/wp\/v2\/product_brand?post=3313"},{"taxonomy":"product_cat","embeddable":true,"href":"https:\/\/dolcejewellery.com\/fr\/wp-json\/wp\/v2\/product_cat?post=3313"},{"taxonomy":"product_tag","embeddable":true,"href":"https:\/\/dolcejewellery.com\/fr\/wp-json\/wp\/v2\/product_tag?post=3313"}],"curies":[{"name":"wp","href":"https:\/\/api.w.org\/{rel}","templated":true}]}}