{"id":3310,"date":"2025-02-01T11:15:09","date_gmt":"2025-02-01T11:15:09","guid":{"rendered":"https:\/\/dolcejewellery.com\/product\/sleek-elegance-ring\/"},"modified":"2025-11-01T10:18:48","modified_gmt":"2025-11-01T09:18:48","slug":"sleek-elegance-ring","status":"publish","type":"product","link":"https:\/\/dolcejewellery.com\/fr\/produit\/sleek-elegance-ring\/","title":{"rendered":"Bague \u00e9l\u00e9gante et \u00e9pur\u00e9e"},"content":{"rendered":"<h1><strong>Description et d\u00e9tails<\/strong><\/h1>\n<p><strong>Dolce Jewellery, Bague \u00e9l\u00e9gante et \u00e9l\u00e9gante.<\/strong><\/p>\n<p>Affirmez votre style avec notre bague Sleek Elegance, une pi\u00e8ce au design unique au charme minimaliste. R\u00e9alis\u00e9e avec un souci du d\u00e9tail m\u00e9ticuleux, cette bague arbore un design \u00e9pur\u00e9 et discret, parfait pour celles qui appr\u00e9cient l&#039;\u00e9l\u00e9gance naturelle.<\/p>\n<p>Les lignes \u00e9pur\u00e9es et la silhouette minimaliste de cette bague en font un accessoire polyvalent qui s&#039;accorde avec toutes vos tenues, que ce soit pour une sortie d\u00e9contract\u00e9e ou une occasion sp\u00e9ciale. La simplicit\u00e9 de son design met en valeur la beaut\u00e9 de l&#039;argent sterling 925 de haute qualit\u00e9, cr\u00e9ant un look intemporel et sophistiqu\u00e9.<\/p>\n<p>Son bracelet r\u00e9glable assure un ajustement confortable et s&#039;adapte \u00e0 toutes les tailles de doigts. Sa conception l\u00e9g\u00e8re vous permet de le porter toute la journ\u00e9e sans g\u00eane. Les mat\u00e9riaux de haute qualit\u00e9 utilis\u00e9s garantissent durabilit\u00e9 et brillance longue dur\u00e9e.<\/p>\n<p>La bague Sleek Elegance est un ajout polyvalent \u00e0 toute collection de bijoux. Son design intemporel et son esth\u00e9tique minimaliste en font le choix id\u00e9al pour celles qui privil\u00e9gient l&#039;\u00e9l\u00e9gance discr\u00e8te. Port\u00e9e seule ou associ\u00e9e \u00e0 d&#039;autres bagues, elle apportera une touche de sophistication \u00e0 votre style.<\/p>\n<p>Sublimez votre collection de bijoux avec la bague Sleek Elegance de Dolce Jewellery. Son design unique et sa finition de haute qualit\u00e9 en font une pi\u00e8ce pr\u00e9cieuse qui sublimera votre style personnel pendant des ann\u00e9es. Cette bague refl\u00e8te votre go\u00fbt raffin\u00e9 et votre \u00e9l\u00e9gance naturelle.<\/p>\n<p><strong>Type de produit :\u00a0<\/strong>Bagues<\/p>\n<p><strong>Nom du produit :\u00a0<\/strong>Bague \u00e9l\u00e9gante et \u00e9pur\u00e9e<\/p>\n<p><strong>Mat\u00e9riel:\u00a0<\/strong>100% Argent sterling 925<\/p>\n<p><strong>Article:\u00a0<\/strong>BKJZ202<\/p>\n<p><img loading=\"lazy\" decoding=\"async\" class=\"alignnone\" src=\"https:\/\/cdn.shopify.com\/s\/files\/1\/0559\/8819\/1417\/files\/BKJZ202_480x480.png?v=1690904682\" alt=\"\" width=\"480\" height=\"480\" \/><\/p>","protected":false},"excerpt":{"rendered":"<p>Description &amp; Details Dolce Jewellery,\u00a0Sleek Elegance Ring. Make a statement with our Sleek Elegance Ring, a uniquely designed piece that exudes minimalist charm. Crafted with meticulous attention to detail, this ring showcases a sleek and understated design that is perfect for those who appreciate effortless elegance. The clean lines and minimalist silhouette of this ring [&#8230;]\n","protected":false},"featured_media":7112,"comment_status":"open","ping_status":"closed","template":"","meta":[],"product_brand":[],"product_cat":[37,29],"product_tag":[],"class_list":{"0":"post-3310","1":"product","2":"type-product","3":"status-publish","4":"has-post-thumbnail","6":"product_cat-rings","7":"product_cat-shop-all","9":"first","10":"instock","11":"shipping-taxable","12":"purchasable","13":"product-type-variable"},"_links":{"self":[{"href":"https:\/\/dolcejewellery.com\/fr\/wp-json\/wp\/v2\/product\/3310","targetHints":{"allow":["GET"]}}],"collection":[{"href":"https:\/\/dolcejewellery.com\/fr\/wp-json\/wp\/v2\/product"}],"about":[{"href":"https:\/\/dolcejewellery.com\/fr\/wp-json\/wp\/v2\/types\/product"}],"replies":[{"embeddable":true,"href":"https:\/\/dolcejewellery.com\/fr\/wp-json\/wp\/v2\/comments?post=3310"}],"wp:featuredmedia":[{"embeddable":true,"href":"https:\/\/dolcejewellery.com\/fr\/wp-json\/wp\/v2\/media\/7112"}],"wp:attachment":[{"href":"https:\/\/dolcejewellery.com\/fr\/wp-json\/wp\/v2\/media?parent=3310"}],"wp:term":[{"taxonomy":"product_brand","embeddable":true,"href":"https:\/\/dolcejewellery.com\/fr\/wp-json\/wp\/v2\/product_brand?post=3310"},{"taxonomy":"product_cat","embeddable":true,"href":"https:\/\/dolcejewellery.com\/fr\/wp-json\/wp\/v2\/product_cat?post=3310"},{"taxonomy":"product_tag","embeddable":true,"href":"https:\/\/dolcejewellery.com\/fr\/wp-json\/wp\/v2\/product_tag?post=3310"}],"curies":[{"name":"wp","href":"https:\/\/api.w.org\/{rel}","templated":true}]}}