{"id":3288,"date":"2025-02-01T11:15:06","date_gmt":"2025-02-01T11:15:06","guid":{"rendered":"https:\/\/dolcejewellery.com\/product\/simple-rectangle-zircon-rings\/"},"modified":"2025-11-01T10:59:06","modified_gmt":"2025-11-01T09:59:06","slug":"simple-rectangle-zircon-rings","status":"publish","type":"product","link":"https:\/\/dolcejewellery.com\/fr\/produit\/simple-rectangle-zircon-rings\/","title":{"rendered":"Bagues rectangulaires simples en zircon"},"content":{"rendered":"<h1><strong>Description et d\u00e9tails<\/strong><\/h1>\n<p><strong>Dolce Jewellery, Bagues rectangulaires simples en zircon.<\/strong><\/p>\n<p>D\u00e9couvrez l&#039;\u00e9l\u00e9gance sans effort avec nos bagues rectangulaires simples en zircon de Dolce Jewellery. Fabriqu\u00e9es en argent sterling 925 v\u00e9ritable, ces bagues arborent un design minimaliste, \u00e0 la fois moderne et polyvalent. Chaque bague est orn\u00e9e d&#039;une pierre en zircon rectangulaire, soigneusement choisie pour sa couleur vive et son \u00e9clat brillant.<\/p>\n<p>La beaut\u00e9 de ces bagues r\u00e9side dans leur simplicit\u00e9. Les lignes \u00e9pur\u00e9es du zircon rectangulaire cr\u00e9ent un look \u00e9l\u00e9gant et sophistiqu\u00e9, parfait au quotidien comme pour les grandes occasions. La vari\u00e9t\u00e9 de couleurs disponibles vous permet d&#039;exprimer votre style personnel et d&#039;ajouter une touche de couleur \u00e0 votre tenue.<\/p>\n<p>L&#039;anneau en argent sterling de haute qualit\u00e9 garantit durabilit\u00e9 et confort, rendant ces bagues agr\u00e9ables \u00e0 porter. Que vous choisissiez un zircon audacieux et \u00e9clatant ou une teinte plus subtile et d\u00e9licate, ces bagues sauront affirmer votre style et le sublimer.<\/p>\n<p>Avec leur design unique et leurs magnifiques zircons, nos bagues rectangulaires simples en zircon de Dolce Jewellery sont l&#039;accessoire id\u00e9al pour sublimer votre collection de bijoux. Offrez-vous ou surprenez un \u00eatre cher avec une touche d&#039;\u00e9l\u00e9gance et d&#039;\u00e9clat qui restera grav\u00e9e dans votre m\u00e9moire pendant des ann\u00e9es.<\/p>\n<p><strong>Type de produit :\u00a0<\/strong>Bagues<\/p>\n<p><strong>Nom du produit :\u00a0<\/strong>Bagues rectangulaires simples en zircon<\/p>\n<p><strong>Pierre: <\/strong>Zircon<\/p>\n<p><strong>Mat\u00e9riel:\u00a0<\/strong>100% Argent sterling 925<\/p>\n<p><strong>Article:\u00a0<\/strong>MJZ081<\/p>","protected":false},"excerpt":{"rendered":"<p>Description &amp; Details Dolce Jewellery,\u00a0Simple Rectangle Zircon Rings. Experience effortless elegance with our Simple Rectangle Zircon Rings by Dolce Jewellery. Crafted from genuine 925 sterling silver, these rings showcase a minimalist design that is both modern and versatile. Each ring features a rectangular zircon stone, carefully chosen for its vibrant color and brilliant sparkle. The [&#8230;]\n","protected":false},"featured_media":7136,"comment_status":"open","ping_status":"closed","template":"","meta":[],"product_brand":[],"product_cat":[37,29],"product_tag":[],"class_list":{"0":"post-3288","1":"product","2":"type-product","3":"status-publish","4":"has-post-thumbnail","6":"product_cat-rings","7":"product_cat-shop-all","9":"first","10":"instock","11":"shipping-taxable","12":"purchasable","13":"product-type-variable"},"_links":{"self":[{"href":"https:\/\/dolcejewellery.com\/fr\/wp-json\/wp\/v2\/product\/3288","targetHints":{"allow":["GET"]}}],"collection":[{"href":"https:\/\/dolcejewellery.com\/fr\/wp-json\/wp\/v2\/product"}],"about":[{"href":"https:\/\/dolcejewellery.com\/fr\/wp-json\/wp\/v2\/types\/product"}],"replies":[{"embeddable":true,"href":"https:\/\/dolcejewellery.com\/fr\/wp-json\/wp\/v2\/comments?post=3288"}],"wp:featuredmedia":[{"embeddable":true,"href":"https:\/\/dolcejewellery.com\/fr\/wp-json\/wp\/v2\/media\/7136"}],"wp:attachment":[{"href":"https:\/\/dolcejewellery.com\/fr\/wp-json\/wp\/v2\/media?parent=3288"}],"wp:term":[{"taxonomy":"product_brand","embeddable":true,"href":"https:\/\/dolcejewellery.com\/fr\/wp-json\/wp\/v2\/product_brand?post=3288"},{"taxonomy":"product_cat","embeddable":true,"href":"https:\/\/dolcejewellery.com\/fr\/wp-json\/wp\/v2\/product_cat?post=3288"},{"taxonomy":"product_tag","embeddable":true,"href":"https:\/\/dolcejewellery.com\/fr\/wp-json\/wp\/v2\/product_tag?post=3288"}],"curies":[{"name":"wp","href":"https:\/\/api.w.org\/{rel}","templated":true}]}}