{"id":3285,"date":"2025-02-01T11:15:06","date_gmt":"2025-02-01T11:15:06","guid":{"rendered":"https:\/\/dolcejewellery.com\/product\/simple-luxurious-clip-earrings\/"},"modified":"2025-11-01T10:56:24","modified_gmt":"2025-11-01T09:56:24","slug":"simple-luxurious-clip-earrings","status":"publish","type":"product","link":"https:\/\/dolcejewellery.com\/fr\/produit\/simple-luxurious-clip-earrings\/","title":{"rendered":"Boucles d&#039;oreilles \u00e0 clip simples et luxueuses"},"content":{"rendered":"<h1><strong>Description et d\u00e9tails<\/strong><\/h1>\n<p><strong>Dolce Jewellery, Boucles d&#039;oreilles \u00e0 clip simples et luxueuses.<\/strong><\/p>\n<p>Ces boucles d&#039;oreilles clip Dolce Jewellery offrent une infinit\u00e9 de possibilit\u00e9s de style. Avec leur forme simple et leurs ornements en cristal, elles sont aussi \u00e9l\u00e9gantes que pratiques. Un vrai bonheur.<\/p>\n<p>Offert en deux couleurs : Argent et Or.<\/p>\n<p>Ces boucles d&#039;oreilles sont vendues par paire.<\/p>\n<p><strong>Type de produit :<\/strong> Boucles d&#039;oreilles \u00e0 clip<\/p>\n<p><strong>Nom du produit :\u00a0<\/strong>Boucles d&#039;oreilles \u00e0 clip simples et luxueuses<\/p>\n<p><strong>Pierre: <\/strong>Zircon<\/p>\n<p><strong>Mat\u00e9riel:\u00a0<\/strong>100% Argent sterling 925<\/p>\n<p><strong>Poids: <\/strong>0,8 g<\/p>\n<p><strong>Article:\u00a0<\/strong>BKEJ074<\/p>\n<p><img loading=\"lazy\" decoding=\"async\" class=\"alignnone\" src=\"https:\/\/cdn.shopify.com\/s\/files\/1\/0559\/8819\/1417\/files\/5ce26b67-9218-4427-86f2-7ea4c6db0673_480x480.png?v=1629745543\" alt=\"\" width=\"480\" height=\"339\" \/><\/p>","protected":false},"excerpt":{"rendered":"<p>Description &amp; Details Dolce Jewellery, Simple Luxurious Clip Earrings. Endless styling opportunities are in store with these Dolce Jewellery clip on earrings. Boasting a simple shape and crystal embellishments, they are as stylish as they are practical. Talk about trouble-free. Offered in two colors: Silver &amp; Gold. These earrings come as a pair. Product Type: [&#8230;]\n","protected":false},"featured_media":7609,"comment_status":"open","ping_status":"closed","template":"","meta":[],"product_brand":[],"product_cat":[32,34,29],"product_tag":[26],"class_list":{"0":"post-3285","1":"product","2":"type-product","3":"status-publish","4":"has-post-thumbnail","6":"product_cat-clip-on-earrings","7":"product_cat-earrings","8":"product_cat-shop-all","9":"product_tag-clip-on-earrings","11":"first","12":"instock","13":"shipping-taxable","14":"purchasable","15":"product-type-variable"},"_links":{"self":[{"href":"https:\/\/dolcejewellery.com\/fr\/wp-json\/wp\/v2\/product\/3285","targetHints":{"allow":["GET"]}}],"collection":[{"href":"https:\/\/dolcejewellery.com\/fr\/wp-json\/wp\/v2\/product"}],"about":[{"href":"https:\/\/dolcejewellery.com\/fr\/wp-json\/wp\/v2\/types\/product"}],"replies":[{"embeddable":true,"href":"https:\/\/dolcejewellery.com\/fr\/wp-json\/wp\/v2\/comments?post=3285"}],"wp:featuredmedia":[{"embeddable":true,"href":"https:\/\/dolcejewellery.com\/fr\/wp-json\/wp\/v2\/media\/7609"}],"wp:attachment":[{"href":"https:\/\/dolcejewellery.com\/fr\/wp-json\/wp\/v2\/media?parent=3285"}],"wp:term":[{"taxonomy":"product_brand","embeddable":true,"href":"https:\/\/dolcejewellery.com\/fr\/wp-json\/wp\/v2\/product_brand?post=3285"},{"taxonomy":"product_cat","embeddable":true,"href":"https:\/\/dolcejewellery.com\/fr\/wp-json\/wp\/v2\/product_cat?post=3285"},{"taxonomy":"product_tag","embeddable":true,"href":"https:\/\/dolcejewellery.com\/fr\/wp-json\/wp\/v2\/product_tag?post=3285"}],"curies":[{"name":"wp","href":"https:\/\/api.w.org\/{rel}","templated":true}]}}