{"id":3281,"date":"2025-02-01T11:15:06","date_gmt":"2025-02-01T11:15:06","guid":{"rendered":"https:\/\/dolcejewellery.com\/product\/simple-link-chain-anklet\/"},"modified":"2025-11-01T10:53:57","modified_gmt":"2025-11-01T09:53:57","slug":"simple-link-chain-anklet","status":"publish","type":"product","link":"https:\/\/dolcejewellery.com\/fr\/produit\/simple-link-chain-anklet\/","title":{"rendered":"Cha\u00eene de cheville \u00e0 maillons simples"},"content":{"rendered":"<h1><strong>Description et d\u00e9tails<\/strong><\/h1>\n<p><strong>Dolce Jewellery, cha\u00eene de cheville \u00e0 maillons simples.<\/strong><\/p>\n<p>Votre corps, votre temple. Embellissez-le avec ce simple bracelet de cheville \u00e0 maillons de Dolce Jewellery. D&#039;une beaut\u00e9 intemporelle.<\/p>\n<p>Propos\u00e9 en trois couleurs : argent, or et or rose.<\/p>\n<p><strong>Type de produit :<\/strong> Bracelets de cheville<\/p>\n<p><strong>Nom du produit :\u00a0<\/strong>Cha\u00eene de cheville \u00e0 maillons simples<\/p>\n<p><strong>Mat\u00e9riel:\u00a0<\/strong>100% Argent sterling 925<\/p>\n<p><strong>Longueurs :\u00a0<\/strong>La longueur du bracelet de cheville est d&#039;environ 21 cm (8,27 pouces), la longueur de la cha\u00eene d&#039;extension est d&#039;environ 3,5 cm (1,38 pouces)<\/p>\n<p><strong>Article:\u00a0<\/strong>BKSL025<\/p>\n<p><img loading=\"lazy\" decoding=\"async\" class=\"alignnone\" src=\"https:\/\/cdn.shopify.com\/s\/files\/1\/0559\/8819\/1417\/files\/BKSL025_480x480.png?v=1629554276\" alt=\"\" width=\"480\" height=\"381\" \/><\/p>","protected":false},"excerpt":{"rendered":"<p>Description &amp; Details Dolce Jewellery, Simple Link Chain Anklet. Your body, your temple. So embellish it with this simple link chain anklet from Dolce Jewellery. Timelessly beautiful. Offered in three colors: Silver, Gold &amp; Rose Gold. Product Type: Anklets Product Name:\u00a0Simple Link Chain Anklet Material:\u00a0100% 925 Sterling Silver Lengths:\u00a0anklet length is about 21cm(8.27 inches), extension [&#8230;]\n","protected":false},"featured_media":7420,"comment_status":"open","ping_status":"closed","template":"","meta":[],"product_brand":[],"product_cat":[30,29],"product_tag":[],"class_list":{"0":"post-3281","1":"product","2":"type-product","3":"status-publish","4":"has-post-thumbnail","6":"product_cat-anklets","7":"product_cat-shop-all","9":"first","10":"instock","11":"shipping-taxable","12":"purchasable","13":"product-type-variable"},"_links":{"self":[{"href":"https:\/\/dolcejewellery.com\/fr\/wp-json\/wp\/v2\/product\/3281","targetHints":{"allow":["GET"]}}],"collection":[{"href":"https:\/\/dolcejewellery.com\/fr\/wp-json\/wp\/v2\/product"}],"about":[{"href":"https:\/\/dolcejewellery.com\/fr\/wp-json\/wp\/v2\/types\/product"}],"replies":[{"embeddable":true,"href":"https:\/\/dolcejewellery.com\/fr\/wp-json\/wp\/v2\/comments?post=3281"}],"wp:featuredmedia":[{"embeddable":true,"href":"https:\/\/dolcejewellery.com\/fr\/wp-json\/wp\/v2\/media\/7420"}],"wp:attachment":[{"href":"https:\/\/dolcejewellery.com\/fr\/wp-json\/wp\/v2\/media?parent=3281"}],"wp:term":[{"taxonomy":"product_brand","embeddable":true,"href":"https:\/\/dolcejewellery.com\/fr\/wp-json\/wp\/v2\/product_brand?post=3281"},{"taxonomy":"product_cat","embeddable":true,"href":"https:\/\/dolcejewellery.com\/fr\/wp-json\/wp\/v2\/product_cat?post=3281"},{"taxonomy":"product_tag","embeddable":true,"href":"https:\/\/dolcejewellery.com\/fr\/wp-json\/wp\/v2\/product_tag?post=3281"}],"curies":[{"name":"wp","href":"https:\/\/api.w.org\/{rel}","templated":true}]}}