{"id":3278,"date":"2025-02-01T11:15:05","date_gmt":"2025-02-01T11:15:05","guid":{"rendered":"https:\/\/dolcejewellery.com\/product\/simple-korean-tassel-anklet\/"},"modified":"2025-11-02T11:46:26","modified_gmt":"2025-11-02T10:46:26","slug":"simple-korean-tassel-anklet","status":"publish","type":"product","link":"https:\/\/dolcejewellery.com\/fr\/produit\/simple-korean-tassel-anklet\/","title":{"rendered":"Bracelet de cheville \u00e0 pompon cor\u00e9en simple"},"content":{"rendered":"<h1><strong>Description et d\u00e9tails<\/strong><\/h1>\n<p><strong>Dolce Jewellery, Bracelet de cheville \u00e0 pompon cor\u00e9en simple.<\/strong><\/p>\n<p>Loin des tendances, Dolce Jewellery est une marque de bijoux qui cr\u00e9e des pi\u00e8ces simples et raffin\u00e9es, \u00e0 porter au quotidien, comme ce joli bracelet de cheville. Fabriqu\u00e9 en argent sterling 925, ce bijou subtil r\u00e9sistera \u00e0 l&#039;\u00e9preuve du temps.<\/p>\n<p>Offert en deux couleurs : Argent et Or.<\/p>\n<p><strong>Type de produit :<\/strong> Bracelets de cheville<\/p>\n<p><strong>Nom du produit :\u00a0<\/strong>Bracelet de cheville \u00e0 pompon cor\u00e9en simple<\/p>\n<p><strong>Mat\u00e9riel:\u00a0<\/strong>100% Argent sterling 925<\/p>\n<p><strong>Longueurs :<\/strong> La longueur du bracelet de cheville est de 31,5 cm (12,40 pouces), la cha\u00eene d&#039;extension peut \u00eatre ajust\u00e9e librement<\/p>\n<p><strong>Article:\u00a0<\/strong>BKSL125<\/p>\n<p><img loading=\"lazy\" decoding=\"async\" class=\"alignnone wp-image-7438 size-full\" src=\"https:\/\/dolcejewellery.com\/wp-content\/uploads\/2025\/02\/BKSL125.png\" alt=\"\" width=\"780\" height=\"620\" srcset=\"https:\/\/dolcejewellery.com\/wp-content\/uploads\/2025\/02\/BKSL125.png 780w, https:\/\/dolcejewellery.com\/wp-content\/uploads\/2025\/02\/BKSL125-300x238.png 300w, https:\/\/dolcejewellery.com\/wp-content\/uploads\/2025\/02\/BKSL125-768x610.png 768w\" sizes=\"auto, (max-width: 780px) 100vw, 780px\" \/><\/p>","protected":false},"excerpt":{"rendered":"<p>Description &amp; Details Dolce Jewellery, Simple Korean Tassel Anklet. Not following trends, Dolce Jewellery is a jewellery brand that creates simple and refined pieces made to be worn every day as seen in this lovely anklet. Constructed from 925 sterling silver, this subtle piece will stand the test of time. Offered in two colors: Silver [&#8230;]\n","protected":false},"featured_media":7432,"comment_status":"open","ping_status":"closed","template":"","meta":[],"product_brand":[],"product_cat":[30,28,29],"product_tag":[],"class_list":{"0":"post-3278","1":"product","2":"type-product","3":"status-publish","4":"has-post-thumbnail","6":"product_cat-anklets","7":"product_cat-best-sellers","8":"product_cat-shop-all","10":"first","11":"instock","12":"shipping-taxable","13":"purchasable","14":"product-type-variable"},"_links":{"self":[{"href":"https:\/\/dolcejewellery.com\/fr\/wp-json\/wp\/v2\/product\/3278","targetHints":{"allow":["GET"]}}],"collection":[{"href":"https:\/\/dolcejewellery.com\/fr\/wp-json\/wp\/v2\/product"}],"about":[{"href":"https:\/\/dolcejewellery.com\/fr\/wp-json\/wp\/v2\/types\/product"}],"replies":[{"embeddable":true,"href":"https:\/\/dolcejewellery.com\/fr\/wp-json\/wp\/v2\/comments?post=3278"}],"wp:featuredmedia":[{"embeddable":true,"href":"https:\/\/dolcejewellery.com\/fr\/wp-json\/wp\/v2\/media\/7432"}],"wp:attachment":[{"href":"https:\/\/dolcejewellery.com\/fr\/wp-json\/wp\/v2\/media?parent=3278"}],"wp:term":[{"taxonomy":"product_brand","embeddable":true,"href":"https:\/\/dolcejewellery.com\/fr\/wp-json\/wp\/v2\/product_brand?post=3278"},{"taxonomy":"product_cat","embeddable":true,"href":"https:\/\/dolcejewellery.com\/fr\/wp-json\/wp\/v2\/product_cat?post=3278"},{"taxonomy":"product_tag","embeddable":true,"href":"https:\/\/dolcejewellery.com\/fr\/wp-json\/wp\/v2\/product_tag?post=3278"}],"curies":[{"name":"wp","href":"https:\/\/api.w.org\/{rel}","templated":true}]}}