{"id":3268,"date":"2025-02-01T11:15:05","date_gmt":"2025-02-01T11:15:05","guid":{"rendered":"https:\/\/dolcejewellery.com\/product\/simple-disc-link-chain-anklet\/"},"modified":"2025-11-01T15:12:58","modified_gmt":"2025-11-01T14:12:58","slug":"simple-disc-link-chain-anklet","status":"publish","type":"product","link":"https:\/\/dolcejewellery.com\/fr\/produit\/simple-disc-link-chain-anklet\/","title":{"rendered":"Cha\u00eene de cheville \u00e0 maillons en forme de disque simple"},"content":{"rendered":"<h1><strong>Description et d\u00e9tails<\/strong><\/h1>\n<p><strong>Dolce Jewellery, cha\u00eene de cheville \u00e0 maillons de disque simple.<\/strong><\/p>\n<p>N&#039;\u00e9coutez pas les autres, plus c&#039;est toujours mieux. Et votre cheville est pr\u00eate \u00e0 briller avec ce bracelet de cheville \u00e0 maillons en or, d&#039;une \u00e9l\u00e9gance \u00e9clatante.<\/p>\n<p>Avoir une apparence glamour ne conna\u00eet pas de limites.<\/p>\n<p><strong>Type de produit :<\/strong> Bracelets de cheville<\/p>\n<p><strong>Nom du produit :\u00a0<\/strong>Cha\u00eene de cheville \u00e0 maillons en forme de disque simple<\/p>\n<p><strong>Mat\u00e9riel:\u00a0<\/strong>100% Argent sterling 925<\/p>\n<p><strong>Longueurs : <\/strong>la longueur du bracelet de cheville est de 26,5 cm (10,43 pouces), la longueur de la cha\u00eene d&#039;extension est de 4 cm (1,57 pouces)<\/p>\n<p><strong>Article:\u00a0<\/strong>BKSL121<\/p>\n<p><img loading=\"lazy\" decoding=\"async\" class=\"alignnone wp-image-7429 size-full\" src=\"https:\/\/dolcejewellery.com\/wp-content\/uploads\/2025\/02\/BKSL121.png\" alt=\"\" width=\"780\" height=\"551\" srcset=\"https:\/\/dolcejewellery.com\/wp-content\/uploads\/2025\/02\/BKSL121.png 780w, https:\/\/dolcejewellery.com\/wp-content\/uploads\/2025\/02\/BKSL121-300x212.png 300w, https:\/\/dolcejewellery.com\/wp-content\/uploads\/2025\/02\/BKSL121-768x543.png 768w\" sizes=\"auto, (max-width: 780px) 100vw, 780px\" \/><\/p>","protected":false},"excerpt":{"rendered":"<p>Description &amp; Details Dolce Jewellery, Simple Disc Link Chain Anklet. Don&#8217;t listen to what the others might say, more is always more. And your ankle is ready to shine with this gold disc link chain anklet that shines elegantly. Looking glamorous knows no bounds. Product Type: Anklets Product Name:\u00a0Simple Disc Link Chain Anklet Material:\u00a0100% 925 [&#8230;]\n","protected":false},"featured_media":7426,"comment_status":"open","ping_status":"closed","template":"","meta":[],"product_brand":[],"product_cat":[30,29],"product_tag":[],"class_list":{"0":"post-3268","1":"product","2":"type-product","3":"status-publish","4":"has-post-thumbnail","6":"product_cat-anklets","7":"product_cat-shop-all","9":"first","10":"instock","11":"shipping-taxable","12":"purchasable","13":"product-type-simple"},"_links":{"self":[{"href":"https:\/\/dolcejewellery.com\/fr\/wp-json\/wp\/v2\/product\/3268","targetHints":{"allow":["GET"]}}],"collection":[{"href":"https:\/\/dolcejewellery.com\/fr\/wp-json\/wp\/v2\/product"}],"about":[{"href":"https:\/\/dolcejewellery.com\/fr\/wp-json\/wp\/v2\/types\/product"}],"replies":[{"embeddable":true,"href":"https:\/\/dolcejewellery.com\/fr\/wp-json\/wp\/v2\/comments?post=3268"}],"wp:featuredmedia":[{"embeddable":true,"href":"https:\/\/dolcejewellery.com\/fr\/wp-json\/wp\/v2\/media\/7426"}],"wp:attachment":[{"href":"https:\/\/dolcejewellery.com\/fr\/wp-json\/wp\/v2\/media?parent=3268"}],"wp:term":[{"taxonomy":"product_brand","embeddable":true,"href":"https:\/\/dolcejewellery.com\/fr\/wp-json\/wp\/v2\/product_brand?post=3268"},{"taxonomy":"product_cat","embeddable":true,"href":"https:\/\/dolcejewellery.com\/fr\/wp-json\/wp\/v2\/product_cat?post=3268"},{"taxonomy":"product_tag","embeddable":true,"href":"https:\/\/dolcejewellery.com\/fr\/wp-json\/wp\/v2\/product_tag?post=3268"}],"curies":[{"name":"wp","href":"https:\/\/api.w.org\/{rel}","templated":true}]}}