{"id":3247,"date":"2025-02-01T11:15:03","date_gmt":"2025-02-01T11:15:03","guid":{"rendered":"https:\/\/dolcejewellery.com\/product\/serpents-grace-necklace\/"},"modified":"2025-11-02T11:56:09","modified_gmt":"2025-11-02T10:56:09","slug":"serpents-grace-necklace","status":"publish","type":"product","link":"https:\/\/dolcejewellery.com\/fr\/produit\/serpents-grace-necklace\/","title":{"rendered":"Collier Gr\u00e2ce du Serpent"},"content":{"rendered":"<h1><strong>Description et d\u00e9tails<\/strong><\/h1>\n<p><strong>Dolce Jewellery, Collier Gr\u00e2ce du Serpent.<\/strong><\/p>\n<p>Ajoutez une touche d&#039;\u00e9l\u00e9gance \u00e0 votre tenue avec le collier Serpent&#039;s Grace, un superbe bijou en argent sterling 925. Ce collier est orn\u00e9 d&#039;une cha\u00eene en os de serpent, d\u00e9licatement travaill\u00e9e pour un look \u00e9l\u00e9gant et captivant. Une perle baroque naturelle, d&#039;une beaut\u00e9 intemporelle, orne la cha\u00eene, sublim\u00e9e par de petites perles qui lui conf\u00e8rent une touche de charme.<\/p>\n<p>Le collier Serpent&#039;s Grace allie avec \u00e9l\u00e9gance mode et sophistication. La cha\u00eene en os de serpent symbolise la force et la r\u00e9silience, tandis que la perle baroque naturelle incarne l&#039;\u00e9l\u00e9gance et la gr\u00e2ce. L&#039;ajout de petites perles ajoute une touche de d\u00e9tail suppl\u00e9mentaire, rehaussant l&#039;esth\u00e9tique g\u00e9n\u00e9rale du collier.<\/p>\n<p>Confectionn\u00e9 avec une attention m\u00e9ticuleuse aux d\u00e9tails, le collier Serpent&#039;s Grace offre un port confortable et \u00e9l\u00e9gant. Sa longueur clavicule met en valeur votre d\u00e9collet\u00e9, ce qui en fait un choix id\u00e9al pour les occasions d\u00e9contract\u00e9es comme formelles.<\/p>\n<p>Laissez le collier Serpent&#039;s Grace de Dolce Jewellery refl\u00e9ter votre raffinement. Adoptez la simplicit\u00e9 et l&#039;\u00e9l\u00e9gance de cette cha\u00eene en os de serpent, orn\u00e9e d&#039;une perle baroque naturelle et de petites perles. Sublimez votre style et affirmez votre style avec cet \u00e9l\u00e9gant bijou de clavicule, qui sublimera votre allure avec sophistication et gr\u00e2ce.<\/p>\n<p><strong>Type de produit : <\/strong>Colliers<\/p>\n<p><strong>Nom du produit :\u00a0<\/strong>Collier Gr\u00e2ce du Serpent<\/p>\n<p><strong>Type de perle :\u00a0<\/strong>Perle baroque naturelle<\/p>\n<p><strong>Mat\u00e9riel: <\/strong>100% Argent sterling 925<\/p>\n<p><strong>Longueur: <\/strong>46 cm (18,1 pouces), la longueur de la cha\u00eene peut \u00eatre allong\u00e9e d&#039;environ 5 cm (2 pouces)<\/p>\n<p><strong>Article:\u00a0<\/strong>BKXL137<\/p>\n<p><img decoding=\"async\" src=\"https:\/\/cdn.shopify.com\/s\/files\/1\/0559\/8819\/1417\/files\/57345ddb-dfca-4e96-b7c8-2dc33cc137b0_480x480.png?v=1687027706\" alt=\"\" \/><\/p>","protected":false},"excerpt":{"rendered":"<p>Description &amp; Details Dolce Jewellery,\u00a0Serpent&#8217;s Grace Necklace. Add an element of elegance to your ensemble with the Serpent&#8217;s Grace Necklace, a stunning piece of 925 sterling silver jewellery. This necklace features a fashionable snake bone chain, delicately crafted to create a sleek and captivating look. Adorning the chain is a natural baroque pearl, exuding timeless [&#8230;]\n","protected":false},"featured_media":6363,"comment_status":"open","ping_status":"closed","template":"","meta":[],"product_brand":[],"product_cat":[36,29],"product_tag":[],"class_list":{"0":"post-3247","1":"product","2":"type-product","3":"status-publish","4":"has-post-thumbnail","6":"product_cat-necklaces","7":"product_cat-shop-all","9":"first","10":"instock","11":"shipping-taxable","12":"purchasable","13":"product-type-variable"},"_links":{"self":[{"href":"https:\/\/dolcejewellery.com\/fr\/wp-json\/wp\/v2\/product\/3247","targetHints":{"allow":["GET"]}}],"collection":[{"href":"https:\/\/dolcejewellery.com\/fr\/wp-json\/wp\/v2\/product"}],"about":[{"href":"https:\/\/dolcejewellery.com\/fr\/wp-json\/wp\/v2\/types\/product"}],"replies":[{"embeddable":true,"href":"https:\/\/dolcejewellery.com\/fr\/wp-json\/wp\/v2\/comments?post=3247"}],"wp:featuredmedia":[{"embeddable":true,"href":"https:\/\/dolcejewellery.com\/fr\/wp-json\/wp\/v2\/media\/6363"}],"wp:attachment":[{"href":"https:\/\/dolcejewellery.com\/fr\/wp-json\/wp\/v2\/media?parent=3247"}],"wp:term":[{"taxonomy":"product_brand","embeddable":true,"href":"https:\/\/dolcejewellery.com\/fr\/wp-json\/wp\/v2\/product_brand?post=3247"},{"taxonomy":"product_cat","embeddable":true,"href":"https:\/\/dolcejewellery.com\/fr\/wp-json\/wp\/v2\/product_cat?post=3247"},{"taxonomy":"product_tag","embeddable":true,"href":"https:\/\/dolcejewellery.com\/fr\/wp-json\/wp\/v2\/product_tag?post=3247"}],"curies":[{"name":"wp","href":"https:\/\/api.w.org\/{rel}","templated":true}]}}