{"id":3229,"date":"2025-02-01T11:15:02","date_gmt":"2025-02-01T11:15:02","guid":{"rendered":"https:\/\/dolcejewellery.com\/product\/round-short-hoop-earrings\/"},"modified":"2025-11-02T12:04:15","modified_gmt":"2025-11-02T11:04:15","slug":"round-short-hoop-earrings","status":"publish","type":"product","link":"https:\/\/dolcejewellery.com\/fr\/produit\/round-short-hoop-earrings\/","title":{"rendered":"Boucles d&#039;oreilles cr\u00e9oles courtes rondes"},"content":{"rendered":"<h1><strong>Description et d\u00e9tails<\/strong><\/h1>\n<p><strong>Dolce Jewellery, Boucles d&#039;oreilles cr\u00e9oles courtes rondes.<\/strong><\/p>\n<p>Ding, ding ! Votre futur vous appelle. Il est convaincu que vous avez besoin de Dolce Jewellery dans votre vie si vous voulez r\u00e9ussir. Avec ces cr\u00e9oles rondes et courtes, r\u00e9pondez \u00e0 cet appel.<\/p>\n<p>Offert en deux couleurs : Argent et Noir.<\/p>\n<p>Ces boucles d&#039;oreilles sont vendues par paire.<\/p>\n<p><strong>Type de produit :<\/strong> Boucles d&#039;oreilles cr\u00e9oles<\/p>\n<p><strong>Nom du produit :\u00a0<\/strong>Boucles d&#039;oreilles cr\u00e9oles courtes rondes<\/p>\n<p><strong>Mat\u00e9riel:\u00a0<\/strong>100% Argent sterling 925<\/p>\n<p><strong>Poids : <\/strong>0,89 g (10 mm), 1,11 g (12 mm)<\/p>\n<p><strong>Article:\u00a0<\/strong>BKEJ053<\/p>\n<p><img loading=\"lazy\" decoding=\"async\" class=\"alignnone wp-image-7641 size-full\" src=\"https:\/\/dolcejewellery.com\/wp-content\/uploads\/2025\/02\/BKEJ053.png\" alt=\"\" width=\"800\" height=\"542\" srcset=\"https:\/\/dolcejewellery.com\/wp-content\/uploads\/2025\/02\/BKEJ053.png 800w, https:\/\/dolcejewellery.com\/wp-content\/uploads\/2025\/02\/BKEJ053-300x203.png 300w, https:\/\/dolcejewellery.com\/wp-content\/uploads\/2025\/02\/BKEJ053-768x520.png 768w\" sizes=\"auto, (max-width: 800px) 100vw, 800px\" \/><\/p>","protected":false},"excerpt":{"rendered":"<p>Description &amp; Details Dolce Jewellery,\u00a0Round Short Hoop Earrings. Ring, ring! Your future self is calling. He strongly believes you need some Dolce Jewellery in your life if you want to succeed in the future. In the shape of these round short hoop earrings. You better answer that call. Offered in two colors: Silver &amp; Black. [&#8230;]\n","protected":false},"featured_media":7639,"comment_status":"open","ping_status":"closed","template":"","meta":[],"product_brand":[],"product_cat":[34,35,29],"product_tag":[27],"class_list":{"0":"post-3229","1":"product","2":"type-product","3":"status-publish","4":"has-post-thumbnail","6":"product_cat-earrings","7":"product_cat-hoop-earrings","8":"product_cat-shop-all","9":"product_tag-hoop-earrings","11":"first","12":"instock","13":"shipping-taxable","14":"purchasable","15":"product-type-variable"},"_links":{"self":[{"href":"https:\/\/dolcejewellery.com\/fr\/wp-json\/wp\/v2\/product\/3229","targetHints":{"allow":["GET"]}}],"collection":[{"href":"https:\/\/dolcejewellery.com\/fr\/wp-json\/wp\/v2\/product"}],"about":[{"href":"https:\/\/dolcejewellery.com\/fr\/wp-json\/wp\/v2\/types\/product"}],"replies":[{"embeddable":true,"href":"https:\/\/dolcejewellery.com\/fr\/wp-json\/wp\/v2\/comments?post=3229"}],"wp:featuredmedia":[{"embeddable":true,"href":"https:\/\/dolcejewellery.com\/fr\/wp-json\/wp\/v2\/media\/7639"}],"wp:attachment":[{"href":"https:\/\/dolcejewellery.com\/fr\/wp-json\/wp\/v2\/media?parent=3229"}],"wp:term":[{"taxonomy":"product_brand","embeddable":true,"href":"https:\/\/dolcejewellery.com\/fr\/wp-json\/wp\/v2\/product_brand?post=3229"},{"taxonomy":"product_cat","embeddable":true,"href":"https:\/\/dolcejewellery.com\/fr\/wp-json\/wp\/v2\/product_cat?post=3229"},{"taxonomy":"product_tag","embeddable":true,"href":"https:\/\/dolcejewellery.com\/fr\/wp-json\/wp\/v2\/product_tag?post=3229"}],"curies":[{"name":"wp","href":"https:\/\/api.w.org\/{rel}","templated":true}]}}