{"id":3218,"date":"2025-02-01T11:15:01","date_gmt":"2025-02-01T11:15:01","guid":{"rendered":"https:\/\/dolcejewellery.com\/product\/round-gloss-bead-earrings\/"},"modified":"2025-11-12T14:28:30","modified_gmt":"2025-11-12T13:28:30","slug":"round-gloss-bead-earrings","status":"publish","type":"product","link":"https:\/\/dolcejewellery.com\/fr\/produit\/round-gloss-bead-earrings\/","title":{"rendered":"Boucles d&#039;oreilles \u00e0 perles rondes brillantes"},"content":{"rendered":"<h1 data-mce-fragment=\"1\"><strong data-mce-fragment=\"1\">Description et d\u00e9tails<\/strong><\/h1>\n<p data-mce-fragment=\"1\"><strong data-mce-fragment=\"1\">Dolce Jewellery, Boucles d&#039;oreilles en perles rondes brillantes.<\/strong><\/p>\n<p>Envie de vous sentir nue sans rien qui scintille \u00e0 vos oreilles\u00a0? Ces boucles d&#039;oreilles pendantes en perles rondes brillantes de Dolce Jewellery sont parfaites pour une tenue de tous les jours et sont parfaites pour une touche raffin\u00e9e. L&#039;\u00e9l\u00e9gance en toute simplicit\u00e9.<\/p>\n<p>Offert en deux couleurs : Argent et Or.<\/p>\n<p>Ces boucles d&#039;oreilles sont vendues par paire.<\/p>\n<p data-mce-fragment=\"1\"><strong data-mce-fragment=\"1\">Type de produit :<\/strong> Boucles d&#039;oreilles pendantes<\/p>\n<p data-mce-fragment=\"1\"><strong data-mce-fragment=\"1\">Nom du produit :\u00a0<\/strong>Boucles d&#039;oreilles \u00e0 perles rondes brillantes<\/p>\n<p data-mce-fragment=\"1\"><strong data-mce-fragment=\"1\">Mat\u00e9riel:\u00a0<\/strong>100% Argent sterling 925<\/p>\n<p data-mce-fragment=\"1\"><strong>Poids: <\/strong>0,4 g<\/p>\n<p data-mce-fragment=\"1\"><strong data-mce-fragment=\"1\">Article:\u00a0<\/strong>BKEJ047<\/p>","protected":false},"excerpt":{"rendered":"<p>Description &amp; Details Dolce Jewellery, Round Gloss Bead Earrings. Feeling naked without something shimmering from your ears? These round gloss bead drop earrings from Dolce Jewellery are perfect for the everyday ensemble and just what you need for a polished touch. Easy elegance. Offered in two colors: Silver &amp; Gold. These earrings come as a [&#8230;]\n","protected":false},"featured_media":7657,"comment_status":"open","ping_status":"closed","template":"","meta":[],"product_brand":[],"product_cat":[33,34,29],"product_tag":[24],"class_list":{"0":"post-3218","1":"product","2":"type-product","3":"status-publish","4":"has-post-thumbnail","6":"product_cat-drop-earrings","7":"product_cat-earrings","8":"product_cat-shop-all","9":"product_tag-drop-earrings","11":"first","12":"instock","13":"shipping-taxable","14":"purchasable","15":"product-type-variable"},"_links":{"self":[{"href":"https:\/\/dolcejewellery.com\/fr\/wp-json\/wp\/v2\/product\/3218","targetHints":{"allow":["GET"]}}],"collection":[{"href":"https:\/\/dolcejewellery.com\/fr\/wp-json\/wp\/v2\/product"}],"about":[{"href":"https:\/\/dolcejewellery.com\/fr\/wp-json\/wp\/v2\/types\/product"}],"replies":[{"embeddable":true,"href":"https:\/\/dolcejewellery.com\/fr\/wp-json\/wp\/v2\/comments?post=3218"}],"wp:featuredmedia":[{"embeddable":true,"href":"https:\/\/dolcejewellery.com\/fr\/wp-json\/wp\/v2\/media\/7657"}],"wp:attachment":[{"href":"https:\/\/dolcejewellery.com\/fr\/wp-json\/wp\/v2\/media?parent=3218"}],"wp:term":[{"taxonomy":"product_brand","embeddable":true,"href":"https:\/\/dolcejewellery.com\/fr\/wp-json\/wp\/v2\/product_brand?post=3218"},{"taxonomy":"product_cat","embeddable":true,"href":"https:\/\/dolcejewellery.com\/fr\/wp-json\/wp\/v2\/product_cat?post=3218"},{"taxonomy":"product_tag","embeddable":true,"href":"https:\/\/dolcejewellery.com\/fr\/wp-json\/wp\/v2\/product_tag?post=3218"}],"curies":[{"name":"wp","href":"https:\/\/api.w.org\/{rel}","templated":true}]}}