{"id":3208,"date":"2025-02-01T11:15:01","date_gmt":"2025-02-01T11:15:01","guid":{"rendered":"https:\/\/dolcejewellery.com\/product\/round-crystal-zircon-ring\/"},"modified":"2025-11-12T14:19:51","modified_gmt":"2025-11-12T13:19:51","slug":"round-crystal-zircon-ring","status":"publish","type":"product","link":"https:\/\/dolcejewellery.com\/fr\/produit\/round-crystal-zircon-ring\/","title":{"rendered":"Bague ronde en cristal de zircon"},"content":{"rendered":"<h1 data-mce-fragment=\"1\"><strong data-mce-fragment=\"1\">Description et d\u00e9tails<\/strong><\/h1>\n<p data-mce-fragment=\"1\"><strong data-mce-fragment=\"1\">Dolce Jewellery,\u00a0<span data-mce-fragment=\"1\">Bague ronde en cristal de zircon.<\/span><\/strong><\/p>\n<p>Si vous l&#039;aimez, vous auriez d\u00fb lui mettre une bague. Offrez-vous cette bague ronde en cristal de zircon de Dolce Jewellery qui apportera une touche d&#039;\u00e9l\u00e9gance et de sobri\u00e9t\u00e9 \u00e0 vos tenues du quotidien. Parfois, la simplicit\u00e9 est essentielle.<\/p>\n<p>Propos\u00e9 dans une seule couleur : Argent, mais diff\u00e9rentes couleurs de pierres pr\u00e9cieuses : Noir et Rose.<\/p>\n<p data-mce-fragment=\"1\"><strong data-mce-fragment=\"1\">Type de produit :\u00a0<\/strong>Bagues<\/p>\n<p data-mce-fragment=\"1\"><strong data-mce-fragment=\"1\">Nom du produit :\u00a0<\/strong>Bague ronde en cristal de zircon<\/p>\n<p data-mce-fragment=\"1\"><span data-mce-fragment=\"1\"><strong data-mce-fragment=\"1\">Pierre: <\/strong><\/span><span data-mce-fragment=\"1\">Zircon <\/span><\/p>\n<p data-mce-fragment=\"1\"><strong data-mce-fragment=\"1\">Mat\u00e9riel:\u00a0<\/strong>100% Argent sterling 925<\/p>\n<p data-mce-fragment=\"1\"><strong data-mce-fragment=\"1\">Article:\u00a0<\/strong>BKJZ054<\/p>","protected":false},"excerpt":{"rendered":"<p>Description &amp; Details Dolce Jewellery,\u00a0Round Crystal Zircon Ring. If you like it then you should&#8217;ve put a ring on it. Treat yourself to this round crystal zircon\u00a0ring from Dolce Jewellery that will add an elegant yet understated feel to your everyday looks. Sometimes less really is more. Offered only in one color: Silver, but different [&#8230;]\n","protected":false},"featured_media":7139,"comment_status":"open","ping_status":"closed","template":"","meta":[],"product_brand":[],"product_cat":[37,29],"product_tag":[],"class_list":{"0":"post-3208","1":"product","2":"type-product","3":"status-publish","4":"has-post-thumbnail","6":"product_cat-rings","7":"product_cat-shop-all","9":"first","10":"instock","11":"shipping-taxable","12":"purchasable","13":"product-type-variable"},"_links":{"self":[{"href":"https:\/\/dolcejewellery.com\/fr\/wp-json\/wp\/v2\/product\/3208","targetHints":{"allow":["GET"]}}],"collection":[{"href":"https:\/\/dolcejewellery.com\/fr\/wp-json\/wp\/v2\/product"}],"about":[{"href":"https:\/\/dolcejewellery.com\/fr\/wp-json\/wp\/v2\/types\/product"}],"replies":[{"embeddable":true,"href":"https:\/\/dolcejewellery.com\/fr\/wp-json\/wp\/v2\/comments?post=3208"}],"wp:featuredmedia":[{"embeddable":true,"href":"https:\/\/dolcejewellery.com\/fr\/wp-json\/wp\/v2\/media\/7139"}],"wp:attachment":[{"href":"https:\/\/dolcejewellery.com\/fr\/wp-json\/wp\/v2\/media?parent=3208"}],"wp:term":[{"taxonomy":"product_brand","embeddable":true,"href":"https:\/\/dolcejewellery.com\/fr\/wp-json\/wp\/v2\/product_brand?post=3208"},{"taxonomy":"product_cat","embeddable":true,"href":"https:\/\/dolcejewellery.com\/fr\/wp-json\/wp\/v2\/product_cat?post=3208"},{"taxonomy":"product_tag","embeddable":true,"href":"https:\/\/dolcejewellery.com\/fr\/wp-json\/wp\/v2\/product_tag?post=3208"}],"curies":[{"name":"wp","href":"https:\/\/api.w.org\/{rel}","templated":true}]}}