{"id":3205,"date":"2025-02-01T11:15:00","date_gmt":"2025-02-01T11:15:00","guid":{"rendered":"https:\/\/dolcejewellery.com\/product\/rotating-star-earrings\/"},"modified":"2025-11-12T14:37:13","modified_gmt":"2025-11-12T13:37:13","slug":"rotating-star-earrings","status":"publish","type":"product","link":"https:\/\/dolcejewellery.com\/fr\/produit\/rotating-star-earrings\/","title":{"rendered":"Boucles d&#039;oreilles \u00e9toiles tournantes"},"content":{"rendered":"<h1 data-mce-fragment=\"1\"><strong data-mce-fragment=\"1\">Description et d\u00e9tails<\/strong><\/h1>\n<p data-mce-fragment=\"1\"><strong data-mce-fragment=\"1\">Dolce Jewellery, Boucles d&#039;oreilles \u00c9toiles Tournantes.<\/strong><\/p>\n<p>Pas besoin de surligneur. Il vous suffit de ces boucles d&#039;oreilles \u00e9toiles rotatives de Dolce Jewellery. Un \u00e9clat instantan\u00e9 pour la vie.<\/p>\n<p>Disponible en deux couleurs : Argent et Or Rose.<\/p>\n<p>Ces boucles d&#039;oreilles sont vendues par paire.<\/p>\n<p data-mce-fragment=\"1\"><strong data-mce-fragment=\"1\">Type de produit :<\/strong> Boucles d&#039;oreilles \u00e0 tige<\/p>\n<p data-mce-fragment=\"1\"><strong data-mce-fragment=\"1\">Nom du produit :\u00a0<\/strong>Boucles d&#039;oreilles \u00e9toiles tournantes<\/p>\n<p data-mce-fragment=\"1\"><strong data-mce-fragment=\"1\">Mat\u00e9riel:\u00a0<\/strong>100% Argent sterling 925<\/p>\n<p data-mce-fragment=\"1\"><strong>Poids:\u00a0<\/strong>0,79 g<\/p>\n<p data-mce-fragment=\"1\"><strong data-mce-fragment=\"1\">Article:\u00a0<\/strong>BKEJ055<\/p>","protected":false},"excerpt":{"rendered":"<p>Description &amp; Details Dolce Jewellery, Rotating Star Earrings. You don&#8217;t need a highlighter. All you need is these rotating star earrings from Dolce Jewellery. Instant glow for life. Available in two colors: Silver &amp; Rose Gold. These earrings come as a pair. Product Type: Stud Earrings Product Name:\u00a0Rotating Star Earrings Material:\u00a0100% 925 Sterling Silver Weight:\u00a00.79g [&#8230;]\n","protected":false},"featured_media":7658,"comment_status":"open","ping_status":"closed","template":"","meta":[],"product_brand":[],"product_cat":[34,29,38],"product_tag":[25],"class_list":{"0":"post-3205","1":"product","2":"type-product","3":"status-publish","4":"has-post-thumbnail","6":"product_cat-earrings","7":"product_cat-shop-all","8":"product_cat-stud-earrings","9":"product_tag-stud-earrings","11":"first","12":"instock","13":"shipping-taxable","14":"purchasable","15":"product-type-variable"},"_links":{"self":[{"href":"https:\/\/dolcejewellery.com\/fr\/wp-json\/wp\/v2\/product\/3205","targetHints":{"allow":["GET"]}}],"collection":[{"href":"https:\/\/dolcejewellery.com\/fr\/wp-json\/wp\/v2\/product"}],"about":[{"href":"https:\/\/dolcejewellery.com\/fr\/wp-json\/wp\/v2\/types\/product"}],"replies":[{"embeddable":true,"href":"https:\/\/dolcejewellery.com\/fr\/wp-json\/wp\/v2\/comments?post=3205"}],"wp:featuredmedia":[{"embeddable":true,"href":"https:\/\/dolcejewellery.com\/fr\/wp-json\/wp\/v2\/media\/7658"}],"wp:attachment":[{"href":"https:\/\/dolcejewellery.com\/fr\/wp-json\/wp\/v2\/media?parent=3205"}],"wp:term":[{"taxonomy":"product_brand","embeddable":true,"href":"https:\/\/dolcejewellery.com\/fr\/wp-json\/wp\/v2\/product_brand?post=3205"},{"taxonomy":"product_cat","embeddable":true,"href":"https:\/\/dolcejewellery.com\/fr\/wp-json\/wp\/v2\/product_cat?post=3205"},{"taxonomy":"product_tag","embeddable":true,"href":"https:\/\/dolcejewellery.com\/fr\/wp-json\/wp\/v2\/product_tag?post=3205"}],"curies":[{"name":"wp","href":"https:\/\/api.w.org\/{rel}","templated":true}]}}