{"id":3198,"date":"2025-02-01T11:15:00","date_gmt":"2025-02-01T11:15:00","guid":{"rendered":"https:\/\/dolcejewellery.com\/product\/rose-thorn-gold-ring\/"},"modified":"2025-11-12T14:33:23","modified_gmt":"2025-11-12T13:33:23","slug":"rose-thorn-gold-ring","status":"publish","type":"product","link":"https:\/\/dolcejewellery.com\/fr\/produit\/rose-thorn-gold-ring\/","title":{"rendered":"Bague en or \u00e9pine de rose"},"content":{"rendered":"<h1><strong>Description et d\u00e9tails<\/strong><\/h1>\n<p><strong>Dolce Jewellery, Bague en or \u00e9pine de rose.<\/strong><\/p>\n<p>Admirez la beaut\u00e9 et l&#039;\u00e9l\u00e9gance des roses avec notre exquise bague en or Rose Thorn. Confectionn\u00e9e en argent sterling 925 v\u00e9ritable, cette bague arbore un design unique qui capture l&#039;essence m\u00eame des d\u00e9licates \u00e9pines de rose. Sa pi\u00e8ce ma\u00eetresse met en valeur les d\u00e9tails complexes des \u00e9pines de rose, magnifiquement orn\u00e9es de zircons roses symbolisant la beaut\u00e9 envo\u00fbtante des roses en fleurs.<\/p>\n<p>L&#039;association du motif \u00e9pine de rose et des zircons roses scintillants cr\u00e9e un contraste envo\u00fbtant, ajoutant une touche de sophistication et de charme \u00e0 la bague. L&#039;anneau en argent sterling est poli \u00e0 la perfection, rehaussant l&#039;\u00e9l\u00e9gance et la durabilit\u00e9 de la pi\u00e8ce.<\/p>\n<p>Chaque zircon rose est soigneusement serti pour un \u00e9clat maximal, refl\u00e9tant la lumi\u00e8re \u00e0 chaque mouvement de la main. Sa subtile teinte rose apporte une touche de f\u00e9minit\u00e9 et de romantisme \u00e0 cette bague, id\u00e9ale pour les grandes occasions ou comme bijou de tous les jours.<\/p>\n<p>La bague en or Rose Thorn est con\u00e7ue pour \u00eatre confortable \u00e0 porter, avec un anneau lisse et \u00e9l\u00e9gant qui s&#039;enroule naturellement autour de votre doigt. Elle rappelle la beaut\u00e9 et la r\u00e9silience des roses, ainsi que la force qui se cache dans leur apparence d\u00e9licate.<\/p>\n<p>Laissez-vous s\u00e9duire par la beaut\u00e9 intemporelle des roses avec la bague en or Rose Thorn de Dolce Jewellery. Les zircons roses et le motif complexe de l&#039;\u00e9pine de rose orneront votre doigt, ajoutant une touche d&#039;\u00e9l\u00e9gance et de f\u00e9minit\u00e9 \u00e0 votre collection de bijoux.<\/p>\n<p><strong>Type de produit :\u00a0<\/strong>Bagues<\/p>\n<p><strong>Nom du produit :\u00a0<\/strong>Bague en or \u00e9pine de rose<\/p>\n<p><strong>Pierre: <\/strong>Zircon<\/p>\n<p><strong>Mat\u00e9riel:\u00a0<\/strong>100% Argent sterling 925<\/p>\n<p><strong>Article:\u00a0<\/strong>BKJZ189<\/p>\n<p><img loading=\"lazy\" decoding=\"async\" class=\"alignnone wp-image-7147 size-full\" src=\"https:\/\/dolcejewellery.com\/wp-content\/uploads\/2025\/02\/9315391371_334617663.jpg\" alt=\"\" width=\"800\" height=\"800\" srcset=\"https:\/\/dolcejewellery.com\/wp-content\/uploads\/2025\/02\/9315391371_334617663.jpg 800w, https:\/\/dolcejewellery.com\/wp-content\/uploads\/2025\/02\/9315391371_334617663-300x300.jpg 300w, https:\/\/dolcejewellery.com\/wp-content\/uploads\/2025\/02\/9315391371_334617663-150x150.jpg 150w, https:\/\/dolcejewellery.com\/wp-content\/uploads\/2025\/02\/9315391371_334617663-768x768.jpg 768w, https:\/\/dolcejewellery.com\/wp-content\/uploads\/2025\/02\/9315391371_334617663-600x600.jpg 600w, https:\/\/dolcejewellery.com\/wp-content\/uploads\/2025\/02\/9315391371_334617663-100x100.jpg 100w\" sizes=\"auto, (max-width: 800px) 100vw, 800px\" \/><\/p>","protected":false},"excerpt":{"rendered":"<p>Description &amp; Details Dolce Jewellery,\u00a0Rose Thorn Gold Ring. Embrace the beauty and elegance of roses with our exquisite Rose Thorn Gold Ring. Crafted from genuine 925 sterling silver, this ring features a unique design that captures the essence of delicate rose thorns. The centerpiece of the ring showcases intricate details of rose thorns, beautifully adorned [&#8230;]\n","protected":false},"featured_media":7151,"comment_status":"open","ping_status":"closed","template":"","meta":[],"product_brand":[],"product_cat":[37,29],"product_tag":[],"class_list":{"0":"post-3198","1":"product","2":"type-product","3":"status-publish","4":"has-post-thumbnail","6":"product_cat-rings","7":"product_cat-shop-all","9":"first","10":"instock","11":"shipping-taxable","12":"purchasable","13":"product-type-variable"},"_links":{"self":[{"href":"https:\/\/dolcejewellery.com\/fr\/wp-json\/wp\/v2\/product\/3198","targetHints":{"allow":["GET"]}}],"collection":[{"href":"https:\/\/dolcejewellery.com\/fr\/wp-json\/wp\/v2\/product"}],"about":[{"href":"https:\/\/dolcejewellery.com\/fr\/wp-json\/wp\/v2\/types\/product"}],"replies":[{"embeddable":true,"href":"https:\/\/dolcejewellery.com\/fr\/wp-json\/wp\/v2\/comments?post=3198"}],"wp:featuredmedia":[{"embeddable":true,"href":"https:\/\/dolcejewellery.com\/fr\/wp-json\/wp\/v2\/media\/7151"}],"wp:attachment":[{"href":"https:\/\/dolcejewellery.com\/fr\/wp-json\/wp\/v2\/media?parent=3198"}],"wp:term":[{"taxonomy":"product_brand","embeddable":true,"href":"https:\/\/dolcejewellery.com\/fr\/wp-json\/wp\/v2\/product_brand?post=3198"},{"taxonomy":"product_cat","embeddable":true,"href":"https:\/\/dolcejewellery.com\/fr\/wp-json\/wp\/v2\/product_cat?post=3198"},{"taxonomy":"product_tag","embeddable":true,"href":"https:\/\/dolcejewellery.com\/fr\/wp-json\/wp\/v2\/product_tag?post=3198"}],"curies":[{"name":"wp","href":"https:\/\/api.w.org\/{rel}","templated":true}]}}