{"id":3193,"date":"2025-02-01T11:15:00","date_gmt":"2025-02-01T11:15:00","guid":{"rendered":"https:\/\/dolcejewellery.com\/product\/romantic-love-necklace\/"},"modified":"2025-11-12T14:42:27","modified_gmt":"2025-11-12T13:42:27","slug":"romantic-love-necklace","status":"publish","type":"product","link":"https:\/\/dolcejewellery.com\/fr\/produit\/romantic-love-necklace\/","title":{"rendered":"Collier d&#039;amour romantique"},"content":{"rendered":"<h1><strong>Description et d\u00e9tails<\/strong><\/h1>\n<p><strong>Dolce Jewellery, Collier d&#039;amour romantique.<\/strong><\/p>\n<p>Ce collier romantique Dolce Jewellery est fait pour les romantiques. En argent sterling, il est orn\u00e9 d&#039;un pendentif en forme de c\u0153ur. Ins\u00e9rez l&#039;\u00e9moji c\u0153ur ici.<\/p>\n<p>Offert en deux couleurs : Argent et Or.<\/p>\n<p><strong>Type de produit : <\/strong>Colliers<\/p>\n<p><strong>Nom du produit :\u00a0<\/strong>Collier d&#039;amour romantique<\/p>\n<p><strong>Mat\u00e9riel: <\/strong>100% Argent sterling 925<\/p>\n<p><strong>Longueur: <\/strong>41 cm (16,1 pouces), la longueur de la cha\u00eene peut \u00eatre allong\u00e9e d&#039;environ 3,5 cm (1,4 pouces)<\/p>\n<p><strong>Article:\u00a0<\/strong>BKXL094<\/p>\n<p><img decoding=\"async\" src=\"https:\/\/cdn.shopify.com\/s\/files\/1\/0559\/8819\/1417\/files\/1efb9429-1904-4cfd-b1a4-a01d6c1ea571_480x480.png?v=1628425285\" alt=\"\" \/><\/p>","protected":false},"excerpt":{"rendered":"<p>Description &amp; Details Dolce Jewellery, Romantic Love Necklace. This Dolce Jewellery romantic love necklace is for the romantics out there. Cast from sterling silver, it&#8217;s stung with a heart-shaped pendant. Insert love heart emoji here. Offered in two colors: Silver &amp; Gold. Product Type: Necklaces Product Name:\u00a0Romantic Love Necklace Material: 100% 925 Sterling Silver Length: [&#8230;]\n","protected":false},"featured_media":6366,"comment_status":"open","ping_status":"closed","template":"","meta":[],"product_brand":[],"product_cat":[36,29],"product_tag":[],"class_list":{"0":"post-3193","1":"product","2":"type-product","3":"status-publish","4":"has-post-thumbnail","6":"product_cat-necklaces","7":"product_cat-shop-all","9":"first","10":"instock","11":"shipping-taxable","12":"purchasable","13":"product-type-variable"},"_links":{"self":[{"href":"https:\/\/dolcejewellery.com\/fr\/wp-json\/wp\/v2\/product\/3193","targetHints":{"allow":["GET"]}}],"collection":[{"href":"https:\/\/dolcejewellery.com\/fr\/wp-json\/wp\/v2\/product"}],"about":[{"href":"https:\/\/dolcejewellery.com\/fr\/wp-json\/wp\/v2\/types\/product"}],"replies":[{"embeddable":true,"href":"https:\/\/dolcejewellery.com\/fr\/wp-json\/wp\/v2\/comments?post=3193"}],"wp:featuredmedia":[{"embeddable":true,"href":"https:\/\/dolcejewellery.com\/fr\/wp-json\/wp\/v2\/media\/6366"}],"wp:attachment":[{"href":"https:\/\/dolcejewellery.com\/fr\/wp-json\/wp\/v2\/media?parent=3193"}],"wp:term":[{"taxonomy":"product_brand","embeddable":true,"href":"https:\/\/dolcejewellery.com\/fr\/wp-json\/wp\/v2\/product_brand?post=3193"},{"taxonomy":"product_cat","embeddable":true,"href":"https:\/\/dolcejewellery.com\/fr\/wp-json\/wp\/v2\/product_cat?post=3193"},{"taxonomy":"product_tag","embeddable":true,"href":"https:\/\/dolcejewellery.com\/fr\/wp-json\/wp\/v2\/product_tag?post=3193"}],"curies":[{"name":"wp","href":"https:\/\/api.w.org\/{rel}","templated":true}]}}