{"id":3190,"date":"2025-02-01T11:14:59","date_gmt":"2025-02-01T11:14:59","guid":{"rendered":"https:\/\/dolcejewellery.com\/product\/romantic-flutter-necklace\/"},"modified":"2025-11-12T14:40:13","modified_gmt":"2025-11-12T13:40:13","slug":"romantic-flutter-necklace","status":"publish","type":"product","link":"https:\/\/dolcejewellery.com\/fr\/produit\/romantic-flutter-necklace\/","title":{"rendered":"Collier romantique flottant"},"content":{"rendered":"<h1><strong>Description et d\u00e9tails<\/strong><\/h1>\n<p><strong>Dolce Jewellery, Collier romantique flottant.<\/strong><\/p>\n<p>Laissez-vous s\u00e9duire par la beaut\u00e9 envo\u00fbtante du collier Romantic Flutter, un bijou de mariage et de mode luxueux et captivant. Confectionn\u00e9 en argent sterling 925 de haute qualit\u00e9, ce collier est dot\u00e9 d&#039;une double cha\u00eene, chaque cha\u00eene affichant son propre pendentif unique.<\/p>\n<p>La cha\u00eene plus grande est orn\u00e9e d&#039;un pendentif papillon envo\u00fbtant, orn\u00e9 de zircons scintillants. Les d\u00e9tails d\u00e9licats du papillon lui conf\u00e8rent un charme gracieux et romantique, capturant l&#039;essence m\u00eame de l&#039;\u00e9l\u00e9gance et de la beaut\u00e9.<\/p>\n<p>La petite cha\u00eene est orn\u00e9e d&#039;un pendentif fleur simple mais charmant, ajoutant une touche de d\u00e9licatesse et de f\u00e9minit\u00e9 au collier. Son design subtil rehausse l&#039;esth\u00e9tique g\u00e9n\u00e9rale et compl\u00e8te parfaitement le pendentif papillon.<\/p>\n<p>Le collier Romantic Flutter est con\u00e7u pour faire sensation. Il d\u00e9gage une impression de luxe et de sophistication, ce qui en fait l&#039;accessoire id\u00e9al pour les mariages, les occasions sp\u00e9ciales ou pour ajouter une touche d&#039;\u00e9l\u00e9gance \u00e0 votre tenue quotidienne.<\/p>\n<p>Sublimez votre collection de bijoux avec le collier Romantic Flutter de Dolce Jewellery. Confectionn\u00e9 avec une attention m\u00e9ticuleuse aux d\u00e9tails, il symbolise l&#039;amour, la beaut\u00e9 et un style avant-gardiste. Refl\u00e9tant votre personnalit\u00e9 unique, il apportera une touche de romantisme \u00e0 votre tenue de mariage ou \u00e0 toute autre pi\u00e8ce de mode de votre choix.<\/p>\n<p><strong>Type de produit : <\/strong>Colliers<\/p>\n<p><strong>Nom du produit :\u00a0<\/strong>Collier romantique flottant<\/p>\n<p><strong>Pierre: <\/strong>Zircon<\/p>\n<p><strong>Mat\u00e9riel: <\/strong>100% Argent sterling 925<\/p>\n<p><strong>Longueur: <\/strong>39 cm (15,3 pouces), la longueur de la cha\u00eene peut \u00eatre allong\u00e9e d&#039;environ 3 cm (1,2 pouces)<\/p>\n<p><strong>Article:\u00a0<\/strong>BKXL152<\/p>\n<p><img decoding=\"async\" src=\"https:\/\/cdn.shopify.com\/s\/files\/1\/0559\/8819\/1417\/files\/539a9f14-fe14-497c-a8d6-14b39fbc14cc_4939cc0e-7df8-4948-a739-410b0a763048_480x480.png?v=1689517598\" alt=\"\" \/><\/p>","protected":false},"excerpt":{"rendered":"<p>Description &amp; Details Dolce Jewellery,\u00a0Romantic Flutter Necklace. Fall in love with the enchanting beauty of the Romantic Flutter Necklace, a luxurious and captivating piece of wedding and fashion jewellery. Crafted from high-quality 925 sterling silver, this necklace features a double chain design, with each chain showcasing its own unique pendant. The larger chain is adorned [&#8230;]\n","protected":false},"featured_media":6375,"comment_status":"open","ping_status":"closed","template":"","meta":[],"product_brand":[],"product_cat":[36,29],"product_tag":[],"class_list":{"0":"post-3190","1":"product","2":"type-product","3":"status-publish","4":"has-post-thumbnail","6":"product_cat-necklaces","7":"product_cat-shop-all","9":"first","10":"instock","11":"shipping-taxable","12":"purchasable","13":"product-type-variable"},"_links":{"self":[{"href":"https:\/\/dolcejewellery.com\/fr\/wp-json\/wp\/v2\/product\/3190","targetHints":{"allow":["GET"]}}],"collection":[{"href":"https:\/\/dolcejewellery.com\/fr\/wp-json\/wp\/v2\/product"}],"about":[{"href":"https:\/\/dolcejewellery.com\/fr\/wp-json\/wp\/v2\/types\/product"}],"replies":[{"embeddable":true,"href":"https:\/\/dolcejewellery.com\/fr\/wp-json\/wp\/v2\/comments?post=3190"}],"wp:featuredmedia":[{"embeddable":true,"href":"https:\/\/dolcejewellery.com\/fr\/wp-json\/wp\/v2\/media\/6375"}],"wp:attachment":[{"href":"https:\/\/dolcejewellery.com\/fr\/wp-json\/wp\/v2\/media?parent=3190"}],"wp:term":[{"taxonomy":"product_brand","embeddable":true,"href":"https:\/\/dolcejewellery.com\/fr\/wp-json\/wp\/v2\/product_brand?post=3190"},{"taxonomy":"product_cat","embeddable":true,"href":"https:\/\/dolcejewellery.com\/fr\/wp-json\/wp\/v2\/product_cat?post=3190"},{"taxonomy":"product_tag","embeddable":true,"href":"https:\/\/dolcejewellery.com\/fr\/wp-json\/wp\/v2\/product_tag?post=3190"}],"curies":[{"name":"wp","href":"https:\/\/api.w.org\/{rel}","templated":true}]}}